{"id":15074,"date":"2026-02-11T00:09:55","date_gmt":"2026-02-11T00:09:55","guid":{"rendered":"https:\/\/horasan.dijitalpiksel.com\/?page_id=15074"},"modified":"2026-02-11T00:13:53","modified_gmt":"2026-02-11T00:13:53","slug":"egitim-faaliyetleri","status":"publish","type":"page","link":"https:\/\/horasan.dijitalpiksel.com\/?page_id=15074","title":{"rendered":"Madagaskar"},"content":{"rendered":"\t\t<div data-elementor-type=\"wp-page\" data-elementor-id=\"15074\" class=\"elementor elementor-15074\">\n\t\t\t\t\t\t<section class=\"elementor-section elementor-top-section elementor-element elementor-element-df26b5c elementor-section-stretched elementor-section-content-middle elementor-section-boxed elementor-section-height-default elementor-section-height-default\" data-id=\"df26b5c\" data-element_type=\"section\" data-settings=\"{&quot;stretch_section&quot;:&quot;section-stretched&quot;,&quot;background_background&quot;:&quot;classic&quot;}\">\n\t\t\t\t\t\t\t<div class=\"elementor-background-overlay\"><\/div>\n\t\t\t\t\t\t\t<div class=\"elementor-container elementor-column-gap-default\">\n\t\t\t\t\t<div class=\"elementor-column elementor-col-100 elementor-top-column elementor-element elementor-element-20558a88\" data-id=\"20558a88\" data-element_type=\"column\">\n\t\t\t<div class=\"elementor-widget-wrap elementor-element-populated\">\n\t\t\t\t\t\t<div class=\"elementor-element elementor-element-45cdbdb8 elementor-widget elementor-widget-heading\" data-id=\"45cdbdb8\" data-element_type=\"widget\" data-widget_type=\"heading.default\">\n\t\t\t\t\t<h1 class=\"elementor-heading-title elementor-size-default\">Madagaskar Faaliyetlerimiz<\/h1>\t\t\t\t<\/div>\n\t\t\t\t\t<\/div>\n\t\t<\/div>\n\t\t\t\t\t<\/div>\n\t\t<\/section>\n\t\t\t\t<section class=\"elementor-section elementor-top-section elementor-element elementor-element-2bfe03a5 elementor-section-stretched elementor-section-boxed elementor-section-height-default elementor-section-height-default\" data-id=\"2bfe03a5\" data-element_type=\"section\" data-settings=\"{&quot;stretch_section&quot;:&quot;section-stretched&quot;,&quot;background_background&quot;:&quot;classic&quot;}\">\n\t\t\t\t\t\t<div class=\"elementor-container elementor-column-gap-default\">\n\t\t\t\t\t<div class=\"elementor-column elementor-col-100 elementor-top-column elementor-element elementor-element-623633c1\" data-id=\"623633c1\" data-element_type=\"column\">\n\t\t\t<div class=\"elementor-widget-wrap elementor-element-populated\">\n\t\t\t\t\t\t<div class=\"elementor-element elementor-element-07dac24 elementor-widget elementor-widget-text-editor\" data-id=\"07dac24\" data-element_type=\"widget\" data-widget_type=\"text-editor.default\">\n\t\t\t\t\t\t\t\t\t<h3><a name=\"_Toc174710777\"><\/a><\/h3><p><strong>\u201c\u0130yilik Da\u011f\u0131tm\u0131yoruz, Kalpleri Aya\u011fa Kald\u0131r\u0131yoruz.\u201d<\/strong><\/p><p>Madagaskar\u2019daki mevcut \u00e7al\u0131\u015fmalar\u0131m\u0131z; ge\u00e7ici yard\u0131mlar de\u011fil, insan\u0131 merkeze alan bir ihya hareketidir. Her faaliyetimiz; onur koruyan, \u015fahsiyet in\u015fa eden ve toplumsal dengeyi g\u00fc\u00e7lendiren bir anlay\u0131\u015fla y\u00fcr\u00fct\u00fclmektedir.<\/p><p><strong>\ud83c\udf0d MODEL\u0130M\u0130Z<\/strong><\/p><p>\u00dcretim<br \/>\u2192 Sosyal Hizmet<br \/>\u2192 E\u011fitim<br \/>\u2192 Manevi \u0130n\u015fa<br \/>\u2192 Yeniden \u00dcretim<\/p><p>Bu, bir yard\u0131m zinciri de\u011fil; kendi kendini besleyen bir kalk\u0131nma sistemidir.<\/p><p>Bizim hedefimiz:<\/p><p>Yard\u0131ma ba\u011f\u0131ml\u0131 bir topluluk de\u011fil,<br \/>\u00fcreten, \u00f6\u011frenen, \u00f6\u011freten ve istikamet sahibi bir toplum in\u015fa etmektir.<\/p><h5><strong>Seyyit Abd\u00fcrrahim Reyhan Mescidi<\/strong><\/h5><p><strong>\u201cBir Mescit, Bir Toplumun Kalbidir.\u201d<\/strong><\/p><p>Seyyit Abd\u00fcrrahim Reyhan Mescidi, sahadaki \u00e7al\u0131\u015fmalar\u0131m\u0131z\u0131n merkezidir. Bu mescit yaln\u0131zca namaz k\u0131l\u0131nan bir yap\u0131 de\u011fil; e\u011fitim, isti\u015fare, dayan\u0131\u015fma ve bilin\u00e7 merkezidir.<\/p><p>Burada:<\/p><ul><li>G\u00fcnl\u00fck ibadetler d\u00fczenli olarak icra edilir.<\/li><li>Cuma bulu\u015fmalar\u0131yla toplumsal birlik g\u00fc\u00e7lendirilir.<\/li><li>E\u011fitim faaliyetleri organize edilir.<\/li><li>Yard\u0131m \u00e7al\u0131\u015fmalar\u0131 buradan koordine edilir.<\/li><\/ul><p>Bu mek\u00e2n, ibadetin \u00f6tesinde bir dirili\u015f oca\u011f\u0131d\u0131r.<\/p><h5><strong>Kur\u2019an-\u0131 Kerim ve temel dini bilgiler e\u011fitimi<\/strong><\/h5><p><strong>\u201cHarf \u00d6\u011fretmiyoruz, \u0130stikamet Kazand\u0131r\u0131yoruz.\u201d<\/strong><\/p><p>Hafta sonu e\u011fitim programlar\u0131m\u0131zda 40\u2019\u0131n \u00fczerinde \u00f6\u011frenci Kur\u2019an-\u0131 Kerim ve temel dini bilgiler e\u011fitimi almaktad\u0131r.<\/p><p>E\u011fitim yakla\u015f\u0131m\u0131m\u0131z:<\/p><ul><li>Bilgi ile ahlak\u0131 birle\u015ftirmek,<\/li><li>Kimlik bilinci olu\u015fturmak,<\/li><li>\u00dcmmet \u015fuurunu g\u00fc\u00e7lendirmek,<\/li><li>\u00c7al\u0131\u015fkan ve \u00fcretken bireyler yeti\u015ftirmek<\/li><\/ul><p>esas\u0131na dayan\u0131r.<\/p><p>\u00c7\u00fcnk\u00fc biz e\u011fitimi yaln\u0131zca akademik bir s\u00fcre\u00e7 de\u011fil, kader in\u015fas\u0131 olarak g\u00f6r\u00fcyoruz.<\/p><h5><strong>Yetim destek program\u0131m\u0131z <\/strong><\/h5><p><strong>\u201cYetim Emanettir.\u201d<\/strong><\/p><p>Yetim destek program\u0131m\u0131z kapsam\u0131nda:<\/p><ul><li>\u00d6\u011frencilere d\u00fczenli burs sa\u011flanmakta,<\/li><li>E\u011fitim giderlerine katk\u0131 sunulmakta,<\/li><li>Temel ihtiya\u00e7lar\u0131 kar\u015f\u0131lanmaktad\u0131r.<\/li><\/ul><p>Bu destek, bir yard\u0131m de\u011fil; bir emanete sahip \u00e7\u0131kma sorumlulu\u011fudur.<\/p><h5><strong>D\u00fczenli g\u0131da yard\u0131mlar\u0131<\/strong><\/h5><p><strong>\u201cSofra A\u00e7\u0131yoruz, Karde\u015flik B\u00fcy\u00fct\u00fcyoruz.\u201d<\/strong><\/p><p>Her Cuma ihtiya\u00e7 sahiplerine s\u0131cak yemek ula\u015ft\u0131r\u0131lmaktad\u0131r. D\u00fczenli g\u0131da yard\u0131mlar\u0131 ile ailelerin temel ihtiya\u00e7lar\u0131 kar\u015f\u0131lanmaktad\u0131r.<\/p><p>Ramazan ay\u0131 boyunca:<\/p><ul><li>G\u00fcnl\u00fck iftar organizasyonlar\u0131,<\/li><li>Ramazan kolileri,<\/li><li>Fitre ve sadaka da\u011f\u0131t\u0131mlar\u0131,<\/li><li>Bayraml\u0131k hediye programlar\u0131<\/li><\/ul><p>ger\u00e7ekle\u015ftirilmektedir.<\/p><p>Bu faaliyetler, sadece ia\u015fe temini de\u011fil; kalpler aras\u0131nda k\u00f6pr\u00fc kurma gayretidir.<\/p><h5><strong>Kurban Bayram\u0131 organizasyonlar\u0131<\/strong><\/h5><p><strong>\u201cKurban, Payla\u015fman\u0131n \u0130badetidir.\u201d<\/strong><\/p><p>Kurban Bayram\u0131 organizasyonlar\u0131m\u0131z kapsam\u0131nda kesimler ger\u00e7ekle\u015ftirilmekte ve etler do\u011frudan ihtiya\u00e7 sahiplerine ula\u015ft\u0131r\u0131lmaktad\u0131r.<\/p><p>Bu \u00e7al\u0131\u015fmalar; payla\u015fma bilincini g\u00fc\u00e7lendiren, toplumsal dayan\u0131\u015fmay\u0131 diri tutan bir ibadet anlay\u0131\u015f\u0131n\u0131n yans\u0131mas\u0131d\u0131r.<\/p>\t\t\t\t\t\t\t\t<\/div>\n\t\t\t\t\t<\/div>\n\t\t<\/div>\n\t\t\t\t\t<\/div>\n\t\t<\/section>\n\t\t\t\t<\/div>\n\t\t","protected":false},"excerpt":{"rendered":"<p>Madagaskar Faaliyetlerimiz \u201c\u0130yilik Da\u011f\u0131tm\u0131yoruz, Kalpleri Aya\u011fa Kald\u0131r\u0131yoruz.\u201d Madagaskar\u2019daki mevcut \u00e7al\u0131\u015fmalar\u0131m\u0131z; ge\u00e7ici yard\u0131mlar de\u011fil, insan\u0131 merkeze alan bir ihya hareketidir. Her faaliyetimiz; onur koruyan, \u015fahsiyet in\u015fa eden ve toplumsal dengeyi g\u00fc\u00e7lendiren [&hellip;]<\/p>\n","protected":false},"author":1,"featured_media":0,"parent":0,"menu_order":0,"comment_status":"closed","ping_status":"closed","template":"","meta":{"give_campaign_id":0,"footnotes":""},"class_list":["post-15074","page","type-page","status-publish","hentry"],"campaignId":"","_links":{"self":[{"href":"https:\/\/horasan.dijitalpiksel.com\/index.php?rest_route=\/wp\/v2\/pages\/15074","targetHints":{"allow":["GET"]}}],"collection":[{"href":"https:\/\/horasan.dijitalpiksel.com\/index.php?rest_route=\/wp\/v2\/pages"}],"about":[{"href":"https:\/\/horasan.dijitalpiksel.com\/index.php?rest_route=\/wp\/v2\/types\/page"}],"author":[{"embeddable":true,"href":"https:\/\/horasan.dijitalpiksel.com\/index.php?rest_route=\/wp\/v2\/users\/1"}],"replies":[{"embeddable":true,"href":"https:\/\/horasan.dijitalpiksel.com\/index.php?rest_route=%2Fwp%2Fv2%2Fcomments&post=15074"}],"version-history":[{"count":4,"href":"https:\/\/horasan.dijitalpiksel.com\/index.php?rest_route=\/wp\/v2\/pages\/15074\/revisions"}],"predecessor-version":[{"id":15078,"href":"https:\/\/horasan.dijitalpiksel.com\/index.php?rest_route=\/wp\/v2\/pages\/15074\/revisions\/15078"}],"wp:attachment":[{"href":"https:\/\/horasan.dijitalpiksel.com\/index.php?rest_route=%2Fwp%2Fv2%2Fmedia&parent=15074"}],"curies":[{"name":"wp","href":"https:\/\/api.w.org\/{rel}","templated":true}]}}