{"id":14624,"date":"2026-02-04T11:24:57","date_gmt":"2026-02-04T11:24:57","guid":{"rendered":"https:\/\/horasan.dijitalpiksel.com\/?page_id=14624"},"modified":"2026-02-10T23:09:31","modified_gmt":"2026-02-10T23:09:31","slug":"bulten","status":"publish","type":"page","link":"https:\/\/horasan.dijitalpiksel.com\/?page_id=14624","title":{"rendered":"B\u00fclten"},"content":{"rendered":"\t\t<div data-elementor-type=\"wp-page\" data-elementor-id=\"14624\" class=\"elementor elementor-14624\">\n\t\t\t\t\t\t<section class=\"elementor-section elementor-top-section elementor-element elementor-element-77e02eb elementor-section-stretched elementor-section-content-middle elementor-section-boxed elementor-section-height-default elementor-section-height-default\" data-id=\"77e02eb\" data-element_type=\"section\" data-settings=\"{&quot;stretch_section&quot;:&quot;section-stretched&quot;,&quot;background_background&quot;:&quot;classic&quot;}\">\n\t\t\t\t\t\t\t<div class=\"elementor-background-overlay\"><\/div>\n\t\t\t\t\t\t\t<div class=\"elementor-container elementor-column-gap-default\">\n\t\t\t\t\t<div class=\"elementor-column elementor-col-100 elementor-top-column elementor-element elementor-element-9ebd417\" data-id=\"9ebd417\" data-element_type=\"column\">\n\t\t\t<div class=\"elementor-widget-wrap elementor-element-populated\">\n\t\t\t\t\t\t<div class=\"elementor-element elementor-element-c292305 elementor-widget elementor-widget-heading\" data-id=\"c292305\" data-element_type=\"widget\" data-widget_type=\"heading.default\">\n\t\t\t\t\t<h1 class=\"elementor-heading-title elementor-size-default\">Horasan B\u00fclteni<\/h1>\t\t\t\t<\/div>\n\t\t\t\t\t<\/div>\n\t\t<\/div>\n\t\t\t\t\t<\/div>\n\t\t<\/section>\n\t\t\t\t<section class=\"elementor-section elementor-top-section elementor-element elementor-element-690106f elementor-section-stretched elementor-section-boxed elementor-section-height-default elementor-section-height-default\" data-id=\"690106f\" data-element_type=\"section\" data-settings=\"{&quot;stretch_section&quot;:&quot;section-stretched&quot;,&quot;background_background&quot;:&quot;classic&quot;}\">\n\t\t\t\t\t\t\t<div class=\"elementor-background-overlay\"><\/div>\n\t\t\t\t\t\t\t<div class=\"elementor-container elementor-column-gap-default\">\n\t\t\t\t\t<div class=\"elementor-column elementor-col-100 elementor-top-column elementor-element elementor-element-68c3c4b\" data-id=\"68c3c4b\" data-element_type=\"column\">\n\t\t\t<div class=\"elementor-widget-wrap elementor-element-populated\">\n\t\t\t\t\t\t<div class=\"elementor-element elementor-element-2efd02d elementor-widget elementor-widget-html\" data-id=\"2efd02d\" data-element_type=\"widget\" data-widget_type=\"html.default\">\n\t\t\t\t\t<style>\n    \/* Kapsay\u0131c\u0131ya \u00f6zel ID vererek izolasyon sa\u011flayal\u0131m *\/\n    #custom-author-grid {\n        display: grid;\n        grid-template-columns: repeat(auto-fill, minmax(320px, 1fr));\n        gap: 30px;\n        padding: 20px;\n        font-family: sans-serif; \/* Temel font *\/\n    }\n\n    \/* Kart Yap\u0131s\u0131 *\/\n    #custom-author-grid .author-card {\n        position: relative;\n        background-color: #fff;\n        border-radius: 10px;\n        box-shadow: 0 5px 15px rgba(0,0,0,0.1);\n        overflow: hidden;\n        transition: transform 0.3s ease;\n        display: flex;\n        flex-direction: column;\n        border: 1px solid #eee;\n        margin: 0 !important; \/* D\u0131\u015f bo\u015fluklar\u0131 s\u0131f\u0131rla *\/\n    }\n\n    #custom-author-grid .author-card:hover {\n        transform: translateY(-5px);\n    }\n\n    \/* K\u0131rm\u0131z\u0131 Alan (Kesin Pozisyon) *\/\n    #custom-author-grid .card-header-bg {\n        background-color: #b80002 !important;\n        height: 85px;\n        width: 100%;\n        position: absolute;\n        top: 0;\n        left: 0;\n        z-index: 0;\n    }\n\n    \/* \u0130\u00e7erik Alan\u0131 *\/\n    #custom-author-grid .card-content {\n        position: relative;\n        z-index: 1;\n        display: flex;\n        flex-direction: row; \/* Yan yana dizilim garantisi *\/\n        padding: 15px;\n        align-items: flex-start; \/* Yukar\u0131 hizala *\/\n    }\n\n    \/* Resim *\/\n    #custom-author-grid .author-image {\n        flex-shrink: 0;\n        width: 90px;\n        height: 90px;\n        border-radius: 50%;\n        border: 4px solid #fff;\n        background-color: #eee;\n        overflow: hidden;\n        box-shadow: 0 4px 6px rgba(0,0,0,0.15);\n        margin-right: 15px;\n        margin-top: 5px;\n    }\n\n    #custom-author-grid .author-image img {\n        width: 100% !important;\n        height: 100% !important;\n        object-fit: cover;\n        margin: 0 !important;\n    }\n\n    \/* Bilgi Alan\u0131 *\/\n    #custom-author-grid .author-info {\n        flex-grow: 1;\n        display: flex;\n        flex-direction: column;\n        justify-content: flex-start;\n    }\n\n    \/* \u0130sim Alan\u0131 - Tema ayarlar\u0131n\u0131 ezmek i\u00e7in detayl\u0131 CSS *\/\n    #custom-author-grid .author-name-wrapper {\n        height: 65px; \/* K\u0131rm\u0131z\u0131 alandaki y\u00fckseklik s\u0131n\u0131r\u0131 *\/\n        display: flex;\n        align-items: center; \/* Dikey ortala *\/\n        margin-bottom: 5px;\n    }\n\n    #custom-author-grid .author-name {\n        color: #fff !important; \/* Kesinlikle beyaz *\/\n        font-size: 15px !important; \/* Boyutu sabitledik *\/\n        font-weight: 700 !important; \/* Kal\u0131n *\/\n        line-height: 1.2 !important;\n        margin: 0 !important;\n        padding: 0 !important;\n        text-transform: uppercase;\n        letter-spacing: 0.5px;\n        text-align: left;\n    }\n\n    \/* A\u00e7\u0131klama Yaz\u0131s\u0131 *\/\n    #custom-author-grid .article-title {\n        color: #333 !important;\n        font-size: 13px !important;\n        font-style: italic;\n        font-weight: 500 !important;\n        margin: 10px 0 15px 0 !important;\n        padding: 0 !important;\n        line-height: 1.4 !important;\n        min-height: 38px;\n    }\n\n    \/* Buton Alan\u0131 *\/\n    #custom-author-grid .card-footer {\n        display: flex;\n        justify-content: flex-end;\n        width: 100%;\n    }\n\n    \/* Buton *\/\n    #custom-author-grid .read-all-btn {\n        background-color: #b80002 !important;\n        color: #fff !important;\n        border: none;\n        padding: 6px 15px !important;\n        border-radius: 4px;\n        font-size: 12px !important;\n        font-weight: 600 !important;\n        text-decoration: none !important;\n        display: inline-block;\n        line-height: normal !important;\n    }\n\n    #custom-author-grid .read-all-btn:hover {\n        background-color: #900001 !important;\n    }\n\n    @media (max-width: 480px) {\n        #custom-author-grid {\n            grid-template-columns: 1fr;\n        }\n    }\n<\/style>\n\n<div id=\"custom-author-grid\">\n\n    <div class=\"author-card\">\n        <div class=\"card-header-bg\"><\/div>\n        <div class=\"card-content\">\n            <div class=\"author-image\">\n                <img decoding=\"async\" src=\"https:\/\/placehold.co\/150x150\/png?text=MB\" alt=\"Murat Bahad\u0131r AKKOYUNLU\">\n            <\/div>\n            <div class=\"author-info\">\n                <div class=\"author-name-wrapper\">\n                    <h3 class=\"author-name\">Murat Bahad\u0131r AKKOYUNLU<\/h3>\n                <\/div>\n                <p class=\"article-title\">G\u00fcndeme dair \u00f6nemli notlar ve analizler<\/p>\n                <div class=\"card-footer\">\n                    <a href=\"#\" class=\"read-all-btn\">T\u00fcm Yaz\u0131lar\u0131<\/a>\n                <\/div>\n            <\/div>\n        <\/div>\n    <\/div>\n\n    <div class=\"author-card\">\n        <div class=\"card-header-bg\"><\/div>\n        <div class=\"card-content\">\n            <div class=\"author-image\">\n                <img decoding=\"async\" src=\"https:\/\/placehold.co\/150x150\/png?text=AT\" alt=\"Prof. Dr. Ahmet TA\u015e\u011eIN\">\n            <\/div>\n            <div class=\"author-info\">\n                <div class=\"author-name-wrapper\">\n                    <h3 class=\"author-name\">Prof. Dr. Ahmet TA\u015e\u011eIN<\/h3>\n                <\/div>\n                <p class=\"article-title\">Akademik bak\u0131\u015f a\u00e7\u0131s\u0131yla g\u00fcncel de\u011ferlendirmeler<\/p>\n                <div class=\"card-footer\">\n                    <a href=\"#\" class=\"read-all-btn\">T\u00fcm Yaz\u0131lar\u0131<\/a>\n                <\/div>\n            <\/div>\n        <\/div>\n    <\/div>\n\n    <div class=\"author-card\">\n        <div class=\"card-header-bg\"><\/div>\n        <div class=\"card-content\">\n            <div class=\"author-image\">\n                <img decoding=\"async\" src=\"https:\/\/placehold.co\/150x150\/png?text=MY\" alt=\"Do\u00e7. Mehmet Yal\u00e7\u0131n YILMAZ\">\n            <\/div>\n            <div class=\"author-info\">\n                <div class=\"author-name-wrapper\">\n                    <h3 class=\"author-name\">Do\u00e7. Mehmet Yal\u00e7\u0131n YILMAZ<\/h3>\n                <\/div>\n                <p class=\"article-title\">Tarihsel perspektiften bug\u00fcne bak\u0131\u015f<\/p>\n                <div class=\"card-footer\">\n                    <a href=\"#\" class=\"read-all-btn\">T\u00fcm Yaz\u0131lar\u0131<\/a>\n                <\/div>\n            <\/div>\n        <\/div>\n    <\/div>\n\n    <div class=\"author-card\">\n        <div class=\"card-header-bg\"><\/div>\n        <div class=\"card-content\">\n            <div class=\"author-image\">\n                <img decoding=\"async\" src=\"https:\/\/placehold.co\/150x150\/png?text=SY\" alt=\"Sad\u0131k YALSIZU\u00c7ANLAR\">\n            <\/div>\n            <div class=\"author-info\">\n                <div class=\"author-name-wrapper\">\n                    <h3 class=\"author-name\">Sad\u0131k YALSIZU\u00c7ANLAR<\/h3>\n                <\/div>\n                <p class=\"article-title\">Edebiyat ve k\u00fclt\u00fcr \u00fczerine derinlikli sohbetler<\/p>\n                <div class=\"card-footer\">\n                    <a href=\"#\" class=\"read-all-btn\">T\u00fcm Yaz\u0131lar\u0131<\/a>\n                <\/div>\n            <\/div>\n        <\/div>\n    <\/div>\n\n    <div class=\"author-card\">\n        <div class=\"card-header-bg\"><\/div>\n        <div class=\"card-content\">\n            <div class=\"author-image\">\n                <img decoding=\"async\" src=\"https:\/\/placehold.co\/150x150\/png?text=EG\" alt=\"Erdo\u011fan G\u00dcLER\">\n            <\/div>\n            <div class=\"author-info\">\n                <div class=\"author-name-wrapper\">\n                    <h3 class=\"author-name\">Erdo\u011fan G\u00dcLER<\/h3>\n                <\/div>\n                <p class=\"article-title\">Toplumsal meseleler ve \u00e7\u00f6z\u00fcm \u00f6nerileri<\/p>\n                <div class=\"card-footer\">\n                    <a href=\"#\" class=\"read-all-btn\">T\u00fcm Yaz\u0131lar\u0131<\/a>\n                <\/div>\n            <\/div>\n        <\/div>\n    <\/div>\n\n    <div class=\"author-card\">\n        <div class=\"card-header-bg\"><\/div>\n        <div class=\"card-content\">\n            <div class=\"author-image\">\n                <img decoding=\"async\" src=\"https:\/\/placehold.co\/150x150\/png?text=MS\" alt=\"Mehmet Serhat BI\u00c7AK\">\n            <\/div>\n            <div class=\"author-info\">\n                <div class=\"author-name-wrapper\">\n                    <h3 class=\"author-name\">Mehmet Serhat BI\u00c7AK<\/h3>\n                <\/div>\n                <p class=\"article-title\">Stratejik analizler ve gelecek \u00f6ng\u00f6r\u00fcleri<\/p>\n                <div class=\"card-footer\">\n                    <a href=\"#\" class=\"read-all-btn\">T\u00fcm Yaz\u0131lar\u0131<\/a>\n                <\/div>\n            <\/div>\n        <\/div>\n    <\/div>\n\n    <div class=\"author-card\">\n        <div class=\"card-header-bg\"><\/div>\n        <div class=\"card-content\">\n            <div class=\"author-image\">\n                <img decoding=\"async\" src=\"https:\/\/placehold.co\/150x150\/png?text=AK\" alt=\"Aytekin KUR\u00c7\">\n            <\/div>\n            <div class=\"author-info\">\n                <div class=\"author-name-wrapper\">\n                    <h3 class=\"author-name\">Aytekin KUR\u00c7<\/h3>\n                <\/div>\n                <p class=\"article-title\">Ya\u015fama dair denemeler ve notlar<\/p>\n                <div class=\"card-footer\">\n                    <a href=\"#\" class=\"read-all-btn\">T\u00fcm Yaz\u0131lar\u0131<\/a>\n                <\/div>\n            <\/div>\n        <\/div>\n    <\/div>\n\n    <div class=\"author-card\">\n        <div class=\"card-header-bg\"><\/div>\n        <div class=\"card-content\">\n            <div class=\"author-image\">\n                <img decoding=\"async\" src=\"https:\/\/placehold.co\/150x150\/png?text=MF\" alt=\"Mustafa Ferah\u015fat AKKOYUNLU\">\n            <\/div>\n            <div class=\"author-info\">\n                <div class=\"author-name-wrapper\">\n                    <h3 class=\"author-name\">Mustafa Ferah\u015fat AKKOYUNLU<\/h3>\n                <\/div>\n                <p class=\"article-title\">Sanat, estetik ve medeniyet tasavvuru<\/p>\n                <div class=\"card-footer\">\n                    <a href=\"#\" class=\"read-all-btn\">T\u00fcm Yaz\u0131lar\u0131<\/a>\n                <\/div>\n            <\/div>\n        <\/div>\n    <\/div>\n\n    <div class=\"author-card\">\n        <div class=\"card-header-bg\"><\/div>\n        <div class=\"card-content\">\n            <div class=\"author-image\">\n                <img decoding=\"async\" src=\"https:\/\/placehold.co\/150x150\/png?text=NM\" alt=\"Dr. Nasratullah Murat\">\n            <\/div>\n            <div class=\"author-info\">\n                <div class=\"author-name-wrapper\">\n                    <h3 class=\"author-name\">Dr. Nasratullah Murat<\/h3>\n                <\/div>\n                <p class=\"article-title\">B\u00f6lgesel geli\u015fmeler ve uluslararas\u0131 ili\u015fkiler<\/p>\n                <div class=\"card-footer\">\n                    <a href=\"#\" class=\"read-all-btn\">T\u00fcm Yaz\u0131lar\u0131<\/a>\n                <\/div>\n            <\/div>\n        <\/div>\n    <\/div>\n\n    <div class=\"author-card\">\n        <div class=\"card-header-bg\"><\/div>\n        <div class=\"card-content\">\n            <div class=\"author-image\">\n                <img decoding=\"async\" src=\"https:\/\/placehold.co\/150x150\/png?text=MS\" alt=\"Mehrabuddin Sherifi\">\n            <\/div>\n            <div class=\"author-info\">\n                <div class=\"author-name-wrapper\">\n                    <h3 class=\"author-name\">Mehrabuddin Sherifi<\/h3>\n                <\/div>\n                <p class=\"article-title\">Orta Asya ve \u0130slam d\u00fcnyas\u0131 \u00fczerine notlar<\/p>\n                <div class=\"card-footer\">\n                    <a href=\"#\" class=\"read-all-btn\">T\u00fcm Yaz\u0131lar\u0131<\/a>\n                <\/div>\n            <\/div>\n        <\/div>\n    <\/div>\n\n    <div class=\"author-card\">\n        <div class=\"card-header-bg\"><\/div>\n        <div class=\"card-content\">\n            <div class=\"author-image\">\n                <img decoding=\"async\" src=\"https:\/\/placehold.co\/150x150\/png?text=AS\" alt=\"Amin Bin Salim\">\n            <\/div>\n            <div class=\"author-info\">\n                <div class=\"author-name-wrapper\">\n                    <h3 class=\"author-name\">Amin Bin Salim<\/h3>\n                <\/div>\n                <p class=\"article-title\">Fikir, d\u00fc\u015f\u00fcnce ve aksiyon hareketleri<\/p>\n                <div class=\"card-footer\">\n                    <a href=\"#\" class=\"read-all-btn\">T\u00fcm Yaz\u0131lar\u0131<\/a>\n                <\/div>\n            <\/div>\n        <\/div>\n    <\/div>\n\n<\/div>\t\t\t\t<\/div>\n\t\t\t\t\t<\/div>\n\t\t<\/div>\n\t\t\t\t\t<\/div>\n\t\t<\/section>\n\t\t\t\t<\/div>\n\t\t","protected":false},"excerpt":{"rendered":"<p>Horasan B\u00fclteni Murat Bahad\u0131r AKKOYUNLU G\u00fcndeme dair \u00f6nemli notlar ve analizler T\u00fcm Yaz\u0131lar\u0131 Prof. Dr. Ahmet TA\u015e\u011eIN Akademik bak\u0131\u015f a\u00e7\u0131s\u0131yla g\u00fcncel de\u011ferlendirmeler T\u00fcm Yaz\u0131lar\u0131 Do\u00e7. Mehmet Yal\u00e7\u0131n YILMAZ Tarihsel perspektiften [&hellip;]<\/p>\n","protected":false},"author":1,"featured_media":0,"parent":0,"menu_order":0,"comment_status":"closed","ping_status":"closed","template":"","meta":{"give_campaign_id":0,"footnotes":""},"class_list":["post-14624","page","type-page","status-publish","hentry"],"campaignId":"","_links":{"self":[{"href":"https:\/\/horasan.dijitalpiksel.com\/index.php?rest_route=\/wp\/v2\/pages\/14624","targetHints":{"allow":["GET"]}}],"collection":[{"href":"https:\/\/horasan.dijitalpiksel.com\/index.php?rest_route=\/wp\/v2\/pages"}],"about":[{"href":"https:\/\/horasan.dijitalpiksel.com\/index.php?rest_route=\/wp\/v2\/types\/page"}],"author":[{"embeddable":true,"href":"https:\/\/horasan.dijitalpiksel.com\/index.php?rest_route=\/wp\/v2\/users\/1"}],"replies":[{"embeddable":true,"href":"https:\/\/horasan.dijitalpiksel.com\/index.php?rest_route=%2Fwp%2Fv2%2Fcomments&post=14624"}],"version-history":[{"count":58,"href":"https:\/\/horasan.dijitalpiksel.com\/index.php?rest_route=\/wp\/v2\/pages\/14624\/revisions"}],"predecessor-version":[{"id":15034,"href":"https:\/\/horasan.dijitalpiksel.com\/index.php?rest_route=\/wp\/v2\/pages\/14624\/revisions\/15034"}],"wp:attachment":[{"href":"https:\/\/horasan.dijitalpiksel.com\/index.php?rest_route=%2Fwp%2Fv2%2Fmedia&parent=14624"}],"curies":[{"name":"wp","href":"https:\/\/api.w.org\/{rel}","templated":true}]}}