{"id":14564,"date":"2026-02-03T12:57:11","date_gmt":"2026-02-03T12:57:11","guid":{"rendered":"https:\/\/horasan.dijitalpiksel.com\/?page_id=14564"},"modified":"2026-02-10T23:06:43","modified_gmt":"2026-02-10T23:06:43","slug":"afganistan-kalkinma-projeleri","status":"publish","type":"page","link":"https:\/\/horasan.dijitalpiksel.com\/?page_id=14564","title":{"rendered":"Kalk\u0131nma Projeleri"},"content":{"rendered":"\t\t<div data-elementor-type=\"wp-page\" data-elementor-id=\"14564\" class=\"elementor elementor-14564\">\n\t\t\t\t\t\t<section class=\"elementor-section elementor-top-section elementor-element elementor-element-df26b5c elementor-section-stretched elementor-section-content-middle elementor-section-boxed elementor-section-height-default elementor-section-height-default\" data-id=\"df26b5c\" data-element_type=\"section\" data-settings=\"{&quot;stretch_section&quot;:&quot;section-stretched&quot;,&quot;background_background&quot;:&quot;classic&quot;}\">\n\t\t\t\t\t\t\t<div class=\"elementor-background-overlay\"><\/div>\n\t\t\t\t\t\t\t<div class=\"elementor-container elementor-column-gap-default\">\n\t\t\t\t\t<div class=\"elementor-column elementor-col-100 elementor-top-column elementor-element elementor-element-20558a88\" data-id=\"20558a88\" data-element_type=\"column\">\n\t\t\t<div class=\"elementor-widget-wrap elementor-element-populated\">\n\t\t\t\t\t\t<div class=\"elementor-element elementor-element-45cdbdb8 elementor-widget elementor-widget-heading\" data-id=\"45cdbdb8\" data-element_type=\"widget\" data-widget_type=\"heading.default\">\n\t\t\t\t\t<h1 class=\"elementor-heading-title elementor-size-default\">Kalk\u0131nma Projeleri<\/h1>\t\t\t\t<\/div>\n\t\t\t\t\t<\/div>\n\t\t<\/div>\n\t\t\t\t\t<\/div>\n\t\t<\/section>\n\t\t\t\t<section class=\"elementor-section elementor-top-section elementor-element elementor-element-2bfe03a5 elementor-section-stretched elementor-section-boxed elementor-section-height-default elementor-section-height-default\" data-id=\"2bfe03a5\" data-element_type=\"section\" data-settings=\"{&quot;stretch_section&quot;:&quot;section-stretched&quot;,&quot;background_background&quot;:&quot;classic&quot;}\">\n\t\t\t\t\t\t<div class=\"elementor-container elementor-column-gap-default\">\n\t\t\t\t\t<div class=\"elementor-column elementor-col-100 elementor-top-column elementor-element elementor-element-623633c1\" data-id=\"623633c1\" data-element_type=\"column\">\n\t\t\t<div class=\"elementor-widget-wrap elementor-element-populated\">\n\t\t\t\t\t\t<div class=\"elementor-element elementor-element-07dac24 elementor-widget elementor-widget-text-editor\" data-id=\"07dac24\" data-element_type=\"widget\" data-widget_type=\"text-editor.default\">\n\t\t\t\t\t\t\t\t\t<h4><a name=\"_Toc174710809\"><\/a> <span lang=\"tr-TR\"><b>Hal\u0131 Dokuma ve Tak\u0131 Tasar\u0131m\u0131 Kurslar\u0131<\/b><\/span><\/h4><p>\u00a0<\/p><p align=\"justify\"><span lang=\"en-US\">Bu proje, Afganistan&#8217;da ya\u015fayan han\u0131mefendilere y\u00f6nelik olarak hal\u0131 dokuma ve tak\u0131 tasar\u0131m\u0131 kurslar\u0131 sunmay\u0131 hedeflemektedir. B\u00f6lgedeki mevcut e\u011fitim sisteminin s\u0131n\u0131rlamalar\u0131 ve ekonomik zorluklar, kad\u0131nlar\u0131n sosyal ve ekonomik geli\u015fimini k\u0131s\u0131tlamaktad\u0131r. Ayr\u0131ca, s\u00fcrekli sava\u015f ve i\u00e7 \u00e7at\u0131\u015fmalar sonucunda amp\u00fctasyon ge\u00e7iren bireylerin ge\u00e7im ko\u015fullar\u0131 son derece zorlu hale gelmi\u015ftir. Projemiz, bu zorluklar\u0131n \u00fcstesinden gelmeyi ve ekonomik refah\u0131 art\u0131rmay\u0131 ama\u00e7lamaktad\u0131r.<\/span><\/p><p align=\"justify\">\u00a0<\/p><p align=\"justify\"><span lang=\"en-US\"><b>Proje Detaylar\u0131:<\/b><\/span><\/p><p align=\"justify\">\u00a0<\/p><p align=\"justify\"><span lang=\"en-US\"><b>Hal\u0131 Dokuma ve Tak\u0131 Tasar\u0131m\u0131 Kurslar\u0131:<\/b><\/span><span lang=\"en-US\"> Han\u0131mefendilere hal\u0131 dokuma ve tak\u0131 tasar\u0131m\u0131 konusunda uzman e\u011fitmenler taraf\u0131ndan kurslar verilecektir. Bu kurslar, el becerilerinin geli\u015ftirilmesi, kaliteli \u00fcr\u00fcnlerin \u00fcretimi ve tasar\u0131m becerilerinin art\u0131r\u0131lmas\u0131 amac\u0131yla d\u00fczenlenecektir.<\/span><\/p><p align=\"justify\">\u00a0<\/p><p align=\"justify\"><span lang=\"en-US\"><b>Ekipman ve Hammadde Temini:<\/b><\/span><span lang=\"en-US\"> Kurslar i\u00e7in gerekli hal\u0131 dokuma tezgahlar\u0131, tak\u0131 tasar\u0131m\u0131 ekipmanlar\u0131 ve hammadde (ipler, boncuklar, s\u00fcslemeler vb.) sa\u011flanacak ve kursiyerlerin kullan\u0131m\u0131na sunulacakt\u0131r.<\/span><\/p><p align=\"justify\">\u00a0<\/p><p align=\"justify\"><span lang=\"en-US\"><b>\u00dcretim ve Pazarlama:<\/b><\/span><span lang=\"en-US\"> E\u011fitimlerin ard\u0131ndan, kursiyerler el yap\u0131m\u0131 hal\u0131lar, kilimler ve tak\u0131lar \u00fcreteceklerdir. \u00dcretilen \u00fcr\u00fcnler d\u00fcnya pazar\u0131nda tan\u0131t\u0131larak sat\u0131\u015fa sunulacak ve b\u00f6lge halk\u0131n\u0131n gelir elde etmesi sa\u011flanacakt\u0131r.<\/span><\/p><p align=\"justify\">\u00a0<\/p><p align=\"justify\"><span lang=\"en-US\"><b>Destek ve \u0130zleme:<\/b><\/span><span lang=\"en-US\"> Proje s\u00fcreci boyunca kursiyerlere s\u00fcrekli destek verilecek, \u00fcretim s\u00fcreci izlenecek ve gerekli dan\u0131\u015fmanl\u0131k hizmetleri sunulacakt\u0131r.<\/span><\/p><p align=\"justify\">\u00a0<\/p><p align=\"justify\"><span lang=\"en-US\"><b>Beklenen Sonu\u00e7lar:<\/b><\/span><\/p><ul><li><p align=\"justify\"><span lang=\"en-US\">Han\u0131mefendilerin el becerilerinin geli\u015ftirilmesi ve istihdam olanaklar\u0131n\u0131n art\u0131r\u0131lmas\u0131.<\/span><\/p><\/li><li><p align=\"justify\"><span lang=\"en-US\">Kaliteli el yap\u0131m\u0131 hal\u0131lar, kilimler ve tak\u0131lar \u00fcretilmesi ve sat\u0131\u015f\u0131n\u0131n ger\u00e7ekle\u015ftirilmesi.<\/span><\/p><\/li><li><p align=\"justify\"><span lang=\"en-US\">B\u00f6lge halk\u0131n\u0131n ekonomik refah\u0131n\u0131n art\u0131r\u0131lmas\u0131 ve gelir kaynaklar\u0131n\u0131n \u00e7e\u015fitlendirilmesi.<\/span><\/p><\/li><li><p align=\"justify\"><span lang=\"en-US\">B\u00f6lge k\u00fclt\u00fcr\u00fcn\u00fcn ve el sanatlar\u0131n\u0131n korunmas\u0131 ve tan\u0131t\u0131lmas\u0131.<\/span><\/p><\/li><li><p align=\"justify\"><span lang=\"en-US\">Sosyal ve ekonomik kalk\u0131nmaya katk\u0131da bulunulmas\u0131.<\/span><\/p><\/li><\/ul><p align=\"justify\">\u00a0<\/p><p align=\"justify\"><span lang=\"en-US\">Bu projeyle, han\u0131mefendilerin el becerilerini kullanarak \u00fcretim yapmalar\u0131n\u0131 ve s\u00fcrd\u00fcr\u00fclebilir bir gelir elde etmelerini sa\u011flamak, ekonomik ba\u011f\u0131ms\u0131zl\u0131klar\u0131n\u0131 desteklemek hedeflenmektedir. Ayn\u0131 zamanda, amp\u00fctasyon ge\u00e7irmi\u015f bireylerin topluma aktif ve \u00fcretken bireyler olarak kat\u0131lmalar\u0131na yard\u0131mc\u0131 olunacak ve ya\u015fam ko\u015fullar\u0131 iyile\u015ftirilecektir. Bu \u00e7aba, sadece bireylerin de\u011fil, toplumun genel refah\u0131n\u0131 art\u0131rmay\u0131 ama\u00e7lamaktad\u0131r.<\/span><\/p>\t\t\t\t\t\t\t\t<\/div>\n\t\t\t\t<div class=\"elementor-element elementor-element-245df22 elementor-widget elementor-widget-spacer\" data-id=\"245df22\" data-element_type=\"widget\" data-widget_type=\"spacer.default\">\n\t\t\t\t\t\t\t<div class=\"elementor-spacer\">\n\t\t\t<div class=\"elementor-spacer-inner\"><\/div>\n\t\t<\/div>\n\t\t\t\t\t\t<\/div>\n\t\t\t\t<div class=\"elementor-element elementor-element-f41ef06 elementor-widget elementor-widget-text-editor\" data-id=\"f41ef06\" data-element_type=\"widget\" data-widget_type=\"text-editor.default\">\n\t\t\t\t\t\t\t\t\t<h4><a name=\"_Toc174710810\"><\/a> <span lang=\"tr-TR\"><b>Bu\u011fday ve Yem Bitkisi Yeti\u015ftiricili\u011fi<\/b><\/span><\/h4><p>\u00a0<\/p><p align=\"justify\"><span lang=\"en-US\">Bu proje, tar\u0131msal \u00fcretkenli\u011fi art\u0131rmak ve b\u00f6lgesel g\u0131da g\u00fcvenli\u011fini sa\u011flamak amac\u0131yla bu\u011fday ve yem bitkisi yeti\u015ftiricili\u011fini desteklemeyi hedeflemektedir. B\u00f6lgedeki tar\u0131m alanlar\u0131n\u0131n verimlili\u011fini art\u0131rarak yerel \u00e7ift\u00e7ilere ekonomik katk\u0131 sa\u011flamak ve tar\u0131m sekt\u00f6r\u00fcndeki s\u00fcrd\u00fcr\u00fclebilirli\u011fi te\u015fvik etmek amac\u0131yla modern tar\u0131m teknikleri ve uygun teknolojiler kullan\u0131lacakt\u0131r.<\/span><\/p><p align=\"justify\">\u00a0<\/p><p align=\"justify\"><span lang=\"en-US\"><b>Proje Detaylar\u0131:<\/b><\/span><\/p><p align=\"justify\">\u00a0<\/p><p align=\"justify\"><span lang=\"en-US\"><b>Bu\u011fday Yeti\u015ftiricili\u011fi:<\/b><\/span><span lang=\"en-US\"> Proje kapsam\u0131nda, kaliteli bu\u011fday tohumlar\u0131 temin edilerek, verimli topraklarda uygun ekim teknikleriyle yeti\u015ftirilecektir. Toprak analizi ve g\u00fcbreleme y\u00f6ntemleri ile verimlilik art\u0131r\u0131lacakt\u0131r.<\/span><\/p><p align=\"justify\">\u00a0<\/p><p align=\"justify\"><span lang=\"en-US\"><b>Yem Bitkisi Yeti\u015ftiricili\u011fi:<\/b><\/span><span lang=\"en-US\"> K\u00fc\u00e7\u00fckba\u015f hayvanlar\u0131n beslenmesi i\u00e7in gerekli yem bitkileri (\u015feker pancar\u0131, yonca, fi\u011f vb.) yeti\u015ftirilecektir. Bu yem bitkileri, hayvanlar\u0131n sa\u011fl\u0131kl\u0131 geli\u015fimini destekleyecek ve beslenme ihtiya\u00e7lar\u0131n\u0131 kar\u015f\u0131layacakt\u0131r.<\/span><\/p><p align=\"justify\">\u00a0<\/p><p align=\"justify\"><span lang=\"en-US\"><b>Ekipman ve Teknoloji:<\/b><\/span><span lang=\"en-US\"> Modern tar\u0131m ekipmanlar\u0131 ve sulama sistemleri kurulacak, tar\u0131m s\u00fcre\u00e7lerinin daha verimli ve s\u00fcrd\u00fcr\u00fclebilir bir \u015fekilde y\u00fcr\u00fct\u00fclmesi sa\u011flanacakt\u0131r.<\/span><\/p><p align=\"justify\">\u00a0<\/p><p align=\"justify\"><span lang=\"en-US\"><b>E\u011fitim ve Dan\u0131\u015fmanl\u0131k:<\/b><\/span><span lang=\"en-US\"> \u00c7ift\u00e7ilere y\u00f6nelik e\u011fitim programlar\u0131 d\u00fczenlenerek, bu\u011fday ve yem bitkisi yeti\u015ftiricili\u011finde en iyi uygulamalar konusunda bilgi verilecektir. Ayr\u0131ca, teknik dan\u0131\u015fmanl\u0131k hizmetleri sunulacakt\u0131r.<\/span><\/p><p align=\"justify\">\u00a0<\/p><p align=\"justify\"><span lang=\"en-US\"><b>Beklenen Sonu\u00e7<\/b><\/span><span lang=\"en-US\"><b>lar:<\/b><\/span><\/p><ul><li><p align=\"justify\"><span lang=\"en-US\">Bu\u011fday ve yem bitkisi \u00fcretiminde art\u0131\u015f ve verimlilik sa\u011flanmas\u0131.<\/span><\/p><\/li><li><p align=\"justify\"><span lang=\"en-US\">Tar\u0131msal \u00fcretkenli\u011fin art\u0131r\u0131lmas\u0131 ve yerel \u00e7ift\u00e7ilere ekonomik katk\u0131 sunulmas\u0131.<\/span><\/p><\/li><li><p align=\"justify\"><span lang=\"en-US\">Tar\u0131m sekt\u00f6r\u00fcnde s\u00fcrd\u00fcr\u00fclebilirlik ve modern teknolojilerin kullan\u0131lmas\u0131.<\/span><\/p><\/li><li><p align=\"justify\"><span lang=\"en-US\">G\u0131da g\u00fcvenli\u011finin g\u00fc\u00e7lendirilmesi ve b\u00f6lgesel beslenme ihtiya\u00e7lar\u0131n\u0131n kar\u015f\u0131lanmas\u0131.<\/span><\/p><\/li><\/ul>\t\t\t\t\t\t\t\t<\/div>\n\t\t\t\t<div class=\"elementor-element elementor-element-4a86ac4 elementor-widget elementor-widget-spacer\" data-id=\"4a86ac4\" data-element_type=\"widget\" data-widget_type=\"spacer.default\">\n\t\t\t\t\t\t\t<div class=\"elementor-spacer\">\n\t\t\t<div class=\"elementor-spacer-inner\"><\/div>\n\t\t<\/div>\n\t\t\t\t\t\t<\/div>\n\t\t\t\t<div class=\"elementor-element elementor-element-5f68646 elementor-widget elementor-widget-text-editor\" data-id=\"5f68646\" data-element_type=\"widget\" data-widget_type=\"text-editor.default\">\n\t\t\t\t\t\t\t\t\t<h4><a name=\"_Toc174710811\"><\/a> <span lang=\"tr-TR\"><b>K\u00fc\u00e7\u00fckba\u015f Hayvan Yeti\u015ftiricili\u011fi Tesisi<\/b><\/span><\/h4><p align=\"justify\">\u00a0<\/p><p align=\"justify\"><span lang=\"en-US\">Bu proje, k\u00fc\u00e7\u00fckba\u015f hayvan yeti\u015ftiricili\u011fini desteklemek amac\u0131yla modern bir tesis kurulmas\u0131n\u0131 hedeflemektedir. Hayvanc\u0131l\u0131k sekt\u00f6r\u00fcnde kaliteyi art\u0131rmak, \u00fcretkenli\u011fi y\u00fckseltmek ve b\u00f6lgesel ekonomik kalk\u0131nmay\u0131 te\u015fvik etmek i\u00e7in kapsaml\u0131 bir yeti\u015ftiricilik tesisi kurulacakt\u0131r.<\/span><\/p><p align=\"justify\">\u00a0<\/p><p align=\"justify\"><span lang=\"en-US\"><b>Proje Detaylar\u0131:<\/b><\/span><\/p><p align=\"justify\">\u00a0<\/p><p align=\"justify\"><span lang=\"en-US\"><b>Tesis Kurulumu:<\/b><\/span><span lang=\"en-US\"> K\u00fc\u00e7\u00fckba\u015f hayvanlar i\u00e7in uygun bar\u0131naklar, yem depolar\u0131, sulama sistemleri ve sa\u011fl\u0131k hizmetleri altyap\u0131lar\u0131yla donat\u0131lm\u0131\u015f modern bir tesis kurulacakt\u0131r.<\/span><\/p><p align=\"justify\">\u00a0<\/p><p align=\"justify\"><span lang=\"en-US\"><b>Hayvan Sa\u011fl\u0131\u011f\u0131 ve Beslenme:<\/b><\/span><span lang=\"en-US\"> Hayvanlar\u0131n sa\u011fl\u0131\u011f\u0131n\u0131 korumak ve \u00fcretkenli\u011fini art\u0131rmak i\u00e7in d\u00fczenli veteriner kontrolleri, a\u015f\u0131lar ve dengeli beslenme programlar\u0131 uygulanacakt\u0131r. Yem bitkileri ve kaliteli yem temini sa\u011flanacakt\u0131r.<\/span><\/p><p align=\"justify\">\u00a0<\/p><p align=\"justify\"><span lang=\"en-US\"><b>E\u011fitim ve Kapasite Art\u0131rma:<\/b><\/span><span lang=\"en-US\"> \u00c7ift\u00e7ilere y\u00f6nelik e\u011fitimler d\u00fczenlenecek, k\u00fc\u00e7\u00fckba\u015f hayvan yeti\u015ftiricili\u011fi konusundaki bilgi ve becerilerinin art\u0131r\u0131lmas\u0131 sa\u011flanacakt\u0131r.<\/span><\/p><p align=\"justify\">\u00a0<\/p><p align=\"justify\"><span lang=\"en-US\"><b>\u00dcretim ve Pazarlama:<\/b><\/span><span lang=\"en-US\"> K\u00fc\u00e7\u00fckba\u015f hayvanlar\u0131n et, s\u00fct ve di\u011fer \u00fcr\u00fcnlerinin \u00fcretimi te\u015fvik edilecektir. \u00dcr\u00fcnlerin kalite standartlar\u0131na uygun olarak i\u015flenmesi ve pazarlama stratejileri olu\u015fturulacakt\u0131r.<\/span><\/p><p align=\"justify\">\u00a0<\/p><p align=\"justify\"><span lang=\"en-US\"><b>Beklenen Sonu\u00e7lar:<\/b><\/span><\/p><ul><li><p align=\"justify\"><span lang=\"en-US\">K\u00fc\u00e7\u00fckba\u015f hayvan \u00fcretiminde art\u0131\u015f ve kalite iyile\u015ftirmesi sa\u011flanmas\u0131.<\/span><\/p><\/li><li><p align=\"justify\"><span lang=\"en-US\">Hayvan sa\u011fl\u0131\u011f\u0131 ve beslenme standartlar\u0131n\u0131n y\u00fckseltilmesi.<\/span><\/p><\/li><li><p align=\"justify\"><span lang=\"en-US\">B\u00f6lgesel ekonomik kalk\u0131nman\u0131n desteklenmesi ve istihdam yarat\u0131lmas\u0131.<\/span><\/p><\/li><li><p align=\"justify\"><span lang=\"en-US\">\u00dcr\u00fcnlerin yerel ve ulusal pazarda rekabet\u00e7i bir \u015fekilde sunulmas\u0131.<\/span><\/p><\/li><\/ul>\t\t\t\t\t\t\t\t<\/div>\n\t\t\t\t\t<\/div>\n\t\t<\/div>\n\t\t\t\t\t<\/div>\n\t\t<\/section>\n\t\t\t\t<\/div>\n\t\t","protected":false},"excerpt":{"rendered":"<p>Kalk\u0131nma Projeleri Hal\u0131 Dokuma ve Tak\u0131 Tasar\u0131m\u0131 Kurslar\u0131 \u00a0 Bu proje, Afganistan&#8217;da ya\u015fayan han\u0131mefendilere y\u00f6nelik olarak hal\u0131 dokuma ve tak\u0131 tasar\u0131m\u0131 kurslar\u0131 sunmay\u0131 hedeflemektedir. B\u00f6lgedeki mevcut e\u011fitim sisteminin s\u0131n\u0131rlamalar\u0131 ve [&hellip;]<\/p>\n","protected":false},"author":1,"featured_media":0,"parent":0,"menu_order":0,"comment_status":"closed","ping_status":"closed","template":"","meta":{"give_campaign_id":0,"footnotes":""},"class_list":["post-14564","page","type-page","status-publish","hentry"],"campaignId":"","_links":{"self":[{"href":"https:\/\/horasan.dijitalpiksel.com\/index.php?rest_route=\/wp\/v2\/pages\/14564","targetHints":{"allow":["GET"]}}],"collection":[{"href":"https:\/\/horasan.dijitalpiksel.com\/index.php?rest_route=\/wp\/v2\/pages"}],"about":[{"href":"https:\/\/horasan.dijitalpiksel.com\/index.php?rest_route=\/wp\/v2\/types\/page"}],"author":[{"embeddable":true,"href":"https:\/\/horasan.dijitalpiksel.com\/index.php?rest_route=\/wp\/v2\/users\/1"}],"replies":[{"embeddable":true,"href":"https:\/\/horasan.dijitalpiksel.com\/index.php?rest_route=%2Fwp%2Fv2%2Fcomments&post=14564"}],"version-history":[{"count":10,"href":"https:\/\/horasan.dijitalpiksel.com\/index.php?rest_route=\/wp\/v2\/pages\/14564\/revisions"}],"predecessor-version":[{"id":15022,"href":"https:\/\/horasan.dijitalpiksel.com\/index.php?rest_route=\/wp\/v2\/pages\/14564\/revisions\/15022"}],"wp:attachment":[{"href":"https:\/\/horasan.dijitalpiksel.com\/index.php?rest_route=%2Fwp%2Fv2%2Fmedia&parent=14564"}],"curies":[{"name":"wp","href":"https:\/\/api.w.org\/{rel}","templated":true}]}}