{"id":14559,"date":"2026-02-03T12:54:56","date_gmt":"2026-02-03T12:54:56","guid":{"rendered":"https:\/\/horasan.dijitalpiksel.com\/?page_id=14559"},"modified":"2026-02-10T23:06:18","modified_gmt":"2026-02-10T23:06:18","slug":"afganistan-egitim-projeleri","status":"publish","type":"page","link":"https:\/\/horasan.dijitalpiksel.com\/?page_id=14559","title":{"rendered":"E\u011fitim Projeleri"},"content":{"rendered":"\t\t<div data-elementor-type=\"wp-page\" data-elementor-id=\"14559\" class=\"elementor elementor-14559\">\n\t\t\t\t\t\t<section class=\"elementor-section elementor-top-section elementor-element elementor-element-df26b5c elementor-section-stretched elementor-section-content-middle elementor-section-boxed elementor-section-height-default elementor-section-height-default\" data-id=\"df26b5c\" data-element_type=\"section\" data-settings=\"{&quot;stretch_section&quot;:&quot;section-stretched&quot;,&quot;background_background&quot;:&quot;classic&quot;}\">\n\t\t\t\t\t\t\t<div class=\"elementor-background-overlay\"><\/div>\n\t\t\t\t\t\t\t<div class=\"elementor-container elementor-column-gap-default\">\n\t\t\t\t\t<div class=\"elementor-column elementor-col-100 elementor-top-column elementor-element elementor-element-20558a88\" data-id=\"20558a88\" data-element_type=\"column\">\n\t\t\t<div class=\"elementor-widget-wrap elementor-element-populated\">\n\t\t\t\t\t\t<div class=\"elementor-element elementor-element-45cdbdb8 elementor-widget elementor-widget-heading\" data-id=\"45cdbdb8\" data-element_type=\"widget\" data-widget_type=\"heading.default\">\n\t\t\t\t\t<h1 class=\"elementor-heading-title elementor-size-default\">E\u011fitim Projeleri<\/h1>\t\t\t\t<\/div>\n\t\t\t\t\t<\/div>\n\t\t<\/div>\n\t\t\t\t\t<\/div>\n\t\t<\/section>\n\t\t\t\t<section class=\"elementor-section elementor-top-section elementor-element elementor-element-2bfe03a5 elementor-section-stretched elementor-section-boxed elementor-section-height-default elementor-section-height-default\" data-id=\"2bfe03a5\" data-element_type=\"section\" data-settings=\"{&quot;stretch_section&quot;:&quot;section-stretched&quot;,&quot;background_background&quot;:&quot;classic&quot;}\">\n\t\t\t\t\t\t<div class=\"elementor-container elementor-column-gap-default\">\n\t\t\t\t\t<div class=\"elementor-column elementor-col-100 elementor-top-column elementor-element elementor-element-623633c1\" data-id=\"623633c1\" data-element_type=\"column\">\n\t\t\t<div class=\"elementor-widget-wrap elementor-element-populated\">\n\t\t\t\t\t\t<div class=\"elementor-element elementor-element-07dac24 elementor-widget elementor-widget-text-editor\" data-id=\"07dac24\" data-element_type=\"widget\" data-widget_type=\"text-editor.default\">\n\t\t\t\t\t\t\t\t\t<p align=\"justify\">E\u011fitim alan\u0131ndaki projelerimiz, kaliteli ve eri\u015filebilir e\u011fitim f\u0131rsatlar\u0131 sunmay\u0131 hedeflemektedir. Bu kapsamda, Ahmet Yesevi Koleji Tahar K\u0131z Lisesi ve Ahmet Yesevi Koleji Tahar Erkek Lisesi projelerimiz \u00f6ne \u00e7\u0131kmaktad\u0131r.<\/p>\t\t\t\t\t\t\t\t<\/div>\n\t\t\t\t<div class=\"elementor-element elementor-element-245df22 elementor-widget elementor-widget-spacer\" data-id=\"245df22\" data-element_type=\"widget\" data-widget_type=\"spacer.default\">\n\t\t\t\t\t\t\t<div class=\"elementor-spacer\">\n\t\t\t<div class=\"elementor-spacer-inner\"><\/div>\n\t\t<\/div>\n\t\t\t\t\t\t<\/div>\n\t\t\t\t<div class=\"elementor-element elementor-element-f41ef06 elementor-widget elementor-widget-text-editor\" data-id=\"f41ef06\" data-element_type=\"widget\" data-widget_type=\"text-editor.default\">\n\t\t\t\t\t\t\t\t\t<h4 align=\"justify\"><a name=\"_Toc174710806\"><\/a> <span lang=\"tr-TR\"><b>Ahmet Yesevi Koleji Tahar K\u0131z Lisesi<\/b><\/span><\/h4>\n<p>\u00a0<\/p>\n<p align=\"justify\"><span lang=\"en-US\">Ahmet Yesevi Koleji Tahar K\u0131z Lisesi projemiz, Afganistan genelinde 2024 y\u0131l\u0131 itibariyle k\u0131z \u00f6\u011frencilerin lise e\u011fitimi alabilece\u011fi 40 okulun ruhsatland\u0131r\u0131lmas\u0131 \u00e7er\u00e7evesinde y\u00fcr\u00fct\u00fclmektedir. Afganistan\u2019\u0131n mevcut e\u011fitim sisteminde k\u0131z \u00f6\u011frencilerin sadece 6. s\u0131n\u0131fa kadar e\u011fitim alabilmesi durumu g\u00f6z \u00f6n\u00fcnde bulundurularak, k\u0131z \u00f6\u011frenciler i\u00e7in ayr\u0131 bir binada tamamen bayan personellerin istihdam edilece\u011fi ve dini e\u011fitimlerin de verilece\u011fi bir lise kurma plan\u0131m\u0131z bulunmaktad\u0131r.<\/span><\/p>\n<p align=\"justify\">\u00a0<\/p>\n<p align=\"justify\"><span lang=\"en-US\"><b>Hedef ve Ama\u00e7: <\/b><\/span><span lang=\"en-US\">Bu projeyle, k\u0131z \u00e7ocuklar\u0131n\u0131n da e\u011fitim alabilece\u011fi uygun ve kaliteli bir e\u011fitim tesisi olu\u015fturmay\u0131 ama\u00e7l\u0131yoruz. E\u011fitimde cinsiyet e\u015fitli\u011fi ilkesine uygun olarak, k\u0131z \u00e7ocuklar\u0131n\u0131n hem akademik hem de dini e\u011fitim alabilecekleri bir ortam sa\u011flanacakt\u0131r.<\/span><\/p>\t\t\t\t\t\t\t\t<\/div>\n\t\t\t\t<div class=\"elementor-element elementor-element-4a86ac4 elementor-widget elementor-widget-spacer\" data-id=\"4a86ac4\" data-element_type=\"widget\" data-widget_type=\"spacer.default\">\n\t\t\t\t\t\t\t<div class=\"elementor-spacer\">\n\t\t\t<div class=\"elementor-spacer-inner\"><\/div>\n\t\t<\/div>\n\t\t\t\t\t\t<\/div>\n\t\t\t\t<div class=\"elementor-element elementor-element-5f68646 elementor-widget elementor-widget-text-editor\" data-id=\"5f68646\" data-element_type=\"widget\" data-widget_type=\"text-editor.default\">\n\t\t\t\t\t\t\t\t\t<h4 align=\"justify\"><a name=\"_Toc174710807\"><\/a> <span lang=\"tr-TR\"><b>Ahmet Yesevi Koleji Tahar Erkek Lisesi<\/b><\/span><\/h4>\n<p>\u00a0<\/p>\n<p align=\"justify\"><span lang=\"tr-TR\">Ahmet Yesevi Koleji, mevcut durumda ortaokul seviyesine kadar e\u011fitim vermektedir. Projemiz, erkek \u00f6\u011frencilere y\u00f6nelik lise e\u011fitimi sunma kapasitesini art\u0131rmak amac\u0131yla lisansl\u0131 \u00f6\u011frenci kay\u0131tlar\u0131n\u0131 alabilece\u011fimiz uygun \u015fartlar\u0131 olu\u015fturmay\u0131 hedeflemektedir.<\/span><\/p>\n<p align=\"justify\">\u00a0<\/p>\n<p align=\"justify\"><span lang=\"tr-TR\"><b>Hedef ve Ama\u00e7: <\/b><\/span><span lang=\"tr-TR\">Ortaokul son s\u0131n\u0131fa kadar e\u011fitim veren kolejimizin lise k\u0131sm\u0131n\u0131 en k\u0131sa zamanda faaliyete ge\u00e7irmek i\u00e7in gerekli haz\u0131rl\u0131klar\u0131 ve kapasite art\u0131r\u0131m\u0131n\u0131 yapmay\u0131 ama\u00e7l\u0131yoruz. B\u00f6ylece, \u00f6\u011frencilere kesintisiz ve nitelikli bir e\u011fitim sunarak, onlar\u0131n akademik geli\u015fimlerine destek olmay\u0131 hedefliyoruz.<\/span><\/p>\t\t\t\t\t\t\t\t<\/div>\n\t\t\t\t\t<\/div>\n\t\t<\/div>\n\t\t\t\t\t<\/div>\n\t\t<\/section>\n\t\t\t\t<\/div>\n\t\t","protected":false},"excerpt":{"rendered":"<p>E\u011fitim Projeleri E\u011fitim alan\u0131ndaki projelerimiz, kaliteli ve eri\u015filebilir e\u011fitim f\u0131rsatlar\u0131 sunmay\u0131 hedeflemektedir. Bu kapsamda, Ahmet Yesevi Koleji Tahar K\u0131z Lisesi ve Ahmet Yesevi Koleji Tahar Erkek Lisesi projelerimiz \u00f6ne \u00e7\u0131kmaktad\u0131r. [&hellip;]<\/p>\n","protected":false},"author":1,"featured_media":0,"parent":0,"menu_order":0,"comment_status":"closed","ping_status":"closed","template":"","meta":{"give_campaign_id":0,"footnotes":""},"class_list":["post-14559","page","type-page","status-publish","hentry"],"campaignId":"","_links":{"self":[{"href":"https:\/\/horasan.dijitalpiksel.com\/index.php?rest_route=\/wp\/v2\/pages\/14559","targetHints":{"allow":["GET"]}}],"collection":[{"href":"https:\/\/horasan.dijitalpiksel.com\/index.php?rest_route=\/wp\/v2\/pages"}],"about":[{"href":"https:\/\/horasan.dijitalpiksel.com\/index.php?rest_route=\/wp\/v2\/types\/page"}],"author":[{"embeddable":true,"href":"https:\/\/horasan.dijitalpiksel.com\/index.php?rest_route=\/wp\/v2\/users\/1"}],"replies":[{"embeddable":true,"href":"https:\/\/horasan.dijitalpiksel.com\/index.php?rest_route=%2Fwp%2Fv2%2Fcomments&post=14559"}],"version-history":[{"count":7,"href":"https:\/\/horasan.dijitalpiksel.com\/index.php?rest_route=\/wp\/v2\/pages\/14559\/revisions"}],"predecessor-version":[{"id":15019,"href":"https:\/\/horasan.dijitalpiksel.com\/index.php?rest_route=\/wp\/v2\/pages\/14559\/revisions\/15019"}],"wp:attachment":[{"href":"https:\/\/horasan.dijitalpiksel.com\/index.php?rest_route=%2Fwp%2Fv2%2Fmedia&parent=14559"}],"curies":[{"name":"wp","href":"https:\/\/api.w.org\/{rel}","templated":true}]}}