{"id":14554,"date":"2026-02-03T12:51:53","date_gmt":"2026-02-03T12:51:53","guid":{"rendered":"https:\/\/horasan.dijitalpiksel.com\/?page_id=14554"},"modified":"2026-02-10T23:05:57","modified_gmt":"2026-02-10T23:05:57","slug":"egitim-kultur-projeleri","status":"publish","type":"page","link":"https:\/\/horasan.dijitalpiksel.com\/?page_id=14554","title":{"rendered":"E\u011fitim &amp; K\u00fclt\u00fcr Projeleri"},"content":{"rendered":"\t\t<div data-elementor-type=\"wp-page\" data-elementor-id=\"14554\" class=\"elementor elementor-14554\">\n\t\t\t\t\t\t<section class=\"elementor-section elementor-top-section elementor-element elementor-element-df26b5c elementor-section-stretched elementor-section-content-middle elementor-section-boxed elementor-section-height-default elementor-section-height-default\" data-id=\"df26b5c\" data-element_type=\"section\" data-settings=\"{&quot;stretch_section&quot;:&quot;section-stretched&quot;,&quot;background_background&quot;:&quot;classic&quot;}\">\n\t\t\t\t\t\t\t<div class=\"elementor-background-overlay\"><\/div>\n\t\t\t\t\t\t\t<div class=\"elementor-container elementor-column-gap-default\">\n\t\t\t\t\t<div class=\"elementor-column elementor-col-100 elementor-top-column elementor-element elementor-element-20558a88\" data-id=\"20558a88\" data-element_type=\"column\">\n\t\t\t<div class=\"elementor-widget-wrap elementor-element-populated\">\n\t\t\t\t\t\t<div class=\"elementor-element elementor-element-45cdbdb8 elementor-widget elementor-widget-heading\" data-id=\"45cdbdb8\" data-element_type=\"widget\" data-widget_type=\"heading.default\">\n\t\t\t\t\t<h1 class=\"elementor-heading-title elementor-size-default\">E\u011fitim ve K\u00fclt\u00fcr Projeleri<\/h1>\t\t\t\t<\/div>\n\t\t\t\t\t<\/div>\n\t\t<\/div>\n\t\t\t\t\t<\/div>\n\t\t<\/section>\n\t\t\t\t<section class=\"elementor-section elementor-top-section elementor-element elementor-element-2bfe03a5 elementor-section-stretched elementor-section-boxed elementor-section-height-default elementor-section-height-default\" data-id=\"2bfe03a5\" data-element_type=\"section\" data-settings=\"{&quot;stretch_section&quot;:&quot;section-stretched&quot;,&quot;background_background&quot;:&quot;classic&quot;}\">\n\t\t\t\t\t\t<div class=\"elementor-container elementor-column-gap-default\">\n\t\t\t\t\t<div class=\"elementor-column elementor-col-100 elementor-top-column elementor-element elementor-element-623633c1\" data-id=\"623633c1\" data-element_type=\"column\">\n\t\t\t<div class=\"elementor-widget-wrap elementor-element-populated\">\n\t\t\t\t\t\t<div class=\"elementor-element elementor-element-07dac24 elementor-widget elementor-widget-text-editor\" data-id=\"07dac24\" data-element_type=\"widget\" data-widget_type=\"text-editor.default\">\n\t\t\t\t\t\t\t\t\t<h4><a name=\"_Toc174710799\"><\/a> <span lang=\"tr-TR\"><b>\u00dcniversite \u00d6\u011frencilerine Y\u00f6nelik \u0130htisas Programlar\u0131<\/b><\/span><\/h4><p>\u00a0<\/p><p align=\"justify\"><span lang=\"en-US\">\u00dcniversite \u00f6\u011frencilerine y\u00f6nelik ihtisas programlar\u0131, gelecekte \u00f6\u011frencilerin kendi alanlar\u0131nda derinle\u015fmeleri ve uzmanla\u015fmalar\u0131 i\u00e7in planlanmaktad\u0131r. Bu programlar, \u00f6\u011frencilere belirli disiplinlerde kapsaml\u0131 bilgi ve beceri kazand\u0131rmay\u0131 hedeflemektedir.<\/span><\/p><p align=\"justify\">\u00a0<\/p><p align=\"justify\"><span lang=\"en-US\"><b>Program\u0131n \u0130\u00e7eri\u011fi ve Yap\u0131s\u0131:<\/b><\/span><\/p><ul><li><p align=\"justify\"><span lang=\"en-US\"><b>Uzmanl\u0131k Alanlar\u0131:<\/b><\/span><span lang=\"en-US\"> Planlanan programlar, \u00e7e\u015fitli uzmanl\u0131k alanlar\u0131n\u0131 kapsayacak \u015fekilde geni\u015f bir yelpazede sunulmay\u0131 ama\u00e7lamaktad\u0131r. Her bir program, belirli bir disiplinin derinlemesine anla\u015f\u0131lmas\u0131n\u0131 sa\u011flayacak \u015fekilde tasarlanacakt\u0131r.<\/span><\/p><\/li><li><p align=\"justify\"><span lang=\"en-US\"><b>Kapsaml\u0131 E\u011fitim Mod\u00fclleri:<\/b><\/span><span lang=\"en-US\"> E\u011fitim mod\u00fclleri, hem teorik bilgileri hem de uygulamal\u0131 deneyimleri i\u00e7erecek \u015fekilde d\u00fczenlenecektir. Bu, \u00f6\u011frencilerin akademik bilgilerini pratikte uygulayabilmelerini sa\u011flayacakt\u0131r.<\/span><\/p><\/li><li><p align=\"justify\"><span lang=\"en-US\"><b>G\u00fcncel \u0130\u00e7erik:<\/b><\/span><span lang=\"en-US\"> Program i\u00e7eriklerinin, akademik ve sekt\u00f6rel geli\u015fmelere uygun olarak d\u00fczenli olarak g\u00fcncellenmesi hedeflenmektedir. \u00d6\u011frencilerin en g\u00fcncel bilgilerle e\u011fitim almas\u0131 sa\u011flanacakt\u0131r.<\/span><\/p><\/li><\/ul><p align=\"justify\">\u00a0<\/p><p align=\"justify\"><span lang=\"en-US\"><b>Katk\u0131 ve Faydalar:<\/b><\/span><\/p><ul><li><p align=\"justify\"><span lang=\"en-US\"><b>Kariyer Haz\u0131rl\u0131\u011f\u0131:<\/b><\/span><span lang=\"en-US\"> Programlar\u0131n, \u00f6\u011frencilerin kariyer hedeflerine ula\u015fmalar\u0131na yard\u0131mc\u0131 olacak kapsaml\u0131 e\u011fitim ve rehberlik sunmas\u0131 beklenmektedir. Mezunlar\u0131n, alanlar\u0131nda y\u00fcksek d\u00fczeyde uzmanl\u0131k ve bilgi sahibi olmalar\u0131 hedeflenmektedir.<\/span><\/p><\/li><li><p align=\"justify\"><span lang=\"en-US\"><b>Bireysel Geli\u015fim:<\/b><\/span><span lang=\"en-US\"> \u0130htisas programlar\u0131n\u0131n, \u00f6\u011frencilerin ki\u015fisel ve akademik geli\u015fimlerini desteklemesi ama\u00e7lanmaktad\u0131r. Kat\u0131l\u0131mc\u0131lar\u0131n profesyonel yetkinliklerini art\u0131rarak i\u015f d\u00fcnyas\u0131na daha iyi bir haz\u0131rl\u0131k yapmalar\u0131 sa\u011flanacakt\u0131r.<\/span><\/p><\/li><\/ul><p align=\"justify\">\u00a0<\/p><p align=\"justify\"><span lang=\"en-US\"><b>Kalite ve S\u00fcrekli \u0130yile\u015ftirme: <\/b><\/span><span lang=\"en-US\">E\u011fitim faaliyetlerinin, s\u00fcrekli olarak g\u00f6zden ge\u00e7irilmesi ve iyile\u015ftirilmesi planlanmaktad\u0131r. \u00d6\u011frencilerden al\u0131nacak geri bildirimler do\u011frultusunda, programlar\u0131n kalitesinin en \u00fcst seviyede tutulmas\u0131 ama\u00e7lanacakt\u0131r. Bu \u00e7abalar, \u00f6\u011frencilere en etkili ve faydal\u0131 e\u011fitim deneyimini sunmay\u0131 hedefleyecektir.<\/span><\/p>\t\t\t\t\t\t\t\t<\/div>\n\t\t\t\t<div class=\"elementor-element elementor-element-245df22 elementor-widget elementor-widget-spacer\" data-id=\"245df22\" data-element_type=\"widget\" data-widget_type=\"spacer.default\">\n\t\t\t\t\t\t\t<div class=\"elementor-spacer\">\n\t\t\t<div class=\"elementor-spacer-inner\"><\/div>\n\t\t<\/div>\n\t\t\t\t\t\t<\/div>\n\t\t\t\t<div class=\"elementor-element elementor-element-f41ef06 elementor-widget elementor-widget-text-editor\" data-id=\"f41ef06\" data-element_type=\"widget\" data-widget_type=\"text-editor.default\">\n\t\t\t\t\t\t\t\t\t<h4>\u00a0<a name=\"_Toc174710800\"><\/a> <span lang=\"tr-TR\"><b>T\u00fcrk D\u00fcnyas\u0131, Asya ve Afrika&#8217;dan Gelen \u00d6\u011frencilere Y\u00f6nelik Sertifika Programlar\u0131<\/b><\/span><\/h4><p>\u00a0<\/p><p align=\"justify\"><span lang=\"en-US\"><b>Program\u0131n Amac\u0131 ve \u0130\u00e7eri\u011fi: <\/b><\/span><span lang=\"en-US\">Gelecekte T\u00fcrk D\u00fcnyas\u0131, Asya ve Afrika&#8217;dan \u00fclkemize e\u011fitim ama\u00e7l\u0131 gelen lisans ve y\u00fcksek lisans \u00f6\u011frencileri i\u00e7in &#8220;T\u00fcrkistan-Horasan marifeti&#8221; \u00e7er\u00e7evesinde sertifika programlar\u0131 d\u00fczenlemeyi planl\u0131yoruz. Bu programlar, Anadolu irfan\u0131n\u0131n Horasan b\u00f6lgesinde yay\u0131lmas\u0131n\u0131 hedefleyecek ve hem y\u00fcz y\u00fcze hem de \u00e7evrimi\u00e7i olarak sunulacakt\u0131r. \u00d6\u011frencilere, Horasan b\u00f6lgesindeki Anadolu irfan\u0131yla ilgili derinlemesine bilgi ve anlay\u0131\u015f kazand\u0131rmak amac\u0131nday\u0131z.<\/span><\/p><p align=\"justify\">\u00a0<\/p><p align=\"justify\"><span lang=\"en-US\"><b>Uzmanla\u015fma ve Kariyer F\u0131rsatlar\u0131: <\/b><\/span><span lang=\"en-US\">Sertifika programlar\u0131m\u0131z\u0131n, kat\u0131l\u0131mc\u0131lara bu alanda uzmanla\u015fma imk\u00e2n\u0131 sunarak, mezunlar\u0131n\u0131n daha geni\u015f kapsaml\u0131 kariyer yollar\u0131na ad\u0131m atmalar\u0131na yard\u0131mc\u0131 olmas\u0131n\u0131 bekliyoruz. Programlar, \u00f6\u011frencilerin akademik ve profesyonel geli\u015fimlerine katk\u0131da bulunmay\u0131 ama\u00e7lamaktad\u0131r.<\/span><\/p><p align=\"justify\">\u00a0<\/p><p align=\"justify\"><span lang=\"en-US\"><b>Kalite ve S\u00fcrekli Geli\u015fim: <\/b><\/span><span lang=\"en-US\">E\u011fitim faaliyetlerimizi s\u00fcrekli olarak g\u00f6zden ge\u00e7irmeyi ve iyile\u015ftirmeyi hedefliyoruz. Amac\u0131m\u0131z, \u00f6\u011frencilere y\u00fcksek kaliteli bir e\u011fitim deneyimi sunmak ve onlar\u0131n akademik ve ki\u015fisel geli\u015fimlerine katk\u0131da bulunmakt\u0131r. Sertifika programlar\u0131m\u0131z\u0131 en g\u00fcncel bilgiler ve y\u00f6ntemlerle geli\u015ftirmeye \u00e7aba g\u00f6sterece\u011fiz.<\/span><\/p>\t\t\t\t\t\t\t\t<\/div>\n\t\t\t\t<div class=\"elementor-element elementor-element-4a86ac4 elementor-widget elementor-widget-spacer\" data-id=\"4a86ac4\" data-element_type=\"widget\" data-widget_type=\"spacer.default\">\n\t\t\t\t\t\t\t<div class=\"elementor-spacer\">\n\t\t\t<div class=\"elementor-spacer-inner\"><\/div>\n\t\t<\/div>\n\t\t\t\t\t\t<\/div>\n\t\t\t\t<div class=\"elementor-element elementor-element-5f68646 elementor-widget elementor-widget-text-editor\" data-id=\"5f68646\" data-element_type=\"widget\" data-widget_type=\"text-editor.default\">\n\t\t\t\t\t\t\t\t\t<h4 align=\"justify\"><a name=\"_Toc174710801\"><\/a> <span lang=\"tr-TR\"><b>Horasan B\u00fclteni \/ Khorasan Report<\/b><\/span><\/h4><p>\u00a0<\/p><p align=\"justify\"><span lang=\"en-US\">G\u00fcn\u00fcm\u00fczde bilgi \u00e7a\u011f\u0131nda ya\u015famam\u0131z, s\u00fcrekli olarak yeni bilgilere olan ihtiyac\u0131 art\u0131rmaktad\u0131r. Bu ihtiyaca cevap verebilmek amac\u0131yla, \u00e7a\u011f\u0131n gereksinimlerine uygun interaktif bir ayl\u0131k dergi projesi olan \u201cHorasan B\u00fclten\u201d (Khorasan Report) ba\u015flat\u0131lmas\u0131 planlanmaktad\u0131r. Bu proje, fikirlerimizi ve faaliyetlerimizi etkili bir \u015fekilde payla\u015fmak ve duyurmak i\u00e7in bir mecra olu\u015fturmay\u0131 ama\u00e7lamaktad\u0131r.<\/span><\/p><p align=\"justify\">\u00a0<\/p><p align=\"justify\"><span lang=\"en-US\"><b>Hedef: <\/b><\/span><span lang=\"en-US\">\u201cHorasan B\u00fclten\u201d dergisi ile, okurlar\u0131n zihnini a\u00e7may\u0131 ve olaylara Horasan erk\u00e2n\u0131 perspektifinden bakmay\u0131 sa\u011flamay\u0131 hedeflemekteyiz. \u0130\u00e7erikler, \u0130slam, tarih, haber yorumlar\u0131 ve analizleri, biyografi, portreler ve detay dosyalar gibi geni\u015f bir konu yelpazesi sunarak, okuyuculara kapsaml\u0131 bilgi sunmay\u0131 planl\u0131yoruz.<\/span><\/p><p align=\"justify\">\u00a0<\/p><p align=\"justify\"><span lang=\"en-US\"><b>Yazarlar ve \u0130\u00e7erikler: <\/b><\/span><span lang=\"en-US\">Dergide yer alacak yaz\u0131lar, deneyimli yazarlar ve akademisyenler taraf\u0131ndan haz\u0131rlanacak ve bas\u0131n-yay\u0131n ilkelerine uygun \u015fekilde d\u00fczenlenecektir. Amac\u0131m\u0131z, okuyuculara do\u011fru, g\u00fcvenilir ve objektif bilgiler sunmak ve anla\u015f\u0131labilir bir dil kullanarak konular\u0131 net bir \u015fekilde ifade etmektir.<\/span><\/p><p align=\"justify\">\u00a0<\/p><p align=\"justify\"><span lang=\"en-US\"><b>Konular: <\/b><\/span><span lang=\"en-US\">Dergimizin odak noktalar\u0131, \u0130slam\u2019\u0131n tarihinde ya\u015fanan s\u00fcre\u00e7ler, g\u00fcn\u00fcm\u00fcz geli\u015fmeleri, g\u00fcncel haber yorumlar\u0131 ve analizleri ile tarih\u00ee ki\u015filiklerin portreleri gibi konular\u0131 kapsayacakt\u0131r. Bu konular, okuyucular\u0131n bilgi seviyelerini art\u0131rmay\u0131 ve d\u00fc\u015f\u00fcnsel perspektiflerini geni\u015fletmeyi hedeflemektedir.<\/span><\/p><p align=\"justify\">\u00a0<\/p><p align=\"justify\"><span lang=\"en-US\"><b>Ama\u00e7: <\/b><\/span><span lang=\"en-US\">Okuyucular\u0131n bilgi d\u00fczeyini art\u0131rarak fark\u0131ndal\u0131klar\u0131n\u0131 geli\u015ftirmek, yeni ve \u00f6zel fark\u0131ndal\u0131klar yaratmak ve d\u00fc\u015f\u00fcnce d\u00fcnyalar\u0131n\u0131 geni\u015fletmek temel amac\u0131m\u0131zd\u0131r. Her say\u0131da yeni bilgiler sunarak, okuyucular\u0131n zihinlerinde yeni ufuklar a\u00e7may\u0131 hedeflemekteyiz.<\/span><\/p><p align=\"justify\">\u00a0<\/p><p align=\"justify\"><span lang=\"en-US\"><b>Sonu\u00e7: <\/b><\/span><span lang=\"en-US\">\u201cHorasan B\u00fclten\u201d (Khorasan Report) projesi ile, bilgi \u00e7a\u011f\u0131n\u0131n gereksinimlerine uygun bir dergi olu\u015fturarak okuyuculara de\u011ferli i\u00e7erikler sunmay\u0131 planl\u0131yoruz. \u0130slam, tarih, haber yorumlar\u0131 ve analizleri gibi konulara odaklanarak, okuyucular\u0131n bilgi seviyelerini art\u0131rmay\u0131 ve d\u00fc\u015f\u00fcnsel zenginliklerini geli\u015ftirmeyi ama\u00e7l\u0131yoruz.<\/span><\/p>\t\t\t\t\t\t\t\t<\/div>\n\t\t\t\t<div class=\"elementor-element elementor-element-e610933 elementor-widget elementor-widget-spacer\" data-id=\"e610933\" data-element_type=\"widget\" data-widget_type=\"spacer.default\">\n\t\t\t\t\t\t\t<div class=\"elementor-spacer\">\n\t\t\t<div class=\"elementor-spacer-inner\"><\/div>\n\t\t<\/div>\n\t\t\t\t\t\t<\/div>\n\t\t\t\t<div class=\"elementor-element elementor-element-944e1c9 elementor-widget elementor-widget-text-editor\" data-id=\"944e1c9\" data-element_type=\"widget\" data-widget_type=\"text-editor.default\">\n\t\t\t\t\t\t\t\t\t<h4><a name=\"_Toc174710802\"><\/a> <span lang=\"tr-TR\"><b>\u00c2l-\u0130 Ab\u00e2 Horasan Yolu Online Radyo ve Televizyonu<\/b><\/span><\/h4><p>\u00a0<\/p><p align=\"justify\">\u201c<span lang=\"en-US\">\u00c2l-i Ab\u00e2 Horasan Yolu Online Radyo ve Televizyonu\u201d projesi, T\u00fcrk ve \u0130slam Medeniyeti&#8217;nin temelini olu\u015fturan &#8220;T\u00fcrkistan-Horasan marifeti&#8221; \u00e7izgisinde yay\u0131nlar yapmay\u0131 ama\u00e7lamaktad\u0131r. Proje, dernek b\u00fcnyesinde e\u011fitim alm\u0131\u015f \u00f6\u011frenciler taraf\u0131ndan haz\u0131rlanan programlar\u0131n, hem online platformlarda hem de geleneksel radyo ve TV kanallar\u0131nda &#8220;paket programlar&#8221; halinde sunulmas\u0131n\u0131 hedeflemektedir. Bu yay\u0131nlar, Horasan erlerinin prensiplerini ve ya\u015fam tarzlar\u0131n\u0131 tan\u0131tmay\u0131 ama\u00e7layarak bu de\u011ferlerin daha geni\u015f kitleler taraf\u0131ndan benimsenmesine katk\u0131da bulunmay\u0131 planlamaktad\u0131r.<\/span><\/p><p align=\"justify\">\u00a0<\/p><p align=\"justify\"><span lang=\"en-US\"><b>Proje Haz\u0131rl\u0131k S\u00fcreci: <\/b><\/span><span lang=\"en-US\">Projenin haz\u0131rl\u0131k s\u00fcreci bir y\u0131l olarak \u00f6ng\u00f6r\u00fclmektedir ve bu s\u00fcre\u00e7 Eyl\u00fcl 2023 itibariyle ba\u015flam\u0131\u015ft\u0131r. Haz\u0131rl\u0131k a\u015famas\u0131nda, yay\u0131n i\u00e7eri\u011finin geli\u015ftirilmesi, teknik altyap\u0131n\u0131n kurulmas\u0131 ve programlar\u0131n planlanmas\u0131 gibi \u00f6nemli \u00e7al\u0131\u015fmalar ger\u00e7ekle\u015ftirilmektedir.<\/span><\/p><p align=\"justify\">\u00a0<\/p><p align=\"justify\"><span lang=\"en-US\"><b>Beklenen Sonu\u00e7lar:<\/b><\/span><\/p><ul><li><p align=\"justify\"><span lang=\"en-US\"><b>Horasan Yolu\u2019nun Tan\u0131t\u0131m\u0131:<\/b><\/span><span lang=\"en-US\"> Proje, Horasan erlerinin prensiplerini, d\u00fcnya g\u00f6r\u00fc\u015flerini ve ya\u015fam tarzlar\u0131n\u0131 tan\u0131tarak, Horasan Yolu\u2019nun daha geni\u015f kitleler taraf\u0131ndan benimsenmesine katk\u0131 sa\u011flamay\u0131 hedeflemektedir.<\/span><\/p><\/li><li><p align=\"justify\"><span lang=\"en-US\"><b>Artan \u0130lgi ve Kat\u0131l\u0131m:<\/b><\/span><span lang=\"en-US\"> E\u011fitim alan \u00f6\u011frenciler taraf\u0131ndan haz\u0131rlanan programlar\u0131n, dinleyici ve izleyici kitlesi taraf\u0131ndan b\u00fcy\u00fck ilgi g\u00f6rmesi ve \u201cHorasan Yolu\u201d prensiplerine olan ilginin artmas\u0131na katk\u0131da bulunmas\u0131 beklenmektedir.<\/span><\/p><\/li><li><p align=\"justify\"><span lang=\"en-US\"><b>Geni\u015f Kitlelere Ula\u015f\u0131m:<\/b><\/span><span lang=\"en-US\"> Programlar\u0131n, geleneksel radyo ve TV kanallar\u0131nda da yay\u0131nlanmas\u0131 planlanarak, daha geni\u015f bir kitleye ula\u015f\u0131lmas\u0131 hedeflenmektedir. Bu, projeye olan eri\u015fimi ve etkiyi art\u0131rmay\u0131 ama\u00e7lamaktad\u0131r.<\/span><\/p><\/li><\/ul><p align=\"justify\">\u00a0<\/p><p align=\"justify\"><span lang=\"en-US\">Bu proje, Horasan Yolu\u2019nun yayg\u0131nla\u015ft\u0131r\u0131lmas\u0131 ve k\u00fclt\u00fcrel miras\u0131n korunmas\u0131 konular\u0131nda \u00f6nemli bir ad\u0131m olarak de\u011ferlendirilmektedir.<\/span><\/p>\t\t\t\t\t\t\t\t<\/div>\n\t\t\t\t\t<\/div>\n\t\t<\/div>\n\t\t\t\t\t<\/div>\n\t\t<\/section>\n\t\t\t\t<\/div>\n\t\t","protected":false},"excerpt":{"rendered":"<p>E\u011fitim ve K\u00fclt\u00fcr Projeleri \u00dcniversite \u00d6\u011frencilerine Y\u00f6nelik \u0130htisas Programlar\u0131 \u00a0 \u00dcniversite \u00f6\u011frencilerine y\u00f6nelik ihtisas programlar\u0131, gelecekte \u00f6\u011frencilerin kendi alanlar\u0131nda derinle\u015fmeleri ve uzmanla\u015fmalar\u0131 i\u00e7in planlanmaktad\u0131r. Bu programlar, \u00f6\u011frencilere belirli disiplinlerde kapsaml\u0131 [&hellip;]<\/p>\n","protected":false},"author":1,"featured_media":0,"parent":0,"menu_order":0,"comment_status":"closed","ping_status":"closed","template":"","meta":{"give_campaign_id":0,"footnotes":""},"class_list":["post-14554","page","type-page","status-publish","hentry"],"campaignId":"","_links":{"self":[{"href":"https:\/\/horasan.dijitalpiksel.com\/index.php?rest_route=\/wp\/v2\/pages\/14554","targetHints":{"allow":["GET"]}}],"collection":[{"href":"https:\/\/horasan.dijitalpiksel.com\/index.php?rest_route=\/wp\/v2\/pages"}],"about":[{"href":"https:\/\/horasan.dijitalpiksel.com\/index.php?rest_route=\/wp\/v2\/types\/page"}],"author":[{"embeddable":true,"href":"https:\/\/horasan.dijitalpiksel.com\/index.php?rest_route=\/wp\/v2\/users\/1"}],"replies":[{"embeddable":true,"href":"https:\/\/horasan.dijitalpiksel.com\/index.php?rest_route=%2Fwp%2Fv2%2Fcomments&post=14554"}],"version-history":[{"count":10,"href":"https:\/\/horasan.dijitalpiksel.com\/index.php?rest_route=\/wp\/v2\/pages\/14554\/revisions"}],"predecessor-version":[{"id":15016,"href":"https:\/\/horasan.dijitalpiksel.com\/index.php?rest_route=\/wp\/v2\/pages\/14554\/revisions\/15016"}],"wp:attachment":[{"href":"https:\/\/horasan.dijitalpiksel.com\/index.php?rest_route=%2Fwp%2Fv2%2Fmedia&parent=14554"}],"curies":[{"name":"wp","href":"https:\/\/api.w.org\/{rel}","templated":true}]}}