{"id":14544,"date":"2026-02-03T12:47:57","date_gmt":"2026-02-03T12:47:57","guid":{"rendered":"https:\/\/horasan.dijitalpiksel.com\/?page_id=14544"},"modified":"2026-02-10T23:05:09","modified_gmt":"2026-02-10T23:05:09","slug":"almanya-turk-toplumu-ile-sosyal-bilinc-bulusmalari","status":"publish","type":"page","link":"https:\/\/horasan.dijitalpiksel.com\/?page_id=14544","title":{"rendered":"Almanya T\u00fcrk Toplumu ile Sosyal Bilin\u00e7 Bulu\u015fmalar\u0131"},"content":{"rendered":"\t\t<div data-elementor-type=\"wp-page\" data-elementor-id=\"14544\" class=\"elementor elementor-14544\">\n\t\t\t\t\t\t<section class=\"elementor-section elementor-top-section elementor-element elementor-element-df26b5c elementor-section-stretched elementor-section-content-middle elementor-section-boxed elementor-section-height-default elementor-section-height-default\" data-id=\"df26b5c\" data-element_type=\"section\" data-settings=\"{&quot;stretch_section&quot;:&quot;section-stretched&quot;,&quot;background_background&quot;:&quot;classic&quot;}\">\n\t\t\t\t\t\t\t<div class=\"elementor-background-overlay\"><\/div>\n\t\t\t\t\t\t\t<div class=\"elementor-container elementor-column-gap-default\">\n\t\t\t\t\t<div class=\"elementor-column elementor-col-100 elementor-top-column elementor-element elementor-element-20558a88\" data-id=\"20558a88\" data-element_type=\"column\">\n\t\t\t<div class=\"elementor-widget-wrap elementor-element-populated\">\n\t\t\t\t\t\t<div class=\"elementor-element elementor-element-45cdbdb8 elementor-widget elementor-widget-heading\" data-id=\"45cdbdb8\" data-element_type=\"widget\" data-widget_type=\"heading.default\">\n\t\t\t\t\t<h1 class=\"elementor-heading-title elementor-size-default\">Almanya T\u00fcrk Toplumu ile Sosyal Bilin\u00e7 Bulu\u015fmalar\u0131<\/h1>\t\t\t\t<\/div>\n\t\t\t\t\t<\/div>\n\t\t<\/div>\n\t\t\t\t\t<\/div>\n\t\t<\/section>\n\t\t\t\t<section class=\"elementor-section elementor-top-section elementor-element elementor-element-2bfe03a5 elementor-section-stretched elementor-section-boxed elementor-section-height-default elementor-section-height-default\" data-id=\"2bfe03a5\" data-element_type=\"section\" data-settings=\"{&quot;stretch_section&quot;:&quot;section-stretched&quot;,&quot;background_background&quot;:&quot;classic&quot;}\">\n\t\t\t\t\t\t<div class=\"elementor-container elementor-column-gap-default\">\n\t\t\t\t\t<div class=\"elementor-column elementor-col-100 elementor-top-column elementor-element elementor-element-623633c1\" data-id=\"623633c1\" data-element_type=\"column\">\n\t\t\t<div class=\"elementor-widget-wrap elementor-element-populated\">\n\t\t\t\t\t\t<div class=\"elementor-element elementor-element-07dac24 elementor-widget elementor-widget-text-editor\" data-id=\"07dac24\" data-element_type=\"widget\" data-widget_type=\"text-editor.default\">\n\t\t\t\t\t\t\t\t\t<p align=\"justify\"><span lang=\"tr-TR\"><b>Tarih: <\/b><\/span><span lang=\"tr-TR\">Y\u0131l boyunca d\u00fczenli olarak ger\u00e7ekle\u015ftirilmektedir.<\/span><\/p><p align=\"justify\">\u00a0<\/p><p align=\"justify\"><span lang=\"tr-TR\"><b>Ama\u00e7: <\/b><\/span><span lang=\"tr-TR\">Avrupa\u2019da ya\u015fayan T\u00fcrk gen\u00e7lerinin sosyal konularda ve e\u011fitim alanlar\u0131nda fikir al\u0131\u015fveri\u015finde bulunmalar\u0131n\u0131 sa\u011flamak amac\u0131yla d\u00fczenlenmektedir. Bu bulu\u015fmalar, gen\u00e7lerin sosyal bilin\u00e7lerini art\u0131rmay\u0131 ve \u00e7e\u015fitli konularda bilgi payla\u015f\u0131m\u0131n\u0131 te\u015fvik etmeyi hedeflemektedir.<\/span><\/p><p align=\"justify\">\u00a0<\/p><p align=\"justify\"><span lang=\"tr-TR\"><b>\u0130\u015f Birli\u011fi: <\/b><\/span><span lang=\"tr-TR\">Almanya T\u00fcrk Toplumu ile ortak organizasyonlar d\u00fczenlenerek, bu bulu\u015fmalar\u0131n etkin bir \u015fekilde y\u00fcr\u00fct\u00fclmesi sa\u011flanmaktad\u0131r. \u0130\u015f birli\u011fi yap\u0131lan organizasyonlar, etkinliklerin kapsam\u0131n\u0131 ve etkilili\u011fini art\u0131rmaya y\u00f6nelik \u00e7aba g\u00f6stermektedir.<\/span><\/p><p align=\"justify\">\u00a0<\/p><p align=\"justify\"><span lang=\"tr-TR\"><b>Faaliyetler:<\/b><\/span><\/p><ul><li><p align=\"justify\"><span lang=\"tr-TR\"><b>Gezi: <\/b><\/span><span lang=\"tr-TR\">Kat\u0131l\u0131mc\u0131lara k\u00fclt\u00fcrel ve sosyal ke\u015fifler yapma f\u0131rsatlar\u0131 sunan geziler d\u00fczenlenmektedir. Bu geziler, farkl\u0131 b\u00f6lgeleri tan\u0131ma ve sosyal ba\u011flar\u0131 g\u00fc\u00e7lendirme amac\u0131n\u0131 ta\u015f\u0131maktad\u0131r.<\/span><\/p><\/li><li><p align=\"justify\"><span lang=\"tr-TR\"><b>\u00c7evrimi\u00e7i ve Y\u00fcz Y\u00fcze Toplant\u0131lar: <\/b><\/span><span lang=\"tr-TR\">Sosyal ve e\u011fitim konular\u0131nda bilgi al\u0131\u015fveri\u015fi yapmak \u00fczere hem \u00e7evrimi\u00e7i hem de y\u00fcz y\u00fcze toplant\u0131lar d\u00fczenlenmektedir. Bu toplant\u0131lar, \u00e7e\u015fitli konularda g\u00f6r\u00fc\u015flerin payla\u015f\u0131lmas\u0131n\u0131 sa\u011flamaktad\u0131r.<\/span><\/p><\/li><li><p align=\"justify\"><span lang=\"tr-TR\"><b>\u00c7al\u0131\u015ftaylar: <\/b><\/span><span lang=\"tr-TR\">Belirli konular \u00fczerinde derinlemesine \u00e7al\u0131\u015fma ve tart\u0131\u015fmalar\u0131n yap\u0131ld\u0131\u011f\u0131 \u00e7al\u0131\u015ftaylar d\u00fczenlenmektedir. \u00c7al\u0131\u015ftaylar, kat\u0131l\u0131mc\u0131lar\u0131n bilgi ve becerilerini geli\u015ftirmeyi ama\u00e7lamaktad\u0131r.<\/span><\/p><\/li><li><p align=\"justify\"><span lang=\"tr-TR\"><b>K\u00fclt\u00fcrel Etkinlikler: <\/b><\/span><span lang=\"tr-TR\">Kat\u0131l\u0131mc\u0131lar\u0131n k\u00fclt\u00fcrel de\u011ferleri ve gelenekleri hakk\u0131nda bilgi edinmelerini sa\u011flayan etkinlikler d\u00fczenlenmektedir. Bu etkinlikler, k\u00fclt\u00fcrel ba\u011flar\u0131 g\u00fc\u00e7lendirmeye katk\u0131da bulunmaktad\u0131r.<\/span><\/p><\/li><\/ul><p align=\"justify\">\u00a0<\/p><p align=\"justify\"><span lang=\"tr-TR\"><b>Sonu\u00e7:<\/b><\/span><span lang=\"tr-TR\"><br \/>Avrupa ve T\u00fcrkiye\u2019de ya\u015fayan gen\u00e7ler aras\u0131nda sosyal ba\u011flar\u0131n g\u00fc\u00e7lenmesi ve bilgi payla\u015f\u0131m\u0131n\u0131n artmas\u0131 sa\u011flanm\u0131\u015ft\u0131r. Bu bulu\u015fmalar, gen\u00e7lerin sosyal bilin\u00e7lerini art\u0131rma ve \u00e7e\u015fitli konularda fikir al\u0131\u015fveri\u015finde bulunmalar\u0131n\u0131 destekleme y\u00f6n\u00fcndeki gayretlerimizi s\u00fcrd\u00fcrmektedir.<\/span><\/p>\t\t\t\t\t\t\t\t<\/div>\n\t\t\t\t\t<\/div>\n\t\t<\/div>\n\t\t\t\t\t<\/div>\n\t\t<\/section>\n\t\t\t\t<\/div>\n\t\t","protected":false},"excerpt":{"rendered":"<p>Almanya T\u00fcrk Toplumu ile Sosyal Bilin\u00e7 Bulu\u015fmalar\u0131 Tarih: Y\u0131l boyunca d\u00fczenli olarak ger\u00e7ekle\u015ftirilmektedir. \u00a0 Ama\u00e7: Avrupa\u2019da ya\u015fayan T\u00fcrk gen\u00e7lerinin sosyal konularda ve e\u011fitim alanlar\u0131nda fikir al\u0131\u015fveri\u015finde bulunmalar\u0131n\u0131 sa\u011flamak amac\u0131yla d\u00fczenlenmektedir. [&hellip;]<\/p>\n","protected":false},"author":1,"featured_media":0,"parent":0,"menu_order":0,"comment_status":"closed","ping_status":"closed","template":"","meta":{"give_campaign_id":0,"footnotes":""},"class_list":["post-14544","page","type-page","status-publish","hentry"],"campaignId":"","_links":{"self":[{"href":"https:\/\/horasan.dijitalpiksel.com\/index.php?rest_route=\/wp\/v2\/pages\/14544","targetHints":{"allow":["GET"]}}],"collection":[{"href":"https:\/\/horasan.dijitalpiksel.com\/index.php?rest_route=\/wp\/v2\/pages"}],"about":[{"href":"https:\/\/horasan.dijitalpiksel.com\/index.php?rest_route=\/wp\/v2\/types\/page"}],"author":[{"embeddable":true,"href":"https:\/\/horasan.dijitalpiksel.com\/index.php?rest_route=\/wp\/v2\/users\/1"}],"replies":[{"embeddable":true,"href":"https:\/\/horasan.dijitalpiksel.com\/index.php?rest_route=%2Fwp%2Fv2%2Fcomments&post=14544"}],"version-history":[{"count":7,"href":"https:\/\/horasan.dijitalpiksel.com\/index.php?rest_route=\/wp\/v2\/pages\/14544\/revisions"}],"predecessor-version":[{"id":15010,"href":"https:\/\/horasan.dijitalpiksel.com\/index.php?rest_route=\/wp\/v2\/pages\/14544\/revisions\/15010"}],"wp:attachment":[{"href":"https:\/\/horasan.dijitalpiksel.com\/index.php?rest_route=%2Fwp%2Fv2%2Fmedia&parent=14544"}],"curies":[{"name":"wp","href":"https:\/\/api.w.org\/{rel}","templated":true}]}}