{"id":14538,"date":"2026-02-03T12:43:49","date_gmt":"2026-02-03T12:43:49","guid":{"rendered":"https:\/\/horasan.dijitalpiksel.com\/?page_id=14538"},"modified":"2026-02-10T23:04:46","modified_gmt":"2026-02-10T23:04:46","slug":"afganistan-insani-yardim-faaliyetlerimiz","status":"publish","type":"page","link":"https:\/\/horasan.dijitalpiksel.com\/?page_id=14538","title":{"rendered":"\u0130nsani Yard\u0131m Faaliyetlerimiz"},"content":{"rendered":"\t\t<div data-elementor-type=\"wp-page\" data-elementor-id=\"14538\" class=\"elementor elementor-14538\">\n\t\t\t\t\t\t<section class=\"elementor-section elementor-top-section elementor-element elementor-element-df26b5c elementor-section-stretched elementor-section-content-middle elementor-section-boxed elementor-section-height-default elementor-section-height-default\" data-id=\"df26b5c\" data-element_type=\"section\" data-settings=\"{&quot;stretch_section&quot;:&quot;section-stretched&quot;,&quot;background_background&quot;:&quot;classic&quot;}\">\n\t\t\t\t\t\t\t<div class=\"elementor-background-overlay\"><\/div>\n\t\t\t\t\t\t\t<div class=\"elementor-container elementor-column-gap-default\">\n\t\t\t\t\t<div class=\"elementor-column elementor-col-100 elementor-top-column elementor-element elementor-element-20558a88\" data-id=\"20558a88\" data-element_type=\"column\">\n\t\t\t<div class=\"elementor-widget-wrap elementor-element-populated\">\n\t\t\t\t\t\t<div class=\"elementor-element elementor-element-45cdbdb8 elementor-widget elementor-widget-heading\" data-id=\"45cdbdb8\" data-element_type=\"widget\" data-widget_type=\"heading.default\">\n\t\t\t\t\t<h1 class=\"elementor-heading-title elementor-size-default\">\u0130nsani Yard\u0131m Faaliyetlerimiz<\/h1>\t\t\t\t<\/div>\n\t\t\t\t\t<\/div>\n\t\t<\/div>\n\t\t\t\t\t<\/div>\n\t\t<\/section>\n\t\t\t\t<section class=\"elementor-section elementor-top-section elementor-element elementor-element-2bfe03a5 elementor-section-stretched elementor-section-boxed elementor-section-height-default elementor-section-height-default\" data-id=\"2bfe03a5\" data-element_type=\"section\" data-settings=\"{&quot;stretch_section&quot;:&quot;section-stretched&quot;,&quot;background_background&quot;:&quot;classic&quot;}\">\n\t\t\t\t\t\t<div class=\"elementor-container elementor-column-gap-default\">\n\t\t\t\t\t<div class=\"elementor-column elementor-col-100 elementor-top-column elementor-element elementor-element-623633c1\" data-id=\"623633c1\" data-element_type=\"column\">\n\t\t\t<div class=\"elementor-widget-wrap elementor-element-populated\">\n\t\t\t\t\t\t<div class=\"elementor-element elementor-element-07dac24 elementor-widget elementor-widget-text-editor\" data-id=\"07dac24\" data-element_type=\"widget\" data-widget_type=\"text-editor.default\">\n\t\t\t\t\t\t\t\t\t<h3><b>\u0130nsani Yard\u0131m Faaliyetlerimiz<\/b><\/h3><p>\u00a0<\/p><h4><a name=\"_Toc174710784\"><\/a><span lang=\"tr-TR\"><b>Ramazan Ay\u0131 \u0130ftarlar\u0131<\/b><\/span><\/h4><p align=\"justify\"><span lang=\"tr-TR\">Ramazan ay\u0131nda, ihtiya\u00e7 sahibi ailelere iftar yemekleri sunarak, toplumda yard\u0131mla\u015fma ve dayan\u0131\u015fma ruhunu g\u00fc\u00e7lendirmeye \u00e7abal\u0131yoruz. Bu faaliyetimiz, Ramazan\u2019\u0131n manevi atmosferinde toplumsal destek sa\u011flamak amac\u0131yla d\u00fczenlenmektedir.<\/span><\/p><p align=\"justify\">\u00a0<\/p><h4 align=\"justify\"><a name=\"_Toc174710785\"><\/a><span lang=\"tr-TR\"><b>Vekaletle Kurban Kesimi ve Da\u011f\u0131t\u0131m\u0131<\/b><\/span><\/h4><p align=\"justify\"><span lang=\"tr-TR\">Kurban Bayram\u0131 s\u0131ras\u0131nda, vekaletle kurban kesimi ve da\u011f\u0131t\u0131m\u0131 hizmetleri sunarak, ihtiya\u00e7 sahiplerine et yard\u0131m\u0131 sa\u011flamaya gayret ediyoruz. Bu faaliyet, kurban etlerinin adil bir \u015fekilde da\u011f\u0131t\u0131lmas\u0131n\u0131 ve muhta\u00e7 ailelere ula\u015fmas\u0131n\u0131 ama\u00e7lamaktad\u0131r.<\/span><\/p><p align=\"justify\">\u00a0<\/p><h4 align=\"justify\"><a name=\"_Toc174710786\"><\/a><span lang=\"tr-TR\"><b>Bayraml\u0131k Elbise Yard\u0131m\u0131<\/b><\/span><\/h4><p align=\"justify\"><span lang=\"tr-TR\">Bayramlarda, ihtiya\u00e7 sahibi \u00e7ocuklar ve aileler i\u00e7in bayraml\u0131k elbiseler temin ederek, bayram co\u015fkusunu payla\u015fmalar\u0131n\u0131 sa\u011fl\u0131yoruz. Bu destek, \u00e7ocuklar\u0131n bayram g\u00fcnlerini daha \u00f6zel ve ne\u015feli ge\u00e7irmelerine katk\u0131da bulunmay\u0131 hedeflemektedir.<\/span><\/p><p align=\"justify\">\u00a0<\/p><h4 align=\"justify\"><a name=\"_Toc174710787\"><\/a><span lang=\"tr-TR\"><b>G\u0131da Yard\u0131mlar\u0131<\/b><\/span><\/h4><p align=\"justify\"><span lang=\"tr-TR\">G\u0131da yard\u0131mlar\u0131 ile muhta\u00e7 ailelerin temel g\u0131da ihtiya\u00e7lar\u0131n\u0131 kar\u015f\u0131lamaya \u00e7al\u0131\u015f\u0131yoruz. G\u0131da paketleri, ailenin ihtiyac\u0131na g\u00f6re d\u00fczenlenerek, sa\u011fl\u0131kl\u0131 ve yeterli beslenmelerini desteklemektedir.<\/span><\/p><p align=\"justify\">\u00a0<\/p><h4 align=\"justify\"><a name=\"_Toc174710788\"><\/a><span lang=\"tr-TR\"><b>\u00dcniforma Deste\u011fi<\/b><\/span><\/h4><p align=\"justify\"><span lang=\"tr-TR\">\u00d6\u011frencilere, e\u011fitim hayatlar\u0131nda ihtiya\u00e7 duyduklar\u0131 \u00fcniformalar\u0131 temin ederek, e\u011fitimlerine destek olmay\u0131 ama\u00e7l\u0131yoruz. Bu destek, \u00f6\u011frencilerin e\u011fitim hayatlar\u0131n\u0131 daha d\u00fczenli ve konforlu bir \u015fekilde s\u00fcrd\u00fcrebilmeleri i\u00e7in sa\u011flanmaktad\u0131r.<\/span><\/p><p align=\"justify\">\u00a0<\/p><h4 align=\"justify\"><a name=\"_Toc174710789\"><\/a><span lang=\"tr-TR\"><b>Is\u0131nma Deste\u011fi (Yakacak Odun)<\/b><\/span><\/h4><p align=\"justify\"><span lang=\"tr-TR\">So\u011fuk k\u0131\u015f aylar\u0131nda, ihtiya\u00e7 sahibi ailelere yakacak odun deste\u011fi sunarak, evlerinde s\u0131cakl\u0131k sa\u011flamalar\u0131na yard\u0131mc\u0131 oluyoruz. Bu faaliyet, k\u0131\u015f \u015fartlar\u0131n\u0131n zorlay\u0131c\u0131 etkilerini hafifletmeyi ama\u00e7lamaktad\u0131r.<\/span><\/p><p align=\"justify\">\u00a0<\/p><h4 align=\"justify\"><a name=\"_Toc174710790\"><\/a><span lang=\"tr-TR\"><b>Erzak Deste\u011fi<\/b><\/span><\/h4><p align=\"justify\"><span lang=\"tr-TR\">Erzak yard\u0131mlar\u0131 ile temel g\u0131da maddelerinin ihtiya\u00e7 sahiplerine ula\u015ft\u0131r\u0131lmas\u0131n\u0131 sa\u011fl\u0131yoruz. Bu destek, ailelerin g\u00fcnl\u00fck ya\u015famlar\u0131nda kar\u015f\u0131la\u015ft\u0131klar\u0131 g\u0131da ihtiya\u00e7lar\u0131n\u0131 kar\u015f\u0131lamalar\u0131na yard\u0131mc\u0131 olmaktad\u0131r.<\/span><\/p><p align=\"justify\">\u00a0<\/p><h4 align=\"justify\"><a name=\"_Toc174710791\"><\/a><span lang=\"tr-TR\"><b>Yetim \u00dcniversite \u00d6\u011frencisi Bursu<\/b><\/span><\/h4><p align=\"justify\"><span lang=\"tr-TR\">Yetim \u00fcniversite \u00f6\u011frencilerine burs sa\u011flayarak, e\u011fitim s\u00fcre\u00e7lerinde ekonomik destek sunuyoruz. Bu burslar, \u00f6\u011frencilerin e\u011fitimlerine odaklanmalar\u0131na ve gelecekteki ba\u015far\u0131lar\u0131na katk\u0131da bulunmalar\u0131na y\u00f6nelik bir \u00e7aba olarak d\u00fczenlenmektedir.<\/span><\/p>\t\t\t\t\t\t\t\t<\/div>\n\t\t\t\t\t<\/div>\n\t\t<\/div>\n\t\t\t\t\t<\/div>\n\t\t<\/section>\n\t\t\t\t<\/div>\n\t\t","protected":false},"excerpt":{"rendered":"<p>\u0130nsani Yard\u0131m Faaliyetlerimiz \u0130nsani Yard\u0131m Faaliyetlerimiz \u00a0 Ramazan Ay\u0131 \u0130ftarlar\u0131 Ramazan ay\u0131nda, ihtiya\u00e7 sahibi ailelere iftar yemekleri sunarak, toplumda yard\u0131mla\u015fma ve dayan\u0131\u015fma ruhunu g\u00fc\u00e7lendirmeye \u00e7abal\u0131yoruz. Bu faaliyetimiz, Ramazan\u2019\u0131n manevi atmosferinde [&hellip;]<\/p>\n","protected":false},"author":1,"featured_media":0,"parent":0,"menu_order":0,"comment_status":"closed","ping_status":"closed","template":"","meta":{"give_campaign_id":0,"footnotes":""},"class_list":["post-14538","page","type-page","status-publish","hentry"],"campaignId":"","_links":{"self":[{"href":"https:\/\/horasan.dijitalpiksel.com\/index.php?rest_route=\/wp\/v2\/pages\/14538","targetHints":{"allow":["GET"]}}],"collection":[{"href":"https:\/\/horasan.dijitalpiksel.com\/index.php?rest_route=\/wp\/v2\/pages"}],"about":[{"href":"https:\/\/horasan.dijitalpiksel.com\/index.php?rest_route=\/wp\/v2\/types\/page"}],"author":[{"embeddable":true,"href":"https:\/\/horasan.dijitalpiksel.com\/index.php?rest_route=\/wp\/v2\/users\/1"}],"replies":[{"embeddable":true,"href":"https:\/\/horasan.dijitalpiksel.com\/index.php?rest_route=%2Fwp%2Fv2%2Fcomments&post=14538"}],"version-history":[{"count":7,"href":"https:\/\/horasan.dijitalpiksel.com\/index.php?rest_route=\/wp\/v2\/pages\/14538\/revisions"}],"predecessor-version":[{"id":15007,"href":"https:\/\/horasan.dijitalpiksel.com\/index.php?rest_route=\/wp\/v2\/pages\/14538\/revisions\/15007"}],"wp:attachment":[{"href":"https:\/\/horasan.dijitalpiksel.com\/index.php?rest_route=%2Fwp%2Fv2%2Fmedia&parent=14538"}],"curies":[{"name":"wp","href":"https:\/\/api.w.org\/{rel}","templated":true}]}}