{"id":14533,"date":"2026-02-03T12:32:05","date_gmt":"2026-02-03T12:32:05","guid":{"rendered":"https:\/\/horasan.dijitalpiksel.com\/?page_id=14533"},"modified":"2026-02-10T23:04:21","modified_gmt":"2026-02-10T23:04:21","slug":"afganistan-kalkinma-faaliyetlerimiz","status":"publish","type":"page","link":"https:\/\/horasan.dijitalpiksel.com\/?page_id=14533","title":{"rendered":"Kalk\u0131nma Faaliyetlerimiz"},"content":{"rendered":"\t\t<div data-elementor-type=\"wp-page\" data-elementor-id=\"14533\" class=\"elementor elementor-14533\">\n\t\t\t\t\t\t<section class=\"elementor-section elementor-top-section elementor-element elementor-element-df26b5c elementor-section-stretched elementor-section-content-middle elementor-section-boxed elementor-section-height-default elementor-section-height-default\" data-id=\"df26b5c\" data-element_type=\"section\" data-settings=\"{&quot;stretch_section&quot;:&quot;section-stretched&quot;,&quot;background_background&quot;:&quot;classic&quot;}\">\n\t\t\t\t\t\t\t<div class=\"elementor-background-overlay\"><\/div>\n\t\t\t\t\t\t\t<div class=\"elementor-container elementor-column-gap-default\">\n\t\t\t\t\t<div class=\"elementor-column elementor-col-100 elementor-top-column elementor-element elementor-element-20558a88\" data-id=\"20558a88\" data-element_type=\"column\">\n\t\t\t<div class=\"elementor-widget-wrap elementor-element-populated\">\n\t\t\t\t\t\t<div class=\"elementor-element elementor-element-45cdbdb8 elementor-widget elementor-widget-heading\" data-id=\"45cdbdb8\" data-element_type=\"widget\" data-widget_type=\"heading.default\">\n\t\t\t\t\t<h1 class=\"elementor-heading-title elementor-size-default\">Kalk\u0131nma Faaliyetlerimiz<\/h1>\t\t\t\t<\/div>\n\t\t\t\t\t<\/div>\n\t\t<\/div>\n\t\t\t\t\t<\/div>\n\t\t<\/section>\n\t\t\t\t<section class=\"elementor-section elementor-top-section elementor-element elementor-element-2bfe03a5 elementor-section-stretched elementor-section-boxed elementor-section-height-default elementor-section-height-default\" data-id=\"2bfe03a5\" data-element_type=\"section\" data-settings=\"{&quot;stretch_section&quot;:&quot;section-stretched&quot;,&quot;background_background&quot;:&quot;classic&quot;}\">\n\t\t\t\t\t\t<div class=\"elementor-container elementor-column-gap-default\">\n\t\t\t\t\t<div class=\"elementor-column elementor-col-100 elementor-top-column elementor-element elementor-element-623633c1\" data-id=\"623633c1\" data-element_type=\"column\">\n\t\t\t<div class=\"elementor-widget-wrap elementor-element-populated\">\n\t\t\t\t\t\t<div class=\"elementor-element elementor-element-07dac24 elementor-widget elementor-widget-text-editor\" data-id=\"07dac24\" data-element_type=\"widget\" data-widget_type=\"text-editor.default\">\n\t\t\t\t\t\t\t\t\t<h4><b>Tahar Un Fabrikas\u0131<\/b><\/h4><p>\u00a0<\/p><p align=\"justify\"><span lang=\"tr-TR\">Afganistan co\u011frafyas\u0131nda bulunan d\u00fcnyan\u0131n en kaliteli makarnal\u0131k ve ekmeklik bu\u011fdaylar\u0131n\u0131n i\u015flenmesini ve \u00fclkeye ekonomik katma de\u011fer sa\u011flanmas\u0131n\u0131 ama\u00e7lanm\u0131\u015ft\u0131r. Proje, 700 y\u0131ll\u0131k Ata tohumlar\u0131ndan elde edilen bu bu\u011fdaylar\u0131n i\u015flenmesi i\u00e7in g\u00fcnl\u00fck 10 ton kapasiteye sahip bir un de\u011firmeni makinesinin temin edilmesini ve b\u00f6lgede kurulmas\u0131n\u0131 i\u00e7ermektedir. B\u00f6ylece istihdam yarat\u0131lmas\u0131, yerel ekonominin g\u00fc\u00e7lendirilmesi ve yetim \u00f6\u011frencilerin ailelerine sosyal destek sa\u011flanmas\u0131 hedeflenmi\u015ftir. Projeye T\u0130KA taraf\u0131ndan makina deste\u011fi sa\u011flanm\u0131\u015ft\u0131r.<\/span><\/p><p align=\"justify\">\u00a0<\/p><p align=\"justify\"><span lang=\"tr-TR\"><b>Proje Sonu\u00e7lar\u0131:<\/b><\/span><\/p><ul><li><p align=\"justify\"><span lang=\"tr-TR\"><b>Yerel Kaynaklar\u0131n De\u011ferlendirilmesi ve Katma De\u011fer \u00dcretimi: <\/b><\/span><span lang=\"tr-TR\">Afganistan\u2019da yerel bu\u011fday kaynaklar\u0131n\u0131n i\u015flenmesi ile ekonomik katma de\u011fer \u00fcretilmi\u015f ve yerel kaynaklar\u0131n etkin kullan\u0131m\u0131 sa\u011flanm\u0131\u015ft\u0131r.<\/span><\/p><\/li><li><p align=\"justify\"><span lang=\"tr-TR\"><b>Yetim \u00d6\u011frencilerin Ailelerine Sosyo-Ekonomik Destek: <\/b><\/span><span lang=\"tr-TR\">Yetim \u00f6\u011frencilerin aileleri i\u015f sahibi yap\u0131larak gelir sa\u011flanm\u0131\u015f ve bu sayede sosyal ve ekonomik destek sunulmu\u015ftur. Bu destek, ailelerin ya\u015fam standartlar\u0131n\u0131 iyile\u015ftirmelerine katk\u0131da bulunmu\u015ftur.<\/span><\/p><\/li><li><p align=\"justify\"><span lang=\"tr-TR\"><b>\u0130stihdam Yarat\u0131lmas\u0131 ve Yerel Ekonominin G\u00fc\u00e7lenmesi: <\/b><\/span><span lang=\"tr-TR\">Proje kapsam\u0131nda istihdam f\u0131rsatlar\u0131 yarat\u0131lm\u0131\u015f ve yerel ekonominin g\u00fc\u00e7lendirilmesine y\u00f6nelik \u00e7aba g\u00f6sterilmi\u015ftir. Bu, b\u00f6lgedeki ekonomik canl\u0131l\u0131\u011f\u0131 art\u0131rm\u0131\u015ft\u0131r.<\/span><\/p><\/li><li><p align=\"justify\"><span lang=\"tr-TR\"><b>Kaliteli Un \u00dcretimi ve Pazarlama \u0130mkanlar\u0131n\u0131n Geli\u015ftirilmesi: <\/b><\/span><span lang=\"tr-TR\">Kaliteli un \u00fcretimi ger\u00e7ekle\u015ftirilmi\u015f ve pazarlama imkanlar\u0131 geli\u015ftirilmi\u015ftir. Bu sayede b\u00f6lgenin un \u00fcretim kapasitesi ve pazar pay\u0131 art\u0131r\u0131lm\u0131\u015ft\u0131r.<\/span><\/p><\/li><\/ul>\t\t\t\t\t\t\t\t<\/div>\n\t\t\t\t\t<\/div>\n\t\t<\/div>\n\t\t\t\t\t<\/div>\n\t\t<\/section>\n\t\t\t\t<\/div>\n\t\t","protected":false},"excerpt":{"rendered":"<p>Kalk\u0131nma Faaliyetlerimiz Tahar Un Fabrikas\u0131 \u00a0 Afganistan co\u011frafyas\u0131nda bulunan d\u00fcnyan\u0131n en kaliteli makarnal\u0131k ve ekmeklik bu\u011fdaylar\u0131n\u0131n i\u015flenmesini ve \u00fclkeye ekonomik katma de\u011fer sa\u011flanmas\u0131n\u0131 ama\u00e7lanm\u0131\u015ft\u0131r. Proje, 700 y\u0131ll\u0131k Ata tohumlar\u0131ndan elde [&hellip;]<\/p>\n","protected":false},"author":1,"featured_media":0,"parent":0,"menu_order":0,"comment_status":"closed","ping_status":"closed","template":"","meta":{"give_campaign_id":0,"footnotes":""},"class_list":["post-14533","page","type-page","status-publish","hentry"],"campaignId":"","_links":{"self":[{"href":"https:\/\/horasan.dijitalpiksel.com\/index.php?rest_route=\/wp\/v2\/pages\/14533","targetHints":{"allow":["GET"]}}],"collection":[{"href":"https:\/\/horasan.dijitalpiksel.com\/index.php?rest_route=\/wp\/v2\/pages"}],"about":[{"href":"https:\/\/horasan.dijitalpiksel.com\/index.php?rest_route=\/wp\/v2\/types\/page"}],"author":[{"embeddable":true,"href":"https:\/\/horasan.dijitalpiksel.com\/index.php?rest_route=\/wp\/v2\/users\/1"}],"replies":[{"embeddable":true,"href":"https:\/\/horasan.dijitalpiksel.com\/index.php?rest_route=%2Fwp%2Fv2%2Fcomments&post=14533"}],"version-history":[{"count":7,"href":"https:\/\/horasan.dijitalpiksel.com\/index.php?rest_route=\/wp\/v2\/pages\/14533\/revisions"}],"predecessor-version":[{"id":15004,"href":"https:\/\/horasan.dijitalpiksel.com\/index.php?rest_route=\/wp\/v2\/pages\/14533\/revisions\/15004"}],"wp:attachment":[{"href":"https:\/\/horasan.dijitalpiksel.com\/index.php?rest_route=%2Fwp%2Fv2%2Fmedia&parent=14533"}],"curies":[{"name":"wp","href":"https:\/\/api.w.org\/{rel}","templated":true}]}}