{"id":14521,"date":"2026-02-03T12:23:11","date_gmt":"2026-02-03T12:23:11","guid":{"rendered":"https:\/\/horasan.dijitalpiksel.com\/?page_id=14521"},"modified":"2026-02-10T23:03:40","modified_gmt":"2026-02-10T23:03:40","slug":"afganistan-egitim-faaliyetleri","status":"publish","type":"page","link":"https:\/\/horasan.dijitalpiksel.com\/?page_id=14521","title":{"rendered":"E\u011fitim Faaliyetleri"},"content":{"rendered":"\t\t<div data-elementor-type=\"wp-page\" data-elementor-id=\"14521\" class=\"elementor elementor-14521\">\n\t\t\t\t\t\t<section class=\"elementor-section elementor-top-section elementor-element elementor-element-df26b5c elementor-section-stretched elementor-section-content-middle elementor-section-boxed elementor-section-height-default elementor-section-height-default\" data-id=\"df26b5c\" data-element_type=\"section\" data-settings=\"{&quot;stretch_section&quot;:&quot;section-stretched&quot;,&quot;background_background&quot;:&quot;classic&quot;}\">\n\t\t\t\t\t\t\t<div class=\"elementor-background-overlay\"><\/div>\n\t\t\t\t\t\t\t<div class=\"elementor-container elementor-column-gap-default\">\n\t\t\t\t\t<div class=\"elementor-column elementor-col-100 elementor-top-column elementor-element elementor-element-20558a88\" data-id=\"20558a88\" data-element_type=\"column\">\n\t\t\t<div class=\"elementor-widget-wrap elementor-element-populated\">\n\t\t\t\t\t\t<div class=\"elementor-element elementor-element-45cdbdb8 elementor-widget elementor-widget-heading\" data-id=\"45cdbdb8\" data-element_type=\"widget\" data-widget_type=\"heading.default\">\n\t\t\t\t\t<h1 class=\"elementor-heading-title elementor-size-default\">E\u011fitim Faaliyetleri<\/h1>\t\t\t\t<\/div>\n\t\t\t\t\t<\/div>\n\t\t<\/div>\n\t\t\t\t\t<\/div>\n\t\t<\/section>\n\t\t\t\t<section class=\"elementor-section elementor-top-section elementor-element elementor-element-2bfe03a5 elementor-section-stretched elementor-section-boxed elementor-section-height-default elementor-section-height-default\" data-id=\"2bfe03a5\" data-element_type=\"section\" data-settings=\"{&quot;stretch_section&quot;:&quot;section-stretched&quot;,&quot;background_background&quot;:&quot;classic&quot;}\">\n\t\t\t\t\t\t<div class=\"elementor-container elementor-column-gap-default\">\n\t\t\t\t\t<div class=\"elementor-column elementor-col-100 elementor-top-column elementor-element elementor-element-623633c1\" data-id=\"623633c1\" data-element_type=\"column\">\n\t\t\t<div class=\"elementor-widget-wrap elementor-element-populated\">\n\t\t\t\t\t\t<div class=\"elementor-element elementor-element-07dac24 elementor-widget elementor-widget-text-editor\" data-id=\"07dac24\" data-element_type=\"widget\" data-widget_type=\"text-editor.default\">\n\t\t\t\t\t\t\t\t\t<h3><a name=\"_Toc174710777\"><\/a> <span style=\"font-size: small;\"><span lang=\"tr-TR\"><b>E\u011fitim Faaliyetleri<\/b><\/span><\/span><\/h3><p>\u00a0<\/p><p align=\"justify\"><span lang=\"tr-TR\">E\u011fitim, gelece\u011fi in\u015fa etmenin en g\u00fc\u00e7l\u00fc ara\u00e7lar\u0131ndan biridir. Bu bilin\u00e7le, Afganistan\u2019daki gen\u00e7lerimize ve \u00e7ocuklar\u0131m\u0131za y\u00f6nelik e\u011fitim faaliyetlerimizi, onlar\u0131n akademik, dini, sosyal ve mesleki geli\u015fimlerine katk\u0131da bulunacak \u015fekilde geni\u015fletmekteyiz. Ahmet Yesev\u00ee Koleji ve f\u00fct\u00fcvvethanelerimizden Tahar Erkek Yetim \u00d6\u011frenci Yurdu\u2019na kadar uzanan e\u011fitim projelerimizle, hem k\u0131z hem de erkek \u00f6\u011frencilerimize kaliteli ve kapsaml\u0131 bir e\u011fitim sunmay\u0131 hedefliyoruz.<\/span><\/p><p align=\"justify\"><span lang=\"tr-TR\">F\u00fct\u00fcvvethanelerimizde, haf\u0131zl\u0131k program\u0131 ve mesleki e\u011fitimler ile gen\u00e7lerimizi donan\u0131ml\u0131 bireyler olarak yeti\u015ftirirken, Ahmet Yesev\u00ee Koleji\u2019nde verdi\u011fimiz T\u00fcrk\u00e7e dersleri ile onlar\u0131n dil becerilerini geli\u015ftiriyor, e\u011fitimci olmaya hevesli olanlar\u0131 e\u011fitmen kadromuza dahil ediyoruz. K\u0131z \u00e7ocuklar\u0131m\u0131z i\u00e7in ise mesleki kurslar d\u00fczenleyerek onlar\u0131n ekonomik ba\u011f\u0131ms\u0131zl\u0131klar\u0131n\u0131 kazanmalar\u0131na destek olmay\u0131 ama\u00e7l\u0131yoruz.<\/span><\/p><p align=\"justify\"><span lang=\"tr-TR\">Tahar Erkek Yetim \u00d6\u011frenci Yurdu, yetim \u00f6\u011frencilerimize g\u00fcvenli bir bar\u0131nma ve e\u011fitim ortam\u0131 sunarken, Haf\u0131zl\u0131k \u0130cazet Merasimi gibi etkinliklerle onlar\u0131n ba\u015far\u0131lar\u0131n\u0131 kutlamay\u0131 ve toplumsal sayg\u0131nl\u0131k kazanmalar\u0131n\u0131 sa\u011flamay\u0131 hedeflemekteyiz. Bu kapsaml\u0131 e\u011fitim faaliyetlerimizle, gen\u00e7lerimize sadece bilgi de\u011fil, ayn\u0131 zamanda de\u011ferler kazand\u0131rarak onlar\u0131n gelece\u011fe umutla bakmalar\u0131n\u0131 sa\u011flamay\u0131 ama\u00e7l\u0131yoruz.<\/span><\/p>\t\t\t\t\t\t\t\t<\/div>\n\t\t\t\t<div class=\"elementor-element elementor-element-245df22 elementor-widget elementor-widget-spacer\" data-id=\"245df22\" data-element_type=\"widget\" data-widget_type=\"spacer.default\">\n\t\t\t\t\t\t\t<div class=\"elementor-spacer\">\n\t\t\t<div class=\"elementor-spacer-inner\"><\/div>\n\t\t<\/div>\n\t\t\t\t\t\t<\/div>\n\t\t\t\t<div class=\"elementor-element elementor-element-f41ef06 elementor-widget elementor-widget-text-editor\" data-id=\"f41ef06\" data-element_type=\"widget\" data-widget_type=\"text-editor.default\">\n\t\t\t\t\t\t\t\t\t<h4><a name=\"_Toc174710778\"><\/a><b>Ahmet Yesev\u00ee Koleji &amp; <\/b><b>K\u0131z ve Erkek F\u00fct\u00fcvvethaneleri<\/b><\/h4><p>\u00a0<\/p><p align=\"justify\"><span lang=\"tr-TR\">2022 y\u0131l\u0131nda ba\u015flayan f\u00fct\u00fcvvethane e\u011fitimlerimiz, ge\u00e7en s\u00fcre zarf\u0131nda b\u00fcy\u00fck bir ilgi ve kat\u0131l\u0131m g\u00f6rm\u00fc\u015f, 4 ayr\u0131 f\u00fct\u00fcvvethanede 400 \u00f6\u011frenci ile devam etmektedir. F\u00fct\u00fcvvethanelerimizde \u00f6\u011frencilerimize sundu\u011fumuz haf\u0131zl\u0131k program\u0131n\u0131 ve di\u011fer dersleri tamamlayarak mezun olan \u00f6\u011frencilerimizin \u00fcniversite veya medrese e\u011fitimlerine y\u00f6nlendirilmelerini sa\u011flayarak onlar\u0131n akademik kariyerlerine katk\u0131da bulunmaktay\u0131z.<\/span><\/p><p align=\"justify\">\u00a0<\/p><p align=\"justify\"><span lang=\"tr-TR\"><i><b>Hem f\u00fct\u00fcvvethanelerimizde hem de kolejimizde verilen T\u00fcrk\u00e7e dersleri sayesinde iyi derecede T\u00fcrk\u00e7e bilen mezunlar\u0131m\u0131z aras\u0131nda f\u00fct\u00fcvvethanemizde e\u011fitimci olma iste\u011finde olanlar\u0131, e\u011fitmen kadromuza dahil ederek \u00f6\u011fretmen say\u0131m\u0131z\u0131 art\u0131rmaktay\u0131z. Bu \u015fekilde, f\u00fct\u00fcvvethane gelene\u011fini devam ettirirken, yeni nesillere bilgi ve de\u011ferlerimizi aktarma misyonumuzu g\u00fc\u00e7lendirmekteyiz.<\/b><\/i><\/span><\/p><p align=\"justify\">\u00a0<\/p><table width=\"100%\" cellspacing=\"1\" cellpadding=\"4\"><tbody><tr><td valign=\"top\" bgcolor=\"#cccccc\" width=\"100%\"><p align=\"justify\"><span lang=\"tr-TR\"><i><b>F\u00fct\u00fcvvethanelerimizde e\u011fitim alan her \u00f6\u011frencimizin bir meslek \u00f6\u011frenmesine te\u015fvik edilmesi, T\u00fcrkistan \u2013 Horasan ekol\u00fc ile dini bilgileri edinen \u00f6\u011frencilerimizin hayatlar\u0131n\u0131 ilerleyen y\u0131llarda el eme\u011fi ve al\u0131n teriyle sa\u011flamalar\u0131na olanak tan\u0131maktad\u0131r. Temel amac\u0131m\u0131z, ilkokuldan y\u00fcksek lisans e\u011fitiminin sonuna kadar e\u011fitim alan\u0131nda te\u015fvik edilen, topluma \u00f6rnek bireyler yeti\u015ftirmektir.<\/b><\/i><\/span><\/p><\/td><\/tr><\/tbody><\/table><p align=\"justify\">\u00a0<\/p><p align=\"justify\"><span lang=\"tr-TR\">Gelecek hedeflerimiz aras\u0131nda, f\u00fct\u00fcvvethanelerimiz ile kolejimizi bir \u00e7at\u0131 alt\u0131nda toplamak ve bu sayede f\u00fct\u00fcvvethane e\u011fitimi alan \u00f6\u011frencilerimizin tamam\u0131n\u0131n kolej e\u011fitimi almas\u0131n\u0131 sa\u011flamak yer almaktad\u0131r. Bu strateji, f\u00fct\u00fcvvethane m\u00fcfredat\u0131 ile kolej m\u00fcfredat\u0131n\u0131 ayn\u0131 anda g\u00f6ren daha kalifiye \u00f6\u011frenciler yeti\u015ftirerek, her bir \u00f6\u011frencimizin \u00fcniversite ve daha \u00fcst d\u00fczey e\u011fitimlere ula\u015fabilmesini hedeflemektedir. Bu b\u00fct\u00fcnl\u00fck, \u00f6\u011frencilerimize geni\u015f bir e\u011fitim yelpazesi sunarak onlar\u0131n daha donan\u0131ml\u0131 bireyler olmalar\u0131na olanak sa\u011flayacakt\u0131r.<\/span><\/p><p align=\"justify\">\u00a0<\/p><table width=\"100%\" cellspacing=\"1\" cellpadding=\"4\"><tbody><tr><td valign=\"top\" bgcolor=\"#cccccc\" width=\"100%\"><p align=\"justify\"><span lang=\"tr-TR\"><i><b>Afganistan \u00f6zelinde k\u0131z \u00e7ocuklar\u0131n\u0131n ilkokul son s\u0131n\u0131fa kadar e\u011fitim almalar\u0131na izin verilmesinden \u00f6t\u00fcr\u00fc kolej e\u011fitimleri k\u0131z \u00e7ocuklar\u0131m\u0131z i\u00e7in maalesef s\u0131n\u0131rl\u0131d\u0131r. Bu eksikli\u011fi giderebilmek ad\u0131na hal\u0131 \u2013 kilim dokuma, nak\u0131\u015f, tak\u0131 tasar\u0131m vb. meslek kurslar\u0131 olu\u015fturup k\u0131z \u00e7ocuklar\u0131m\u0131za meslek edindirerek \u00fcretilen \u00fcr\u00fcnlerin ger\u00e7ek de\u011ferinde sat\u0131lmas\u0131 noktas\u0131nda destek olacak projelerimiz \u00fczerinde \u00e7al\u0131\u015fmaktay\u0131z.<\/b><\/i><\/span><\/p><\/td><\/tr><\/tbody><\/table><h4 align=\"justify\">\u00a0<\/h4>\t\t\t\t\t\t\t\t<\/div>\n\t\t\t\t<div class=\"elementor-element elementor-element-4a86ac4 elementor-widget elementor-widget-spacer\" data-id=\"4a86ac4\" data-element_type=\"widget\" data-widget_type=\"spacer.default\">\n\t\t\t\t\t\t\t<div class=\"elementor-spacer\">\n\t\t\t<div class=\"elementor-spacer-inner\"><\/div>\n\t\t<\/div>\n\t\t\t\t\t\t<\/div>\n\t\t\t\t<div class=\"elementor-element elementor-element-5f68646 elementor-widget elementor-widget-text-editor\" data-id=\"5f68646\" data-element_type=\"widget\" data-widget_type=\"text-editor.default\">\n\t\t\t\t\t\t\t\t\t<h4><b>Tahar Erkek Yetim \u00d6\u011frenci Yurdu<\/b><\/h4><p>\u00a0<\/p><p align=\"justify\"><span lang=\"tr-TR\">Derne\u011fimizin, Tahar ilinde e\u011fitim g\u00f6ren yetim \u00fcniversite \u00f6\u011frencileri ve haf\u0131zl\u0131k e\u011fitimi alan yetim \u00f6\u011frenciler i\u00e7in hayata ge\u00e7irdi\u011fi \u00f6\u011frenci yurdu, gen\u00e7lerimize g\u00fcvenli ve destekleyici bir ya\u015fam alan\u0131 sunmay\u0131 ama\u00e7lamaktad\u0131r. Bu yurt, \u00f6\u011frencilerimizin e\u011fitim s\u00fcre\u00e7lerini en iyi \u015fekilde tamamlayabilmeleri i\u00e7in ihtiya\u00e7 duyduklar\u0131 konforu ve deste\u011fi sa\u011flamaya y\u00f6nelik olarak tasarlanm\u0131\u015ft\u0131r.<\/span><\/p><p align=\"justify\">\u00a0<\/p><p align=\"justify\"><span lang=\"tr-TR\">Yurdumuz, \u00f6\u011frencilerimizin hem akademik hem de manevi geli\u015fimlerini destekleyecek \u015fekilde yap\u0131land\u0131r\u0131lm\u0131\u015ft\u0131r. \u00dcniversite e\u011fitimi g\u00f6ren yetim \u00f6\u011frencilerimiz, ders \u00e7al\u0131\u015fma ve sosyal etkinlikler i\u00e7in modern ve donan\u0131ml\u0131 alanlarda e\u011fitimlerini s\u00fcrd\u00fcrebilirken; haf\u0131zl\u0131k e\u011fitimi g\u00f6ren \u00f6\u011frencilerimiz ise, manevi de\u011ferleri g\u00fc\u00e7lendirecek bir ortamda e\u011fitimlerini tamamlayabilmektedir.<\/span><\/p><p align=\"justify\">\u00a0<\/p><p align=\"justify\"><span lang=\"tr-TR\">Geni\u015f ve ferah yatakhaneler, temiz ve d\u00fczenli ortak kullan\u0131m alanlar\u0131, sa\u011fl\u0131kl\u0131 ve dengeli beslenme imkanlar\u0131 ile \u00f6\u011frencilerimize rahat bir ya\u015fam sunuyoruz. Ayr\u0131ca, rehberlik ve dan\u0131\u015fmanl\u0131k hizmetleriyle \u00f6\u011frencilerimizin ki\u015fisel geli\u015fimlerini desteklemeyi ve e\u011fitim s\u00fcre\u00e7lerinde onlara yard\u0131mc\u0131 olmay\u0131 hedefliyoruz. Yurdumuz, sadece bir bar\u0131nma alan\u0131 de\u011fil, ayn\u0131 zamanda bir aile ortam\u0131 sunarak \u00f6\u011frencilerimizin kendilerini evlerinde hissetmelerini sa\u011flamaktad\u0131r.<\/span><\/p><p align=\"justify\">\u00a0<\/p><p align=\"justify\"><span lang=\"tr-TR\">Bu yurt, derne\u011fimizin e\u011fitime ve gen\u00e7lerimize olan ba\u011fl\u0131l\u0131\u011f\u0131n\u0131n somut bir g\u00f6stergesi olarak, gelece\u011fe umutla bakabilmeleri i\u00e7in gerekli t\u00fcm imk\u00e2nlar\u0131 sunmaya \u00e7aba g\u00f6stermektedir.<\/span><\/p>\t\t\t\t\t\t\t\t<\/div>\n\t\t\t\t<div class=\"elementor-element elementor-element-e610933 elementor-widget elementor-widget-spacer\" data-id=\"e610933\" data-element_type=\"widget\" data-widget_type=\"spacer.default\">\n\t\t\t\t\t\t\t<div class=\"elementor-spacer\">\n\t\t\t<div class=\"elementor-spacer-inner\"><\/div>\n\t\t<\/div>\n\t\t\t\t\t\t<\/div>\n\t\t\t\t<div class=\"elementor-element elementor-element-944e1c9 elementor-widget elementor-widget-text-editor\" data-id=\"944e1c9\" data-element_type=\"widget\" data-widget_type=\"text-editor.default\">\n\t\t\t\t\t\t\t\t\t<h4><b>Haf\u0131zl\u0131k \u0130cazet Merasimi<\/b><\/h4><p>\u00a0<\/p><p align=\"justify\"><span lang=\"tr-TR\">F\u00fct\u00fcvvethanelerimizde Kuran&#8217;\u0131 tamamlayarak haf\u0131zl\u0131k derecesine ula\u015fan \u00f6\u011frencilere y\u00f6nelik bir icazet merasimi d\u00fczenleyerek, bu kutsal g\u00f6revi tamamlamalar\u0131n\u0131 kutlamay\u0131 ve ayn\u0131 zamanda e\u011fitimlerine destek sa\u011flamay\u0131 ama\u00e7lamaktad\u0131r. Proje, haf\u0131z olmu\u015f \u00f6\u011frencilere toplumsal sayg\u0131nl\u0131k kazand\u0131rmay\u0131, e\u011fitimlerini s\u00fcrd\u00fcrmelerini desteklemeyi ve toplumda daha etkili bireyler olmalar\u0131n\u0131 sa\u011flamay\u0131 hedeflemektedir.<\/span><\/p><p align=\"justify\">\u00a0<\/p><p align=\"justify\"><span lang=\"tr-TR\"><b>Faaliyet Amac\u0131:<\/b><\/span><\/p><p align=\"justify\"><span lang=\"tr-TR\"><b>\u0130cazet Merasimi D\u00fczenlemek: <\/b><\/span><span lang=\"tr-TR\">Haf\u0131zl\u0131k derecesine ula\u015fan \u00f6\u011frencilere, bu ba\u015far\u0131lar\u0131n\u0131n bir kutlama t\u00f6reni ile \u00f6d\u00fcllendirilmesi ama\u00e7lanmaktad\u0131r.<\/span><\/p><p align=\"justify\"><span lang=\"tr-TR\"><b>\u00d6\u011frencileri \u00d6zendirmek: <\/b><\/span><span lang=\"tr-TR\">Haf\u0131zl\u0131k i\u00e7in \u00e7al\u0131\u015fan \u00f6\u011frencilerimizin \u00e7abalar\u0131n\u0131 ve ba\u015far\u0131lar\u0131n\u0131 te\u015fvik etmek, onlar\u0131 daha y\u00fcksek hedefler i\u00e7in motive etmek.<\/span><\/p><p align=\"justify\"><span lang=\"tr-TR\"><b>Toplumsal Sayg\u0131nl\u0131k Kazand\u0131rmak: <\/b><\/span><span lang=\"tr-TR\">Haf\u0131zl\u0131k derecesine ula\u015fan \u00f6\u011frencileri topluma tan\u0131tarak, onlar\u0131n toplumsal sayg\u0131nl\u0131k kazanmalar\u0131n\u0131 sa\u011flamak.<\/span><\/p><p align=\"justify\"><span lang=\"tr-TR\"><b>Destek Programlar\u0131 Sunmak: <\/b><\/span><span lang=\"tr-TR\">Haf\u0131z \u00f6\u011frencilere, mesleki ve ki\u015fisel geli\u015fimleri i\u00e7in gerekli destek programlar\u0131 sunarak, e\u011fitim s\u00fcre\u00e7lerini s\u00fcrd\u00fcrmelerine yard\u0131mc\u0131 olmak.<\/span><\/p>\t\t\t\t\t\t\t\t<\/div>\n\t\t\t\t\t<\/div>\n\t\t<\/div>\n\t\t\t\t\t<\/div>\n\t\t<\/section>\n\t\t\t\t<\/div>\n\t\t","protected":false},"excerpt":{"rendered":"<p>E\u011fitim Faaliyetleri E\u011fitim Faaliyetleri \u00a0 E\u011fitim, gelece\u011fi in\u015fa etmenin en g\u00fc\u00e7l\u00fc ara\u00e7lar\u0131ndan biridir. Bu bilin\u00e7le, Afganistan\u2019daki gen\u00e7lerimize ve \u00e7ocuklar\u0131m\u0131za y\u00f6nelik e\u011fitim faaliyetlerimizi, onlar\u0131n akademik, dini, sosyal ve mesleki geli\u015fimlerine katk\u0131da [&hellip;]<\/p>\n","protected":false},"author":1,"featured_media":0,"parent":0,"menu_order":0,"comment_status":"closed","ping_status":"closed","template":"","meta":{"give_campaign_id":0,"footnotes":""},"class_list":["post-14521","page","type-page","status-publish","hentry"],"campaignId":"","_links":{"self":[{"href":"https:\/\/horasan.dijitalpiksel.com\/index.php?rest_route=\/wp\/v2\/pages\/14521","targetHints":{"allow":["GET"]}}],"collection":[{"href":"https:\/\/horasan.dijitalpiksel.com\/index.php?rest_route=\/wp\/v2\/pages"}],"about":[{"href":"https:\/\/horasan.dijitalpiksel.com\/index.php?rest_route=\/wp\/v2\/types\/page"}],"author":[{"embeddable":true,"href":"https:\/\/horasan.dijitalpiksel.com\/index.php?rest_route=\/wp\/v2\/users\/1"}],"replies":[{"embeddable":true,"href":"https:\/\/horasan.dijitalpiksel.com\/index.php?rest_route=%2Fwp%2Fv2%2Fcomments&post=14521"}],"version-history":[{"count":14,"href":"https:\/\/horasan.dijitalpiksel.com\/index.php?rest_route=\/wp\/v2\/pages\/14521\/revisions"}],"predecessor-version":[{"id":15001,"href":"https:\/\/horasan.dijitalpiksel.com\/index.php?rest_route=\/wp\/v2\/pages\/14521\/revisions\/15001"}],"wp:attachment":[{"href":"https:\/\/horasan.dijitalpiksel.com\/index.php?rest_route=%2Fwp%2Fv2%2Fmedia&parent=14521"}],"curies":[{"name":"wp","href":"https:\/\/api.w.org\/{rel}","templated":true}]}}