{"id":14516,"date":"2026-02-03T12:18:43","date_gmt":"2026-02-03T12:18:43","guid":{"rendered":"https:\/\/horasan.dijitalpiksel.com\/?page_id=14516"},"modified":"2026-02-10T23:03:14","modified_gmt":"2026-02-10T23:03:14","slug":"maddi-ve-manevi-yardim-faaliyetleri","status":"publish","type":"page","link":"https:\/\/horasan.dijitalpiksel.com\/?page_id=14516","title":{"rendered":"Maddi ve Manevi Yard\u0131m Faaliyetleri"},"content":{"rendered":"\t\t<div data-elementor-type=\"wp-page\" data-elementor-id=\"14516\" class=\"elementor elementor-14516\">\n\t\t\t\t\t\t<section class=\"elementor-section elementor-top-section elementor-element elementor-element-df26b5c elementor-section-stretched elementor-section-content-middle elementor-section-boxed elementor-section-height-default elementor-section-height-default\" data-id=\"df26b5c\" data-element_type=\"section\" data-settings=\"{&quot;stretch_section&quot;:&quot;section-stretched&quot;,&quot;background_background&quot;:&quot;classic&quot;}\">\n\t\t\t\t\t\t\t<div class=\"elementor-background-overlay\"><\/div>\n\t\t\t\t\t\t\t<div class=\"elementor-container elementor-column-gap-default\">\n\t\t\t\t\t<div class=\"elementor-column elementor-col-100 elementor-top-column elementor-element elementor-element-20558a88\" data-id=\"20558a88\" data-element_type=\"column\">\n\t\t\t<div class=\"elementor-widget-wrap elementor-element-populated\">\n\t\t\t\t\t\t<div class=\"elementor-element elementor-element-45cdbdb8 elementor-widget elementor-widget-heading\" data-id=\"45cdbdb8\" data-element_type=\"widget\" data-widget_type=\"heading.default\">\n\t\t\t\t\t<h1 class=\"elementor-heading-title elementor-size-default\">Maddi ve Manevi Yard\u0131m Faaliyetleri<\/h1>\t\t\t\t<\/div>\n\t\t\t\t\t<\/div>\n\t\t<\/div>\n\t\t\t\t\t<\/div>\n\t\t<\/section>\n\t\t\t\t<section class=\"elementor-section elementor-top-section elementor-element elementor-element-2bfe03a5 elementor-section-stretched elementor-section-boxed elementor-section-height-default elementor-section-height-default\" data-id=\"2bfe03a5\" data-element_type=\"section\" data-settings=\"{&quot;stretch_section&quot;:&quot;section-stretched&quot;,&quot;background_background&quot;:&quot;classic&quot;}\">\n\t\t\t\t\t\t<div class=\"elementor-container elementor-column-gap-default\">\n\t\t\t\t\t<div class=\"elementor-column elementor-col-100 elementor-top-column elementor-element elementor-element-623633c1\" data-id=\"623633c1\" data-element_type=\"column\">\n\t\t\t<div class=\"elementor-widget-wrap elementor-element-populated\">\n\t\t\t\t\t\t<div class=\"elementor-element elementor-element-07dac24 elementor-widget elementor-widget-text-editor\" data-id=\"07dac24\" data-element_type=\"widget\" data-widget_type=\"text-editor.default\">\n\t\t\t\t\t\t\t\t\t<h4><b>Dezavantajl\u0131 Gruplara Yard\u0131m ve Ki\u015filik \u0130hyas\u0131 \u00c7al\u0131\u015fmalar\u0131<\/b><\/h4><p>\u00a0<\/p><p>\u00a0<\/p><p><span lang=\"tr-TR\"><b>Hedef B\u00f6lgeler: <\/b><\/span><span lang=\"tr-TR\">\u0130stanbul ve Ankara\u2019da ikamet eden dezavantajl\u0131 gruplar.<\/span><\/p><p>\u00a0<\/p><p align=\"justify\"><span lang=\"tr-TR\"><b>Ama\u00e7: <\/b><\/span><span lang=\"tr-TR\">Bu \u00e7al\u0131\u015fmalar\u0131n temel amac\u0131, dezavantajl\u0131 gruplar\u0131 topluma kazand\u0131r\u0131c\u0131 faaliyetlerle desteklemek ve bireylerin ki\u015filik geli\u015fimlerine katk\u0131da bulunmakt\u0131r. Toplumun \u00e7e\u015fitli kesimlerinden gelen bu gruplara, ihtiya\u00e7lar\u0131na uygun destek sunarak daha g\u00fc\u00e7l\u00fc ve ba\u011f\u0131ms\u0131z bireyler olmalar\u0131na yard\u0131mc\u0131 olmay\u0131 hedefliyoruz.<\/span><\/p><p align=\"justify\">\u00a0<\/p><p align=\"justify\"><span lang=\"tr-TR\"><b>Faaliyetler:<\/b><\/span><\/p><ul><li><p align=\"justify\"><span lang=\"tr-TR\"><b>E\u011fitim Programlar\u0131: <\/b><\/span><span lang=\"tr-TR\">Kat\u0131l\u0131mc\u0131lara temel e\u011fitim imk\u00e2nlar\u0131 sunarak, bilgi ve beceri seviyelerini art\u0131rmay\u0131 ama\u00e7l\u0131yoruz. Bu programlar, ki\u015fisel ve meslek\u00ee geli\u015fimlerine katk\u0131da bulunarak, hayat standartlar\u0131n\u0131 y\u00fckseltmeyi hedefler.<\/span><\/p><\/li><li><p align=\"justify\"><span lang=\"tr-TR\"><b>Meslek\u00ee Beceri Kazand\u0131rma Kurslar\u0131: <\/b><\/span><span lang=\"tr-TR\">Dezavantajl\u0131 bireylere, \u00e7e\u015fitli meslek alanlar\u0131nda beceri kazand\u0131rma kurslar\u0131 sunarak, i\u015f g\u00fcc\u00fc piyasas\u0131nda rekabet\u00e7i olmalar\u0131na yard\u0131mc\u0131 oluyoruz. Bu kurslar, ki\u015filerin ekonomik ba\u011f\u0131ms\u0131zl\u0131klar\u0131n\u0131 sa\u011flamalar\u0131na destek sa\u011flar.<\/span><\/p><\/li><li><p align=\"justify\"><span lang=\"tr-TR\"><b>Sosyal Etkinlikler: <\/b><\/span><span lang=\"tr-TR\">Sosyal entegrasyonu te\u015fvik etmek ve toplumsal ba\u011flar\u0131 g\u00fc\u00e7lendirmek amac\u0131yla \u00e7e\u015fitli sosyal etkinlikler d\u00fczenliyoruz. Bu etkinlikler, kat\u0131l\u0131mc\u0131lar\u0131n sosyal becerilerini geli\u015ftirmelerine ve topluma daha iyi uyum sa\u011flamalar\u0131na yard\u0131mc\u0131 olur.<\/span><\/p><\/li><li><p align=\"justify\"><span lang=\"tr-TR\"><b>Ki\u015fisel Geli\u015fim \u00c7al\u0131\u015fmalar\u0131: <\/b><\/span><span lang=\"tr-TR\">Bireylerin kendilerini tan\u0131malar\u0131n\u0131 ve ki\u015fisel geli\u015fimlerini desteklemek i\u00e7in \u00e7e\u015fitli \u00e7al\u0131\u015ftaylar ve seminerler d\u00fczenliyoruz. Bu \u00e7al\u0131\u015fmalar, bireylerin \u00f6zg\u00fcvenlerini art\u0131rmalar\u0131na ve ki\u015fisel hedeflerine ula\u015fmalar\u0131na katk\u0131 sa\u011flar.<\/span><\/p><\/li><li><p align=\"justify\"><span lang=\"tr-TR\"><b>Nakd\u00ee Destek: <\/b><\/span><span lang=\"tr-TR\">Ge\u00e7im s\u0131k\u0131nt\u0131s\u0131 ya\u015fayan dezavantajl\u0131 gruplara, temel ihtiya\u00e7lar\u0131n\u0131 kar\u015f\u0131lamak \u00fczere nakd\u00ee yard\u0131mlar sa\u011fl\u0131yoruz. Bu destek, bireylerin ekonomik zorluklar\u0131n\u0131 hafifletmeyi ve ya\u015fam kalitelerini art\u0131rmay\u0131 ama\u00e7lar.<\/span><\/p><\/li><\/ul><p>\u00a0<\/p><p align=\"justify\"><span lang=\"tr-TR\"><b>Sonu\u00e7: <\/b><\/span><span lang=\"tr-TR\">Dezavantajl\u0131 Gruplara Yard\u0131m ve Ki\u015filik \u0130hyas\u0131 \u00c7al\u0131\u015fmalar\u0131 ile, \u0130stanbul ve Ankara&#8217;daki dezavantajl\u0131 bireylere kapsaml\u0131 destek sunuyoruz. E\u011fitim, meslek\u00ee beceri kazand\u0131rma, sosyal etkinlikler ve ki\u015fisel geli\u015fim \u00e7al\u0131\u015fmalar\u0131 ile, bu gruplar\u0131n topluma entegrasyonlar\u0131n\u0131 g\u00fc\u00e7lendirmeyi ve ki\u015fisel geli\u015fimlerini desteklemeyi ama\u00e7l\u0131yoruz. Nakd\u00ee yard\u0131mlar ise, ge\u00e7im s\u0131k\u0131nt\u0131s\u0131n\u0131 hafifletmeyi ve bireylerin temel ihtiya\u00e7lar\u0131n\u0131 kar\u015f\u0131lamay\u0131 hedefler.<\/span><\/p>\t\t\t\t\t\t\t\t<\/div>\n\t\t\t\t<div class=\"elementor-element elementor-element-245df22 elementor-widget elementor-widget-spacer\" data-id=\"245df22\" data-element_type=\"widget\" data-widget_type=\"spacer.default\">\n\t\t\t\t\t\t\t<div class=\"elementor-spacer\">\n\t\t\t<div class=\"elementor-spacer-inner\"><\/div>\n\t\t<\/div>\n\t\t\t\t\t\t<\/div>\n\t\t\t\t<div class=\"elementor-element elementor-element-f41ef06 elementor-widget elementor-widget-text-editor\" data-id=\"f41ef06\" data-element_type=\"widget\" data-widget_type=\"text-editor.default\">\n\t\t\t\t\t\t\t\t\t<h4><strong>Deprem B\u00f6lgelerinden Gelen Dezavantajl\u0131 Ailelere Destek<\/strong><\/h4><p>\u00a0<\/p><p align=\"justify\"><span lang=\"tr-TR\"><b>Hedef B\u00f6lgeler: <\/b><\/span><span lang=\"tr-TR\">\u0130stanbul ve Ankara&#8217;ya g\u00f6\u00e7 ederek dezavantajl\u0131 ko\u015fullarda ya\u015fam m\u00fccadelesi veren aileler.<\/span><\/p><p align=\"justify\">\u00a0<\/p><p align=\"justify\"><span lang=\"tr-TR\"><b>Ama\u00e7:<\/b><\/span><span lang=\"tr-TR\"><br \/>Deprem b\u00f6lgelerinden gelen dezavantajl\u0131 ailelere, psikolojik, sosyal ve madd\u00ee desteklerle yard\u0131mc\u0131 olarak ya\u015fam kalitelerini iyile\u015ftirmeyi hedefliyoruz. Bu s\u00fcre\u00e7te, ailelerin ya\u015fad\u0131\u011f\u0131 zorluklar\u0131 azaltmak ve ya\u015fam standartlar\u0131n\u0131 y\u00fckseltmek i\u00e7in \u00e7aba g\u00f6steriyoruz.<\/span><\/p><p align=\"justify\">\u00a0<\/p><p align=\"justify\"><span lang=\"tr-TR\"><b>\u0130\u015f Birlikleri: <\/b><\/span><span lang=\"tr-TR\">AFAD, K\u0131z\u0131lay, UMKE ve b\u00f6lgedeki m\u00fclk\u00ee idare amirlikleri (valilikler) ile i\u015f birli\u011fi yaparak, desteklerin etkin ve kapsaml\u0131 bir \u015fekilde sunulmas\u0131 i\u00e7in gayret ediyoruz.<\/span><\/p><p align=\"justify\">\u00a0<\/p><p align=\"justify\"><span lang=\"tr-TR\"><b>Faaliyetler:<\/b><\/span><\/p><ul><li><p align=\"justify\"><span lang=\"tr-TR\"><b>Psikolojik Dan\u0131\u015fmanl\u0131k: <\/b><\/span><span lang=\"tr-TR\">Deprem sonras\u0131 ya\u015fanan travmalar\u0131n etkilerini hafifletmek amac\u0131yla, profesyonel psikolojik dan\u0131\u015fmanl\u0131k hizmetleri sunuyoruz. Bu hizmetlerle ailelerin psikolojik iyile\u015fmelerine ve g\u00fc\u00e7 kazanmalar\u0131na yard\u0131mc\u0131 olmay\u0131 hedefliyoruz.<\/span><\/p><\/li><li><p align=\"justify\"><span lang=\"tr-TR\"><b>Sosyal Yard\u0131mlar: <\/b><\/span><span lang=\"tr-TR\">Ailelerin g\u00fcnl\u00fck ihtiya\u00e7lar\u0131n\u0131 kar\u015f\u0131lamak i\u00e7in \u00e7e\u015fitli sosyal yard\u0131mlar sa\u011fl\u0131yoruz. G\u0131da, giysi ve di\u011fer temel ihtiya\u00e7lar bu yard\u0131mlar aras\u0131nda yer almaktad\u0131r.<\/span><\/p><\/li><li><p align=\"justify\"><span lang=\"tr-TR\"><b>Ge\u00e7im Kaynaklar\u0131na Eri\u015fim Sa\u011flama: <\/b><\/span><span lang=\"tr-TR\">Ailelerin ekonomik durumlar\u0131n\u0131 iyile\u015ftirmelerine yard\u0131mc\u0131 olmak i\u00e7in ge\u00e7im kaynaklar\u0131na eri\u015fim sa\u011flamaya y\u00f6nelik \u00e7al\u0131\u015fmalar y\u00fcr\u00fct\u00fcyoruz. \u0130\u015f bulma destekleri ve k\u00fc\u00e7\u00fck \u00e7apl\u0131 ekonomik yard\u0131m programlar\u0131 bu kapsamda yer almaktad\u0131r.<\/span><\/p><\/li><li><p align=\"justify\"><span lang=\"tr-TR\"><b>Acil \u0130htiya\u00e7lar\u0131n Kar\u015f\u0131lanmas\u0131: <\/b><\/span><span lang=\"tr-TR\">eprem sonras\u0131 acil ihtiya\u00e7lar\u0131 kar\u015f\u0131lamak amac\u0131yla h\u0131zl\u0131 m\u00fcdahalelerde bulunuyoruz. Bu destekler aras\u0131nda acil bar\u0131nma, sa\u011fl\u0131k hizmetleri ve di\u011fer acil ihtiya\u00e7lar bulunmaktad\u0131r.<\/span><\/p><\/li><li>\u00a0<\/li><\/ul><p align=\"justify\"><span lang=\"tr-TR\"><b>Deprem B\u00f6lgesi Faaliyetleri: <\/b><\/span><span lang=\"tr-TR\">AFAD, K\u0131z\u0131lay ve di\u011fer kurumlarla i\u015f birli\u011fi yaparak, deprem b\u00f6lgelerindeki madd\u00ee yard\u0131mlar\u0131n yan\u0131 s\u0131ra saha faaliyetlerine destek vermeye gayret ediyoruz. Bu koordinasyon, ihtiya\u00e7 sahiplerine daha etkili ve h\u0131zl\u0131 bir \u015fekilde ula\u015fmam\u0131za yard\u0131mc\u0131 olmaktad\u0131r.<\/span><\/p><p align=\"justify\">\u00a0<\/p><p align=\"justify\"><span lang=\"tr-TR\"><b>Sonu\u00e7: <\/b><\/span><span lang=\"tr-TR\">Deprem B\u00f6lgelerinden Gelen Dezavantajl\u0131 Ailelere Destek \u00e7al\u0131\u015fmalar\u0131m\u0131z, \u0130stanbul ve Ankara\u2019daki dezavantajl\u0131 ailelere kapsaml\u0131 ve destekleyici hizmetler sunmay\u0131 ama\u00e7lamaktad\u0131r. Psikolojik dan\u0131\u015fmanl\u0131k, sosyal yard\u0131mlar, ge\u00e7im kaynaklar\u0131na eri\u015fim ve acil ihtiya\u00e7lar\u0131n kar\u015f\u0131lanmas\u0131 konular\u0131nda g\u00f6sterdi\u011fimiz gayretle, ailelerin ya\u015fam kalitelerini iyile\u015ftirmeye y\u00f6nelik \u00e7abalar\u0131m\u0131z\u0131 s\u00fcrd\u00fcrmekteyiz.<\/span><\/p>\t\t\t\t\t\t\t\t<\/div>\n\t\t\t\t\t<\/div>\n\t\t<\/div>\n\t\t\t\t\t<\/div>\n\t\t<\/section>\n\t\t\t\t<\/div>\n\t\t","protected":false},"excerpt":{"rendered":"<p>Maddi ve Manevi Yard\u0131m Faaliyetleri Dezavantajl\u0131 Gruplara Yard\u0131m ve Ki\u015filik \u0130hyas\u0131 \u00c7al\u0131\u015fmalar\u0131 \u00a0 \u00a0 Hedef B\u00f6lgeler: \u0130stanbul ve Ankara\u2019da ikamet eden dezavantajl\u0131 gruplar. \u00a0 Ama\u00e7: Bu \u00e7al\u0131\u015fmalar\u0131n temel amac\u0131, dezavantajl\u0131 [&hellip;]<\/p>\n","protected":false},"author":1,"featured_media":0,"parent":0,"menu_order":0,"comment_status":"closed","ping_status":"closed","template":"","meta":{"give_campaign_id":0,"footnotes":""},"class_list":["post-14516","page","type-page","status-publish","hentry"],"campaignId":"","_links":{"self":[{"href":"https:\/\/horasan.dijitalpiksel.com\/index.php?rest_route=\/wp\/v2\/pages\/14516","targetHints":{"allow":["GET"]}}],"collection":[{"href":"https:\/\/horasan.dijitalpiksel.com\/index.php?rest_route=\/wp\/v2\/pages"}],"about":[{"href":"https:\/\/horasan.dijitalpiksel.com\/index.php?rest_route=\/wp\/v2\/types\/page"}],"author":[{"embeddable":true,"href":"https:\/\/horasan.dijitalpiksel.com\/index.php?rest_route=\/wp\/v2\/users\/1"}],"replies":[{"embeddable":true,"href":"https:\/\/horasan.dijitalpiksel.com\/index.php?rest_route=%2Fwp%2Fv2%2Fcomments&post=14516"}],"version-history":[{"count":11,"href":"https:\/\/horasan.dijitalpiksel.com\/index.php?rest_route=\/wp\/v2\/pages\/14516\/revisions"}],"predecessor-version":[{"id":14998,"href":"https:\/\/horasan.dijitalpiksel.com\/index.php?rest_route=\/wp\/v2\/pages\/14516\/revisions\/14998"}],"wp:attachment":[{"href":"https:\/\/horasan.dijitalpiksel.com\/index.php?rest_route=%2Fwp%2Fv2%2Fmedia&parent=14516"}],"curies":[{"name":"wp","href":"https:\/\/api.w.org\/{rel}","templated":true}]}}