{"id":14504,"date":"2026-02-03T12:06:39","date_gmt":"2026-02-03T12:06:39","guid":{"rendered":"https:\/\/horasan.dijitalpiksel.com\/?page_id=14504"},"modified":"2026-02-10T22:59:39","modified_gmt":"2026-02-10T22:59:39","slug":"egitim-ve-kultur-faaliyetleri","status":"publish","type":"page","link":"https:\/\/horasan.dijitalpiksel.com\/?page_id=14504","title":{"rendered":"E\u011fitim ve K\u00fclt\u00fcr Faaliyetleri"},"content":{"rendered":"\t\t<div data-elementor-type=\"wp-page\" data-elementor-id=\"14504\" class=\"elementor elementor-14504\">\n\t\t\t\t\t\t<section class=\"elementor-section elementor-top-section elementor-element elementor-element-df26b5c elementor-section-stretched elementor-section-content-middle elementor-section-boxed elementor-section-height-default elementor-section-height-default\" data-id=\"df26b5c\" data-element_type=\"section\" data-settings=\"{&quot;stretch_section&quot;:&quot;section-stretched&quot;,&quot;background_background&quot;:&quot;classic&quot;}\">\n\t\t\t\t\t\t\t<div class=\"elementor-background-overlay\"><\/div>\n\t\t\t\t\t\t\t<div class=\"elementor-container elementor-column-gap-default\">\n\t\t\t\t\t<div class=\"elementor-column elementor-col-100 elementor-top-column elementor-element elementor-element-20558a88\" data-id=\"20558a88\" data-element_type=\"column\">\n\t\t\t<div class=\"elementor-widget-wrap elementor-element-populated\">\n\t\t\t\t\t\t<div class=\"elementor-element elementor-element-45cdbdb8 elementor-widget elementor-widget-heading\" data-id=\"45cdbdb8\" data-element_type=\"widget\" data-widget_type=\"heading.default\">\n\t\t\t\t\t<h1 class=\"elementor-heading-title elementor-size-default\">E\u011fitim ve K\u00fclt\u00fcr Faaliyetleri<\/h1>\t\t\t\t<\/div>\n\t\t\t\t\t<\/div>\n\t\t<\/div>\n\t\t\t\t\t<\/div>\n\t\t<\/section>\n\t\t\t\t<section class=\"elementor-section elementor-top-section elementor-element elementor-element-2bfe03a5 elementor-section-stretched elementor-section-boxed elementor-section-height-default elementor-section-height-default\" data-id=\"2bfe03a5\" data-element_type=\"section\" data-settings=\"{&quot;stretch_section&quot;:&quot;section-stretched&quot;,&quot;background_background&quot;:&quot;classic&quot;}\">\n\t\t\t\t\t\t<div class=\"elementor-container elementor-column-gap-default\">\n\t\t\t\t\t<div class=\"elementor-column elementor-col-100 elementor-top-column elementor-element elementor-element-623633c1\" data-id=\"623633c1\" data-element_type=\"column\">\n\t\t\t<div class=\"elementor-widget-wrap elementor-element-populated\">\n\t\t\t\t\t\t<div class=\"elementor-element elementor-element-07dac24 elementor-widget elementor-widget-text-editor\" data-id=\"07dac24\" data-element_type=\"widget\" data-widget_type=\"text-editor.default\">\n\t\t\t\t\t\t\t\t\t<h3><b>&#8220;T\u00fcrkistan-Horasan Marifeti&#8221; Sohbet Programlar\u0131<\/b><\/h3>\n<\/br><\/br>\n\n<b><span lang=\"tr-TR\">Program G\u00fcnleri: <\/span><\/b><span lang=\"tr-TR\">T\u00fcrkistan-Horasan Marifeti Sohbet Programlar\u0131, haftan\u0131n iki g\u00fcn\u00fcnde d\u00fczenlenmektedir. Sal\u0131 g\u00fcnleri beyefendilere, Cumartesi g\u00fcnleri ise han\u0131mefendilere y\u00f6nelik olarak ger\u00e7ekle\u015ftirilen bu etkinlikler, kat\u0131l\u0131mc\u0131lara derinlemesine bilgi ve anlam kazand\u0131rmay\u0131 ama\u00e7lamaktad\u0131r.<\/span><\/br><\/br>\n<p align=\"justify\"><span lang=\"tr-TR\"><b>Program\u0131n Amac\u0131: <\/b><\/span><span lang=\"tr-TR\">Bu program, T\u00fcrkistan-Horasan k\u00fclt\u00fcr\u00fcn\u00fcn zengin miras\u0131n\u0131 kat\u0131l\u0131mc\u0131lara tan\u0131tmay\u0131 ve bu k\u00fclt\u00fcr \u00e7er\u00e7evesinde bilgi birikimlerini derinle\u015ftirmeyi hedeflemektedir. Sohbetlerde, T\u00fcrkistan ve Horasan co\u011frafyas\u0131n\u0131n tarihi, k\u00fclt\u00fcrel de\u011ferleri ve bu miras\u0131n \u0130slam d\u00fcnyas\u0131ndaki yeri \u00fczerinde durulmakta, kat\u0131l\u0131mc\u0131lara bu e\u015fsiz medeniyetlerin etkilerini daha iyi anlama f\u0131rsat\u0131 sunulmaktad\u0131r.<\/span><\/p><\/br><\/br>\n<p align=\"justify\"><span lang=\"tr-TR\"><b>Kat\u0131l\u0131mc\u0131 Profili ve Say\u0131s\u0131: <\/b><\/span><span lang=\"tr-TR\">Sohbet programlar\u0131, her hafta d\u00fczenli olarak geni\u015f bir kat\u0131l\u0131mc\u0131 kitlesi taraf\u0131ndan ilgiyle takip edilmektedir. Sal\u0131 g\u00fcnleri d\u00fczenlenen beyefendilere y\u00f6nelik programlara ortalama 50 ki\u015fi kat\u0131l\u0131rken, Cumartesi g\u00fcnleri han\u0131mefendilere y\u00f6nelik ger\u00e7ekle\u015ftirilen programlarda ise ortalama 70 ki\u015fi yer almaktad\u0131r. Kat\u0131l\u0131mc\u0131lar, farkl\u0131 ya\u015f ve meslek gruplar\u0131ndan olu\u015fmakta olup, ortak paydalar\u0131 T\u00fcrkistan-Horasan k\u00fclt\u00fcr\u00fcne olan ilgileridir.<\/span><\/p><\/br><\/br>\n<p align=\"justify\"><span lang=\"tr-TR\"><b>Program \u0130\u00e7eri\u011fi: <\/b><\/span><span lang=\"tr-TR\">Sohbet programlar\u0131n\u0131n i\u00e7eri\u011fi, T\u00fcrkistan-Horasan marifeti, bu co\u011frafyan\u0131n tarihi ve k\u00fclt\u00fcrel miras\u0131 \u00fczerine odaklanmaktad\u0131r. Programlarda, kat\u0131l\u0131mc\u0131lara T\u00fcrkistan ve Horasan medeniyetlerinin tarihsel geli\u015fimi, k\u00fclt\u00fcrel zenginlikleri ve bu miras\u0131n g\u00fcn\u00fcm\u00fcze yans\u0131malar\u0131 hakk\u0131nda kapsaml\u0131 bilgi aktar\u0131lmaktad\u0131r. Ayr\u0131ca, bu k\u00fclt\u00fcrel miras\u0131n korunmas\u0131 ve gelecek nesillere aktar\u0131lmas\u0131 konusunda \u00f6nemli bilgiler payla\u015f\u0131lmaktad\u0131r. Sohbetler interaktif bir formatta ger\u00e7ekle\u015ftirilmekte, kat\u0131l\u0131mc\u0131lar aras\u0131nda aktif bir bilgi al\u0131\u015fveri\u015fi sa\u011flanmaktad\u0131r.<\/span><\/p><\/br><\/br>\n<p align=\"justify\"><span lang=\"tr-TR\"><b>Sonu\u00e7: <\/b><\/span><span lang=\"tr-TR\">T\u00fcrkistan-Horasan Marifeti Sohbet Programlar\u0131, kat\u0131l\u0131mc\u0131lar aras\u0131nda derin bir k\u00fclt\u00fcrel bilin\u00e7 ve fark\u0131ndal\u0131k yaratmay\u0131 ba\u015farm\u0131\u015ft\u0131r. Program sonras\u0131nda yap\u0131lan geri bildirimlerde, kat\u0131l\u0131mc\u0131lar bu etkinliklerin kendilerine \u00f6nemli bir perspektif kazand\u0131rd\u0131\u011f\u0131n\u0131 belirtmi\u015f ve program\u0131n devaml\u0131l\u0131\u011f\u0131na y\u00f6nelik taleplerini dile getirmi\u015flerdir. Bu durum, program\u0131n amac\u0131na ula\u015ft\u0131\u011f\u0131n\u0131 ve kat\u0131l\u0131mc\u0131lar \u00fczerinde kal\u0131c\u0131 bir etki b\u0131rakt\u0131\u011f\u0131n\u0131 g\u00f6stermektedir.<\/span><\/p><\/br><\/br>\n<p align=\"justify\"><span lang=\"tr-TR\">Bu sohbet programlar\u0131, T\u00fcrkistan-Horasan k\u00fclt\u00fcr\u00fcn\u00fc derinlemesine anlamak ve bu k\u00fclt\u00fcr\u00fc gelecek nesillere aktarmak isteyenler i\u00e7in ka\u00e7\u0131r\u0131lmayacak bir f\u0131rsat sunmaktad\u0131r.<\/span><\/p>\t\t\t\t\t\t\t\t<\/div>\n\t\t\t\t<div class=\"elementor-element elementor-element-245df22 elementor-widget elementor-widget-spacer\" data-id=\"245df22\" data-element_type=\"widget\" data-widget_type=\"spacer.default\">\n\t\t\t\t\t\t\t<div class=\"elementor-spacer\">\n\t\t\t<div class=\"elementor-spacer-inner\"><\/div>\n\t\t<\/div>\n\t\t\t\t\t\t<\/div>\n\t\t\t\t<div class=\"elementor-element elementor-element-f41ef06 elementor-widget elementor-widget-text-editor\" data-id=\"f41ef06\" data-element_type=\"widget\" data-widget_type=\"text-editor.default\">\n\t\t\t\t\t\t\t\t\t<h3><b>H\u0131rkadaki Koku: Kad\u0131n\u0131n S\u0131rr\u0131 (Han\u0131mefendilere \u00d6zel)<\/b><\/span><\/span><\/h3><\/br><\/br>\n<p align=\"justify\"><span lang=\"tr-TR\"><b>H\u0131rkadaki Koku:<\/b>Kad\u0131n\u0131n S\u0131rr\u0131 projesi, kad\u0131nlar\u0131n toplum i\u00e7indeki rollerini g\u00fc\u00e7lendirmek ve aile i\u00e7i ili\u015fkileri iyile\u015ftirmek amac\u0131yla y\u00fcr\u00fct\u00fclmektedir. Bu yolda, \u00f6zellikle annelerin e\u011fitim seviyesini ve bilin\u00e7lerini art\u0131rarak, g\u00fc\u00e7l\u00fc ve bilin\u00e7li nesillerin yeti\u015fmesine katk\u0131 sa\u011flamaya gayret ediyoruz. , B\u00fcy\u00fckanne-Anne-K\u0131z modeli ile Hazreti Hatice, Hazreti Fat\u0131ma ve Hazreti Zeynep \u00f6rneklerini kullanarak kad\u0131nlar\u0131n k\u00fclt\u00fcrel ve eylemsel yeteneklerini geli\u015ftirmeyi ama\u00e7l\u0131yoruz.<\/span><\/p><\/br><\/br>\n<p align=\"justify\"><span lang=\"tr-TR\"><i><b>Annelerin G\u00fc\u00e7lenmesi \u0130\u00e7in \u00c7aba G\u00f6steriyoruz:<\/b><\/i><\/span><\/p>\n<p align=\"justify\"><span lang=\"tr-TR\">Annelerin toplumsal rollerini daha etkin hale getirmek i\u00e7in \u00e7e\u015fitli e\u011fitimler ve fark\u0131ndal\u0131k \u00e7al\u0131\u015fmalar\u0131na odaklan\u0131yoruz. Bu sayede, annelerin aile i\u00e7inde ve toplumda daha g\u00fc\u00e7l\u00fc bir konuma gelmesi i\u00e7in gayret ediyoruz.<\/span><\/p><\/br><\/br>\n<p align=\"justify\"><span lang=\"tr-TR\"><i><b>Aile \u0130\u00e7i \u0130li\u015fkileri \u0130yile\u015ftirmeye \u00c7al\u0131\u015f\u0131yoruz:<\/b><\/i><\/span><\/p>\n<p align=\"justify\"><span lang=\"tr-TR\">Annelerin kazand\u0131\u011f\u0131 bilgi ve becerilerle aile i\u00e7i ileti\u015fimi ve ili\u015fkileri daha sa\u011fl\u0131kl\u0131 hale getirmeyi hedefliyoruz. Aile i\u00e7inde uyumlu ve sevgi dolu bir ortam olu\u015fturulmas\u0131 i\u00e7in \u00e7aba sarf ediyoruz.<\/span><\/p><\/br><\/br>\n<p align=\"justify\"><span lang=\"tr-TR\"><i><b>E\u011fitimli Annelerle Ba\u015far\u0131l\u0131 Nesiller Yeti\u015ftirmeye \u00c7al\u0131\u015f\u0131yoruz:<\/b><\/i><\/span><\/p>\n<p align=\"justify\"><span lang=\"tr-TR\">Annelerin e\u011fitim d\u00fczeyini art\u0131rarak, \u00e7ocuklar\u0131na daha iyi rehberlik edebilmelerini sa\u011flamaya \u00e7al\u0131\u015f\u0131yoruz. Bu yolla, daha bilin\u00e7li ve ba\u015far\u0131l\u0131 bir neslin yeti\u015fmesine katk\u0131da bulunmay\u0131 ama\u00e7l\u0131yoruz.<\/span><\/p><\/br><\/br>\n<p align=\"justify\"><span lang=\"tr-TR\"><i><b>Toplumsal Refah\u0131n Artmas\u0131 \u0130\u00e7in Gayret Ediyoruz:<\/b><\/i><\/span><\/p>\n<p align=\"justify\"><span lang=\"tr-TR\">Projemiz kapsam\u0131nda toplumun genel refah seviyesinin y\u00fckselmesine ve aile dayan\u0131\u015fmas\u0131n\u0131n g\u00fc\u00e7lenmesine katk\u0131da bulunmak i\u00e7in elimizden geleni yap\u0131yoruz.<\/span><\/p><\/br><\/br>\n<p align=\"justify\"><span lang=\"tr-TR\"><i><b>Projemizin S\u00fcrd\u00fcr\u00fclebilirli\u011fi \u0130\u00e7in \u00c7aba Sarf Ediyoruz:<\/b><\/i><\/span><\/p>\n<p align=\"justify\"><span lang=\"tr-TR\">Projemizin s\u00fcrd\u00fcr\u00fclebilir bir yap\u0131ya kavu\u015fmas\u0131 ve gelecekte daha fazla aileye ula\u015fmas\u0131 i\u00e7in \u00e7al\u0131\u015f\u0131yoruz. Bu do\u011frultuda, uzun vadede projemizin etkilerini art\u0131rmay\u0131 hedefliyoruz.<\/span><\/p>\t\t\t\t\t\t\t\t<\/div>\n\t\t\t\t\t<\/div>\n\t\t<\/div>\n\t\t\t\t\t<\/div>\n\t\t<\/section>\n\t\t\t\t<\/div>\n\t\t","protected":false},"excerpt":{"rendered":"<p>E\u011fitim ve K\u00fclt\u00fcr Faaliyetleri &#8220;T\u00fcrkistan-Horasan Marifeti&#8221; Sohbet Programlar\u0131 Program G\u00fcnleri: T\u00fcrkistan-Horasan Marifeti Sohbet Programlar\u0131, haftan\u0131n iki g\u00fcn\u00fcnde d\u00fczenlenmektedir. Sal\u0131 g\u00fcnleri beyefendilere, Cumartesi g\u00fcnleri ise han\u0131mefendilere y\u00f6nelik olarak ger\u00e7ekle\u015ftirilen bu etkinlikler, [&hellip;]<\/p>\n","protected":false},"author":1,"featured_media":0,"parent":0,"menu_order":0,"comment_status":"closed","ping_status":"closed","template":"","meta":{"give_campaign_id":0,"footnotes":""},"class_list":["post-14504","page","type-page","status-publish","hentry"],"campaignId":"","_links":{"self":[{"href":"https:\/\/horasan.dijitalpiksel.com\/index.php?rest_route=\/wp\/v2\/pages\/14504","targetHints":{"allow":["GET"]}}],"collection":[{"href":"https:\/\/horasan.dijitalpiksel.com\/index.php?rest_route=\/wp\/v2\/pages"}],"about":[{"href":"https:\/\/horasan.dijitalpiksel.com\/index.php?rest_route=\/wp\/v2\/types\/page"}],"author":[{"embeddable":true,"href":"https:\/\/horasan.dijitalpiksel.com\/index.php?rest_route=\/wp\/v2\/users\/1"}],"replies":[{"embeddable":true,"href":"https:\/\/horasan.dijitalpiksel.com\/index.php?rest_route=%2Fwp%2Fv2%2Fcomments&post=14504"}],"version-history":[{"count":13,"href":"https:\/\/horasan.dijitalpiksel.com\/index.php?rest_route=\/wp\/v2\/pages\/14504\/revisions"}],"predecessor-version":[{"id":14995,"href":"https:\/\/horasan.dijitalpiksel.com\/index.php?rest_route=\/wp\/v2\/pages\/14504\/revisions\/14995"}],"wp:attachment":[{"href":"https:\/\/horasan.dijitalpiksel.com\/index.php?rest_route=%2Fwp%2Fv2%2Fmedia&parent=14504"}],"curies":[{"name":"wp","href":"https:\/\/api.w.org\/{rel}","templated":true}]}}