{"id":14476,"date":"2026-02-02T13:51:15","date_gmt":"2026-02-02T13:51:15","guid":{"rendered":"https:\/\/horasan.dijitalpiksel.com\/?page_id=14476"},"modified":"2026-02-11T14:40:55","modified_gmt":"2026-02-11T14:40:55","slug":"bagis-sepeti","status":"publish","type":"page","link":"https:\/\/horasan.dijitalpiksel.com\/?page_id=14476","title":{"rendered":"Ba\u011f\u0131\u015f Sepeti"},"content":{"rendered":"\t\t<div data-elementor-type=\"wp-page\" data-elementor-id=\"14476\" class=\"elementor elementor-14476\">\n\t\t\t\t\t\t<section class=\"elementor-section elementor-top-section elementor-element elementor-element-df26b5c elementor-section-stretched elementor-section-content-middle elementor-section-boxed elementor-section-height-default elementor-section-height-default\" data-id=\"df26b5c\" data-element_type=\"section\" data-settings=\"{&quot;stretch_section&quot;:&quot;section-stretched&quot;,&quot;background_background&quot;:&quot;classic&quot;}\">\n\t\t\t\t\t\t\t<div class=\"elementor-background-overlay\"><\/div>\n\t\t\t\t\t\t\t<div class=\"elementor-container elementor-column-gap-default\">\n\t\t\t\t\t<div class=\"elementor-column elementor-col-100 elementor-top-column elementor-element elementor-element-20558a88\" data-id=\"20558a88\" data-element_type=\"column\">\n\t\t\t<div class=\"elementor-widget-wrap elementor-element-populated\">\n\t\t\t\t\t\t<div class=\"elementor-element elementor-element-45cdbdb8 elementor-widget elementor-widget-heading\" data-id=\"45cdbdb8\" data-element_type=\"widget\" data-widget_type=\"heading.default\">\n\t\t\t\t\t<h1 class=\"elementor-heading-title elementor-size-default\">Ba\u011f\u0131\u015f Sepeti<\/h1>\t\t\t\t<\/div>\n\t\t\t\t\t<\/div>\n\t\t<\/div>\n\t\t\t\t\t<\/div>\n\t\t<\/section>\n\t\t\t\t<section class=\"elementor-section elementor-top-section elementor-element elementor-element-ef0815e elementor-section-stretched elementor-section-boxed elementor-section-height-default elementor-section-height-default\" data-id=\"ef0815e\" data-element_type=\"section\" data-settings=\"{&quot;stretch_section&quot;:&quot;section-stretched&quot;,&quot;background_background&quot;:&quot;classic&quot;}\">\n\t\t\t\t\t\t<div class=\"elementor-container elementor-column-gap-default\">\n\t\t\t\t\t<div class=\"elementor-column elementor-col-100 elementor-top-column elementor-element elementor-element-55ee12d\" data-id=\"55ee12d\" data-element_type=\"column\">\n\t\t\t<div class=\"elementor-widget-wrap elementor-element-populated\">\n\t\t\t\t\t\t<div class=\"elementor-element elementor-element-5c13eea elementor-widget elementor-widget-html\" data-id=\"5c13eea\" data-element_type=\"widget\" data-widget_type=\"html.default\">\n\t\t\t\t\t<!DOCTYPE html>\n<html lang=\"tr\">\n<head>\n<meta charset=\"UTF-8\">\n<meta name=\"viewport\" content=\"width=device-width, initial-scale=1.0\">\n<title>Banka Hesap Bilgileri<\/title>\n<style>\n    \/* Genel Ayarlar *\/\n    .donation-section {\n        font-family: 'Segoe UI', Tahoma, Geneva, Verdana, sans-serif;\n        max-width: 1200px;\n        margin: 0 auto;\n        padding: 40px 20px;\n        text-align: center;\n        background-color: #f9f9f9;\n    }\n\n    \/* Ba\u015fl\u0131k Alan\u0131 *\/\n    .account-holder {\n        background-color: #fff;\n        padding: 20px;\n        border-radius: 10px;\n        box-shadow: 0 4px 6px rgba(0,0,0,0.05);\n        margin-bottom: 40px;\n        border-left: 5px solid #2c3e50;\n    }\n\n    .account-holder h2 {\n        font-size: 24px;\n        color: #333;\n        margin-bottom: 10px;\n        text-transform: uppercase;\n    }\n\n    .account-holder p {\n        font-size: 18px;\n        font-weight: bold;\n        color: #555;\n        margin: 0;\n    }\n\n    \/* Grid Yap\u0131s\u0131 *\/\n    .bank-grid {\n        display: flex;\n        justify-content: center;\n        gap: 30px;\n        flex-wrap: wrap;\n        align-items: stretch; \/* Kartlar\u0131n boyunu e\u015fitler *\/\n    }\n\n    \/* Kart Tasar\u0131m\u0131 *\/\n    .bank-card {\n        background: white;\n        border-radius: 15px;\n        box-shadow: 0 10px 20px rgba(0,0,0,0.08);\n        flex: 1;\n        min-width: 300px;\n        padding: 30px 20px;\n        transition: transform 0.3s ease;\n        border-top: 5px solid transparent;\n        display: flex;\n        flex-direction: column;\n        align-items: center;\n    }\n\n    .bank-card:hover {\n        transform: translateY(-5px);\n    }\n\n    \/* --- YEN\u0130 EKLENEN KISIM: Logo Konteyner --- *\/\n    .logo-container {\n        width: 100%;           \/* Konteyner tam geni\u015flikte olsun *\/\n        height: 80px;          \/* Sabit bir y\u00fckseklik belirledik *\/\n        display: flex;         \/* \u0130\u00e7eri\u011fi (logoyu) ortalamak i\u00e7in *\/\n        justify-content: center; \/* Yatayda ortala *\/\n        align-items: center;     \/* Dikeyde ortala *\/\n        margin-bottom: 20px;     \/* Alt\u0131ndaki ba\u015fl\u0131kla mesafe *\/\n        \/* background-color: #f0f0f0;  Bu sat\u0131r\u0131 a\u00e7arak kutu alan\u0131n\u0131 g\u00f6rebilirsin *\/\n    }\n\n    \/* Logo Ayarlar\u0131 (G\u00fcncellendi) *\/\n    .bank-logo {\n        max-width: 100%;      \/* Konteynerden geni\u015f olmas\u0131n *\/\n        max-height: 100%;     \/* Konteynerden y\u00fcksek olmas\u0131n *\/\n        width: auto;          \/* Orant\u0131l\u0131 geni\u015flik *\/\n        height: auto;         \/* Orant\u0131l\u0131 y\u00fckseklik *\/\n        object-fit: contain;  \/* Logoyu bozmadan kutuya s\u0131\u011fd\u0131r *\/\n    }\n    \/* ------------------------------------------- *\/\n\n    .bank-title {\n        font-size: 20px;\n        font-weight: bold;\n        color: #2c3e50;\n        margin-bottom: 20px;\n        padding-bottom: 10px;\n        border-bottom: 1px solid #eee;\n        width: 100%;\n        text-align: center;\n        flex-grow: 1; \/* Ba\u015fl\u0131k alan\u0131n\u0131n esnek olmas\u0131n\u0131 sa\u011flar *\/\n        display: flex;\n        align-items: center;\n        justify-content: center;\n    }\n\n    \/* IBAN Sat\u0131rlar\u0131 *\/\n    .iban-row {\n        width: 100%;\n        margin-bottom: 10px;\n        text-align: left;\n        background-color: #f8fcfd;\n        padding: 10px;\n        border-radius: 6px;\n        box-sizing: border-box;\n    }\n\n    .currency-label {\n        font-weight: 800;\n        color: #2980b9;\n        display: block;\n        font-size: 14px;\n        margin-bottom: 4px;\n    }\n\n    .iban-number {\n        font-family: 'Courier New', Courier, monospace;\n        font-size: 15px;\n        color: #333;\n        font-weight: 600;\n        word-break: break-all;\n    }\n\n    \/* Renk Kodlar\u0131 *\/\n    .emlak-border { border-top-color: #E84C3D; }\n    .vakif-border { border-top-color: #F1C40F; }\n    .ziraat-border { border-top-color: #E74C3C; }\n\n    \/* Mobil *\/\n    @media (max-width: 768px) {\n        .bank-grid {\n            flex-direction: column;\n        }\n        .bank-card {\n            width: 100%;\n        }\n    }\n<\/style>\n<\/head>\n<body>\n\n<div class=\"donation-section\">\n    \n    <div class=\"account-holder\">\n        <h4>Hesap Numaralar\u0131<\/h4>\n        <p>HESAP ADI : AL\u0130 ABA HORASAN YOLU E\u011e\u0130T\u0130M K\u00dcLT\u00dcR SOSYAL YARDIMLA\u015eMA DERNE\u011e\u0130<\/p>\n    <\/div>\n\n    <div class=\"bank-grid\">\n        \n        <div class=\"bank-card emlak-border\">\n            <div class=\"logo-container\">\n                <img decoding=\"async\" src=\"http:\/\/horasan.dijitalpiksel.com\/wp-content\/uploads\/2026\/02\/emlakkatilim.png\" alt=\"Emlak Kat\u0131l\u0131m Logo\" class=\"bank-logo\">\n            <\/div>\n            \n            <div class=\"bank-title\">EMLAK KATILIM BANKASI<\/div>\n            \n            <div class=\"iban-row\">\n                <span class=\"currency-label\">TL IBAN<\/span>\n                <span class=\"iban-number\">TR22 0021 1000 0007 1512 6000 01<\/span>\n            <\/div>\n            <div class=\"iban-row\">\n                <span class=\"currency-label\">EUR IBAN<\/span>\n                <span class=\"iban-number\">TR11 0021 1000 0007 1512 6001 02<\/span>\n            <\/div>\n            <div class=\"iban-row\">\n                <span class=\"currency-label\">USD IBAN<\/span>\n                <span class=\"iban-number\">TR38 0021 1000 0007 1512 6001 01<\/span>\n            <\/div>\n        <\/div>\n\n        <div class=\"bank-card vakif-border\">\n            <div class=\"logo-container\">\n                <img decoding=\"async\" src=\"http:\/\/horasan.dijitalpiksel.com\/wp-content\/uploads\/2026\/02\/vakifkatilimyataylogo.jpg\" alt=\"Vak\u0131f Kat\u0131l\u0131m Logo\" class=\"bank-logo\">\n            <\/div>\n            \n            <div class=\"bank-title\">VAKIF KATILIM BANKASI<\/div>\n            \n            <div class=\"iban-row\">\n                <span class=\"currency-label\">TL IBAN<\/span>\n                <span class=\"iban-number\">TR61 0021 0000 0008 8330 8000 01<\/span>\n            <\/div>\n            <div class=\"iban-row\">\n                <span class=\"currency-label\">EUR IBAN<\/span>\n                <span class=\"iban-number\">TR50 0021 0000 0008 8330 8001 02<\/span>\n            <\/div>\n            <div class=\"iban-row\">\n                <span class=\"currency-label\">USD IBAN<\/span>\n                <span class=\"iban-number\">TR77 0021 0000 0008 8330 8001 01<\/span>\n            <\/div>\n        <\/div>\n\n        <div class=\"bank-card ziraat-border\">\n            <div class=\"logo-container\">\n                <img decoding=\"async\" src=\"http:\/\/horasan.dijitalpiksel.com\/wp-content\/uploads\/2026\/02\/Ziraat_Katilim_Bankasi_logo.png\" alt=\"Ziraat Kat\u0131l\u0131m Logo\" class=\"bank-logo\">\n            <\/div>\n            \n            <div class=\"bank-title\">Z\u0130RAAT KATILIM BANKASI<\/div>\n            \n            <div class=\"iban-row\">\n                <span class=\"currency-label\">TL IBAN<\/span>\n                <span class=\"iban-number\">TR37 0020 9000 0141 4982 0000 01<\/span>\n            <\/div>\n            <div class=\"iban-row\">\n                <span class=\"currency-label\">EUR IBAN<\/span>\n                <span class=\"iban-number\">TR10 0020 9000 0141 4982 0000 02<\/span>\n            <\/div>\n            <div class=\"iban-row\">\n                <span class=\"currency-label\">USD IBAN<\/span>\n                <span class=\"iban-number\">TR80 0020 9000 0141 4982 0000 03<\/span>\n            <\/div>\n        <\/div>\n\n    <\/div>\n<\/div>\n\n<\/body>\n<\/html>\t\t\t\t<\/div>\n\t\t\t\t\t<\/div>\n\t\t<\/div>\n\t\t\t\t\t<\/div>\n\t\t<\/section>\n\t\t<div class=\"elementor-element elementor-element-7a8a109 e-flex e-con-boxed e-con e-parent\" data-id=\"7a8a109\" data-element_type=\"container\">\n\t\t\t\t\t<div class=\"e-con-inner\">\n\t\t\t\t<div class=\"elementor-element elementor-element-10470de elementor-widget elementor-widget-heading\" data-id=\"10470de\" data-element_type=\"widget\" data-widget_type=\"heading.default\">\n\t\t\t\t\t<h3 class=\"elementor-heading-title elementor-size-default\"><b>Ba\u011f\u0131\u015flar\u0131n\u0131zla Yapt\u0131\u011f\u0131m\u0131z<\/b><\/h3>\t\t\t\t<\/div>\n\t\t\t\t\t<\/div>\n\t\t\t\t<\/div>\n\t\t\t\t<section class=\"elementor-section elementor-top-section elementor-element elementor-element-2bfe03a5 elementor-section-stretched elementor-section-boxed elementor-section-height-default elementor-section-height-default\" data-id=\"2bfe03a5\" data-element_type=\"section\" data-settings=\"{&quot;stretch_section&quot;:&quot;section-stretched&quot;,&quot;background_background&quot;:&quot;classic&quot;}\">\n\t\t\t\t\t\t<div class=\"elementor-container elementor-column-gap-default\">\n\t\t\t\t\t<div class=\"elementor-column elementor-col-33 elementor-top-column elementor-element elementor-element-623633c1\" data-id=\"623633c1\" data-element_type=\"column\">\n\t\t\t<div class=\"elementor-widget-wrap elementor-element-populated\">\n\t\t\t\t\t\t<div class=\"elementor-element elementor-element-07dac24 elementor-widget elementor-widget-text-editor\" data-id=\"07dac24\" data-element_type=\"widget\" data-widget_type=\"text-editor.default\">\n\t\t\t\t\t\t\t\t\t<h3><a name=\"_Toc174710817\"><\/a> <span lang=\"tr-TR\"><b>Faaliyetlerimiz<\/b><\/span><\/h3><ul><li><p><span lang=\"tr-TR\">Un Farikas\u0131 Kurulumu<\/span><\/p><\/li><li><p><span lang=\"tr-TR\">Afganistan Adak Kurban\u0131<\/span><\/p><\/li><li><p><span lang=\"tr-TR\">Afganistan Yetim \u00d6\u011frenci Sponsorlu\u011fu<\/span><\/p><\/li><li><p><span lang=\"tr-TR\">Genel Ba\u011f\u0131\u015f<\/span><\/p><\/li><li><p><span lang=\"tr-TR\">Zek\u00e2t<\/span><\/p><\/li><li><p><span lang=\"tr-TR\">Bayraml\u0131k Giysi<\/span><\/p><\/li><li><p><span lang=\"tr-TR\">G\u0131da Yard\u0131m\u0131<\/span><\/p><\/li><li><p><span lang=\"tr-TR\">Haf\u0131zl\u0131k \u0130cazet T\u00f6reni<\/span><\/p><\/li><li><p><span lang=\"tr-TR\">Ramazan \u0130ftar\u0131 ( Ramazan Ay\u0131nda Aktif Olacak )<\/span><\/p><\/li><li><p><span lang=\"tr-TR\">Kurban Bayram\u0131 Vekalet ile Kurban K\u00fc\u00e7\u00fck Ba\u015f : ( Kurban Bayram\u0131na 45 g\u00fcn kala Aktif Olacak )<\/span><\/p><\/li><li><p><span lang=\"tr-TR\">Kurban Bayram\u0131 Vekalet ile Kurban B\u00fcy\u00fck Ba\u015f : ( Kurban Bayram\u0131na 45 g\u00fcn kala Aktif Olacak )<\/span><\/p><\/li><\/ul>\t\t\t\t\t\t\t\t<\/div>\n\t\t\t\t\t<\/div>\n\t\t<\/div>\n\t\t\t\t<div class=\"elementor-column elementor-col-33 elementor-top-column elementor-element elementor-element-cd264dd\" data-id=\"cd264dd\" data-element_type=\"column\">\n\t\t\t<div class=\"elementor-widget-wrap elementor-element-populated\">\n\t\t\t\t\t\t<div class=\"elementor-element elementor-element-58b2e5e elementor-widget elementor-widget-text-editor\" data-id=\"58b2e5e\" data-element_type=\"widget\" data-widget_type=\"text-editor.default\">\n\t\t\t\t\t\t\t\t\t<h3><a name=\"_Toc174710818\"><\/a> <span lang=\"tr-TR\"><b>Projelerimiz<\/b><\/span><\/h3><ul><li><p><span lang=\"tr-TR\">Hal\u0131 Dokuma Tezgah\u0131 Ve Kursu Kurulmas\u0131<\/span><\/p><\/li><li><p><span lang=\"tr-TR\">Bu\u011fday ve Yem Bitkisi \u00dcretimi<\/span><\/p><\/li><li><p><span lang=\"tr-TR\">K\u00fc\u00e7\u00fckba\u015f Hayvan Yeti\u015ftircili\u011fi Tesisi Kurulmas\u0131<\/span><\/p><\/li><li><p><span lang=\"tr-TR\">Ahmet Yesevi Koleji Erkek lisesi<\/span><\/p><\/li><li><p><span lang=\"tr-TR\">Ahmet Yesevi Koleji K\u0131z Lisesi<\/span><\/p><\/li><li><p><span lang=\"tr-TR\">Toplu S\u00fcnnet Merasimi<\/span><\/p><\/li><li><p><span lang=\"tr-TR\">Toplu D\u00fc\u011f\u00fcn Merasimi<\/span><\/p><\/li><\/ul><p lang=\"tr-TR\">\u00a0<\/p>\t\t\t\t\t\t\t\t<\/div>\n\t\t\t\t\t<\/div>\n\t\t<\/div>\n\t\t\t\t<div class=\"elementor-column elementor-col-33 elementor-top-column elementor-element elementor-element-e577f67\" data-id=\"e577f67\" data-element_type=\"column\">\n\t\t\t<div class=\"elementor-widget-wrap elementor-element-populated\">\n\t\t\t\t\t\t<div class=\"elementor-element elementor-element-0a64bbd elementor-widget elementor-widget-text-editor\" data-id=\"0a64bbd\" data-element_type=\"widget\" data-widget_type=\"text-editor.default\">\n\t\t\t\t\t\t\t\t\t<h3><a name=\"_Toc174710818\"><\/a> <span lang=\"tr-TR\"><b>Whatsapp \u0130leti\u015fim<\/b><\/span><\/h3><ul><li><p><span lang=\"tr-TR\">+90 505 314 55 67<\/span><\/p><\/li><\/ul>\t\t\t\t\t\t\t\t<\/div>\n\t\t\t\t<div class=\"elementor-element elementor-element-b6dfa92 elementor-widget elementor-widget-image\" data-id=\"b6dfa92\" data-element_type=\"widget\" data-widget_type=\"image.default\">\n\t\t\t\t\t\t\t\t\t\t\t\t\t\t\t\t<a href=\"https:\/\/api.whatsapp.com\/send\/?phone=905053145567&#038;text&#038;type=phone_number&#038;app_absent=0\">\n\t\t\t\t\t\t\t<img loading=\"lazy\" decoding=\"async\" width=\"360\" height=\"362\" src=\"https:\/\/horasan.dijitalpiksel.com\/wp-content\/uploads\/2026\/02\/Digital_Glyph_Green.png\" class=\"attachment-large size-large wp-image-15067\" alt=\"\" srcset=\"https:\/\/horasan.dijitalpiksel.com\/wp-content\/uploads\/2026\/02\/Digital_Glyph_Green.png 360w, https:\/\/horasan.dijitalpiksel.com\/wp-content\/uploads\/2026\/02\/Digital_Glyph_Green-298x300.png 298w, https:\/\/horasan.dijitalpiksel.com\/wp-content\/uploads\/2026\/02\/Digital_Glyph_Green-150x150.png 150w, https:\/\/horasan.dijitalpiksel.com\/wp-content\/uploads\/2026\/02\/Digital_Glyph_Green-200x200.png 200w, https:\/\/horasan.dijitalpiksel.com\/wp-content\/uploads\/2026\/02\/Digital_Glyph_Green-100x100.png 100w\" sizes=\"auto, (max-width: 360px) 100vw, 360px\" \/>\t\t\t\t\t\t\t\t<\/a>\n\t\t\t\t\t\t\t\t\t\t\t\t\t\t\t<\/div>\n\t\t\t\t\t<\/div>\n\t\t<\/div>\n\t\t\t\t\t<\/div>\n\t\t<\/section>\n\t\t\t\t<\/div>\n\t\t","protected":false},"excerpt":{"rendered":"<p>Ba\u011f\u0131\u015f Sepeti Banka Hesap Bilgileri Hesap Numaralar\u0131 HESAP ADI : AL\u0130 ABA HORASAN YOLU E\u011e\u0130T\u0130M K\u00dcLT\u00dcR SOSYAL YARDIMLA\u015eMA DERNE\u011e\u0130 EMLAK KATILIM BANKASI TL IBAN TR22 0021 1000 0007 1512 6000 [&hellip;]<\/p>\n","protected":false},"author":1,"featured_media":0,"parent":0,"menu_order":0,"comment_status":"closed","ping_status":"closed","template":"","meta":{"give_campaign_id":0,"footnotes":""},"class_list":["post-14476","page","type-page","status-publish","hentry"],"campaignId":"","_links":{"self":[{"href":"https:\/\/horasan.dijitalpiksel.com\/index.php?rest_route=\/wp\/v2\/pages\/14476","targetHints":{"allow":["GET"]}}],"collection":[{"href":"https:\/\/horasan.dijitalpiksel.com\/index.php?rest_route=\/wp\/v2\/pages"}],"about":[{"href":"https:\/\/horasan.dijitalpiksel.com\/index.php?rest_route=\/wp\/v2\/types\/page"}],"author":[{"embeddable":true,"href":"https:\/\/horasan.dijitalpiksel.com\/index.php?rest_route=\/wp\/v2\/users\/1"}],"replies":[{"embeddable":true,"href":"https:\/\/horasan.dijitalpiksel.com\/index.php?rest_route=%2Fwp%2Fv2%2Fcomments&post=14476"}],"version-history":[{"count":32,"href":"https:\/\/horasan.dijitalpiksel.com\/index.php?rest_route=\/wp\/v2\/pages\/14476\/revisions"}],"predecessor-version":[{"id":15119,"href":"https:\/\/horasan.dijitalpiksel.com\/index.php?rest_route=\/wp\/v2\/pages\/14476\/revisions\/15119"}],"wp:attachment":[{"href":"https:\/\/horasan.dijitalpiksel.com\/index.php?rest_route=%2Fwp%2Fv2%2Fmedia&parent=14476"}],"curies":[{"name":"wp","href":"https:\/\/api.w.org\/{rel}","templated":true}]}}