{"id":14390,"date":"2026-02-02T02:45:20","date_gmt":"2026-02-02T02:45:20","guid":{"rendered":"https:\/\/horasan.dijitalpiksel.com\/?page_id=14390"},"modified":"2026-02-10T23:07:43","modified_gmt":"2026-02-10T23:07:43","slug":"biz-kimiz","status":"publish","type":"page","link":"https:\/\/horasan.dijitalpiksel.com\/?page_id=14390","title":{"rendered":"Biz Kimiz?"},"content":{"rendered":"\t\t<div data-elementor-type=\"wp-page\" data-elementor-id=\"14390\" class=\"elementor elementor-14390\">\n\t\t\t\t\t\t<section class=\"elementor-section elementor-top-section elementor-element elementor-element-df26b5c elementor-section-stretched elementor-section-content-middle elementor-section-boxed elementor-section-height-default elementor-section-height-default\" data-id=\"df26b5c\" data-element_type=\"section\" data-settings=\"{&quot;stretch_section&quot;:&quot;section-stretched&quot;,&quot;background_background&quot;:&quot;classic&quot;}\">\n\t\t\t\t\t\t\t<div class=\"elementor-background-overlay\"><\/div>\n\t\t\t\t\t\t\t<div class=\"elementor-container elementor-column-gap-default\">\n\t\t\t\t\t<div class=\"elementor-column elementor-col-100 elementor-top-column elementor-element elementor-element-20558a88\" data-id=\"20558a88\" data-element_type=\"column\">\n\t\t\t<div class=\"elementor-widget-wrap elementor-element-populated\">\n\t\t\t\t\t\t<div class=\"elementor-element elementor-element-45cdbdb8 elementor-widget elementor-widget-heading\" data-id=\"45cdbdb8\" data-element_type=\"widget\" data-widget_type=\"heading.default\">\n\t\t\t\t\t<h1 class=\"elementor-heading-title elementor-size-default\">Biz Kimiz?<\/h1>\t\t\t\t<\/div>\n\t\t\t\t\t<\/div>\n\t\t<\/div>\n\t\t\t\t\t<\/div>\n\t\t<\/section>\n\t\t\t\t<section class=\"elementor-section elementor-top-section elementor-element elementor-element-2bfe03a5 elementor-section-stretched elementor-section-boxed elementor-section-height-default elementor-section-height-default\" data-id=\"2bfe03a5\" data-element_type=\"section\" data-settings=\"{&quot;stretch_section&quot;:&quot;section-stretched&quot;,&quot;background_background&quot;:&quot;classic&quot;}\">\n\t\t\t\t\t\t<div class=\"elementor-container elementor-column-gap-default\">\n\t\t\t\t\t<div class=\"elementor-column elementor-col-100 elementor-top-column elementor-element elementor-element-623633c1\" data-id=\"623633c1\" data-element_type=\"column\">\n\t\t\t<div class=\"elementor-widget-wrap elementor-element-populated\">\n\t\t\t\t\t\t<div class=\"elementor-element elementor-element-14a9644 elementor-widget elementor-widget-heading\" data-id=\"14a9644\" data-element_type=\"widget\" data-widget_type=\"heading.default\">\n\t\t\t\t\t<h4 class=\"elementor-heading-title elementor-size-default\">Biz Kimiz?<\/h4>\t\t\t\t<\/div>\n\t\t\t\t<div class=\"elementor-element elementor-element-07dac24 elementor-widget elementor-widget-text-editor\" data-id=\"07dac24\" data-element_type=\"widget\" data-widget_type=\"text-editor.default\">\n\t\t\t\t\t\t\t\t\t<p>\u00c2l-i Ab\u00e2 Horasan Yolu E\u011fitim K\u00fclt\u00fcr Sosyal Yard\u0131mla\u015fma Derne\u011fi olarak, Horasan Yolu erk\u00e2n\u0131n\u0131n insanl\u0131k taraf\u0131ndan i\u00e7selle\u015ftirilmesi i\u00e7in \u00e7aba g\u00f6steren bir derne\u011fiz.<\/p>\t\t\t\t\t\t\t\t<\/div>\n\t\t\t\t<div class=\"elementor-element elementor-element-8fc9960 elementor-widget elementor-widget-text-editor\" data-id=\"8fc9960\" data-element_type=\"widget\" data-widget_type=\"text-editor.default\">\n\t\t\t\t\t\t\t\t\t<p><strong><em>Temel hedefimiz, Hz. Muhammed Mustafa (sav) Efendimizin medeniyetini yeniden uyand\u0131r\u0131p ihya etmek ve insanl\u0131\u011f\u0131n yarar\u0131na faaliyetleri desteklemektir. Dernek olarak insan haklar\u0131na sayg\u0131, ayr\u0131mc\u0131l\u0131kla m\u00fccadele, yard\u0131mla\u015fma ve e\u011fitim alanlar\u0131nda faaliyet g\u00f6steriyoruz.<\/em><\/strong><\/p>\t\t\t\t\t\t\t\t<\/div>\n\t\t\t\t\t<\/div>\n\t\t<\/div>\n\t\t\t\t\t<\/div>\n\t\t<\/section>\n\t\t\t\t<section class=\"elementor-section elementor-top-section elementor-element elementor-element-38f79cb elementor-section-stretched elementor-section-boxed elementor-section-height-default elementor-section-height-default\" data-id=\"38f79cb\" data-element_type=\"section\" data-settings=\"{&quot;stretch_section&quot;:&quot;section-stretched&quot;,&quot;background_background&quot;:&quot;classic&quot;}\">\n\t\t\t\t\t\t<div class=\"elementor-container elementor-column-gap-default\">\n\t\t\t\t\t<div class=\"elementor-column elementor-col-100 elementor-top-column elementor-element elementor-element-6e78c06\" data-id=\"6e78c06\" data-element_type=\"column\">\n\t\t\t<div class=\"elementor-widget-wrap elementor-element-populated\">\n\t\t\t\t\t\t<div class=\"elementor-element elementor-element-5d1a23d elementor-widget elementor-widget-heading\" data-id=\"5d1a23d\" data-element_type=\"widget\" data-widget_type=\"heading.default\">\n\t\t\t\t\t<h4 class=\"elementor-heading-title elementor-size-default\">Ne Yap\u0131yoruz?<\/h4>\t\t\t\t<\/div>\n\t\t\t\t<div class=\"elementor-element elementor-element-0141e05 elementor-widget elementor-widget-text-editor\" data-id=\"0141e05\" data-element_type=\"widget\" data-widget_type=\"text-editor.default\">\n\t\t\t\t\t\t\t\t\t<p>Muhammed\u00ee olman\u0131n gere\u011fi olarak, yery\u00fcz\u00fcndeki insan haklar\u0131 ihlalleri, yoksulluk, ayr\u0131mc\u0131l\u0131k gibi sorunlara kar\u015f\u0131 m\u00fccadele ediyoruz. Ayr\u0131ca yard\u0131ma muhta\u00e7 gruplara madd\u00ee, t\u0131bb\u00ee, e\u011fitim ve bar\u0131nma yard\u0131mlar\u0131 sa\u011fl\u0131yoruz.<\/p>\t\t\t\t\t\t\t\t<\/div>\n\t\t\t\t<div class=\"elementor-element elementor-element-5e2c828 elementor-widget elementor-widget-text-editor\" data-id=\"5e2c828\" data-element_type=\"widget\" data-widget_type=\"text-editor.default\">\n\t\t\t\t\t\t\t\t\t<p><strong><em>E\u011fitim ve k\u00fclt\u00fcr faaliyetleriyle medeniyetimizi yaymak, T\u00fcrkistan-Horasan marifeti \u00e7izgisinde etkinlikler d\u00fczenlemek, gen\u00e7lik bulu\u015fmalar\u0131 sa\u011flamak ve dezavantajl\u0131 gruplara y\u00f6nelik topluma kazand\u0131r\u0131c\u0131 \u00e7al\u0131\u015fmalar y\u00fcr\u00fctmekteyiz.<\/em><\/strong><\/p>\t\t\t\t\t\t\t\t<\/div>\n\t\t\t\t\t<\/div>\n\t\t<\/div>\n\t\t\t\t\t<\/div>\n\t\t<\/section>\n\t\t\t\t<section class=\"elementor-section elementor-top-section elementor-element elementor-element-5562161 elementor-section-stretched elementor-section-boxed elementor-section-height-default elementor-section-height-default\" data-id=\"5562161\" data-element_type=\"section\" data-settings=\"{&quot;stretch_section&quot;:&quot;section-stretched&quot;,&quot;background_background&quot;:&quot;classic&quot;}\">\n\t\t\t\t\t\t<div class=\"elementor-container elementor-column-gap-default\">\n\t\t\t\t\t<div class=\"elementor-column elementor-col-100 elementor-top-column elementor-element elementor-element-711563a\" data-id=\"711563a\" data-element_type=\"column\">\n\t\t\t<div class=\"elementor-widget-wrap elementor-element-populated\">\n\t\t\t\t\t\t<div class=\"elementor-element elementor-element-588efd8 elementor-widget elementor-widget-heading\" data-id=\"588efd8\" data-element_type=\"widget\" data-widget_type=\"heading.default\">\n\t\t\t\t\t<h4 class=\"elementor-heading-title elementor-size-default\">Neden Yap\u0131yoruz?<\/h4>\t\t\t\t<\/div>\n\t\t\t\t<div class=\"elementor-element elementor-element-895a8c3 elementor-widget elementor-widget-text-editor\" data-id=\"895a8c3\" data-element_type=\"widget\" data-widget_type=\"text-editor.default\">\n\t\t\t\t\t\t\t\t\t<p>\u0130nsan haklar\u0131na sayg\u0131, ayr\u0131mc\u0131l\u0131kla m\u00fccadele ve yard\u0131mla\u015fma ilkelerini \u00f6n planda tutarak, toplumlar\u0131n manev\u00ee geli\u015fimine destek olmak en b\u00fcy\u00fck niyetimizdir. Yap\u0131lan her faaliyetin Allah r\u0131zas\u0131n\u0131 kazanmak amac\u0131yla ger\u00e7ekle\u015ftirildi\u011fini vurgulamaktay\u0131z.<\/p>\t\t\t\t\t\t\t\t<\/div>\n\t\t\t\t<div class=\"elementor-element elementor-element-732be67 elementor-widget elementor-widget-text-editor\" data-id=\"732be67\" data-element_type=\"widget\" data-widget_type=\"text-editor.default\">\n\t\t\t\t\t\t\t\t\t<p><strong><em>Temel motivasyonumuz, Hz. Muhammed Mustafa (sav) Efendimizin medeniyetini canland\u0131rarak insanl\u0131\u011f\u0131n refah\u0131na katk\u0131da bulunmakt\u0131r.<\/em><\/strong><\/p>\t\t\t\t\t\t\t\t<\/div>\n\t\t\t\t\t<\/div>\n\t\t<\/div>\n\t\t\t\t\t<\/div>\n\t\t<\/section>\n\t\t\t\t<section class=\"elementor-section elementor-top-section elementor-element elementor-element-f2668e5 elementor-section-stretched elementor-section-boxed elementor-section-height-default elementor-section-height-default\" data-id=\"f2668e5\" data-element_type=\"section\" data-settings=\"{&quot;stretch_section&quot;:&quot;section-stretched&quot;,&quot;background_background&quot;:&quot;classic&quot;}\">\n\t\t\t\t\t\t<div class=\"elementor-container elementor-column-gap-default\">\n\t\t\t\t\t<div class=\"elementor-column elementor-col-100 elementor-top-column elementor-element elementor-element-44c0770\" data-id=\"44c0770\" data-element_type=\"column\">\n\t\t\t<div class=\"elementor-widget-wrap elementor-element-populated\">\n\t\t\t\t\t\t<div class=\"elementor-element elementor-element-89d4389 elementor-widget elementor-widget-heading\" data-id=\"89d4389\" data-element_type=\"widget\" data-widget_type=\"heading.default\">\n\t\t\t\t\t<h4 class=\"elementor-heading-title elementor-size-default\">Nas\u0131l Yap\u0131yoruz?<\/h4>\t\t\t\t<\/div>\n\t\t\t\t<div class=\"elementor-element elementor-element-8bd96d9 elementor-widget elementor-widget-text-editor\" data-id=\"8bd96d9\" data-element_type=\"widget\" data-widget_type=\"text-editor.default\">\n\t\t\t\t\t\t\t\t\t<p>Horasan Yolu erk\u00e2n\u0131n\u0131 rehber edinenler olarak, yolumuzu ayd\u0131nlatan b\u00fcy\u00fcklerimizin izinden giderek faaliyetlerimizi \u015fekillendiriyoruz.<\/p>\t\t\t\t\t\t\t\t<\/div>\n\t\t\t\t<div class=\"elementor-element elementor-element-60a9215 elementor-widget elementor-widget-text-editor\" data-id=\"60a9215\" data-element_type=\"widget\" data-widget_type=\"text-editor.default\">\n\t\t\t\t\t\t\t\t\t<p><strong><em>\u0130rfan gelene\u011fini benimseyerek, d\u00fc\u015f\u00fcnce ve aksiyonlar\u0131m\u0131z\u0131 bu \u00e7er\u00e7evede olu\u015fturuyoruz. Dayan\u0131\u015fma k\u00fclt\u00fcr\u00fcn\u00fc i\u00e7selle\u015ftirmi\u015f, k\u00fclt\u00fcr, ahlak, liderlik ve belagat \u00f6zelliklerine sahip bir akil gen\u00e7lik yap\u0131s\u0131 olu\u015fturmak i\u00e7in \u00e7aba g\u00f6steriyoruz.<\/em><\/strong><\/p>\t\t\t\t\t\t\t\t<\/div>\n\t\t\t\t\t<\/div>\n\t\t<\/div>\n\t\t\t\t\t<\/div>\n\t\t<\/section>\n\t\t\t\t<section class=\"elementor-section elementor-top-section elementor-element elementor-element-3e6d295 elementor-section-stretched elementor-section-boxed elementor-section-height-default elementor-section-height-default\" data-id=\"3e6d295\" data-element_type=\"section\" data-settings=\"{&quot;stretch_section&quot;:&quot;section-stretched&quot;,&quot;background_background&quot;:&quot;classic&quot;}\">\n\t\t\t\t\t\t<div class=\"elementor-container elementor-column-gap-default\">\n\t\t\t\t\t<div class=\"elementor-column elementor-col-100 elementor-top-column elementor-element elementor-element-792c889\" data-id=\"792c889\" data-element_type=\"column\">\n\t\t\t<div class=\"elementor-widget-wrap elementor-element-populated\">\n\t\t\t\t\t\t<div class=\"elementor-element elementor-element-05709e7 elementor-widget elementor-widget-heading\" data-id=\"05709e7\" data-element_type=\"widget\" data-widget_type=\"heading.default\">\n\t\t\t\t\t<h4 class=\"elementor-heading-title elementor-size-default\">\u00c7al\u0131\u015fma Metodumuz<\/h4>\t\t\t\t<\/div>\n\t\t\t\t\t<\/div>\n\t\t<\/div>\n\t\t\t\t\t<\/div>\n\t\t<\/section>\n\t\t\t\t<section class=\"elementor-section elementor-top-section elementor-element elementor-element-0f3ae0b elementor-section-stretched elementor-section-boxed elementor-section-height-default elementor-section-height-default\" data-id=\"0f3ae0b\" data-element_type=\"section\" data-settings=\"{&quot;stretch_section&quot;:&quot;section-stretched&quot;,&quot;background_background&quot;:&quot;classic&quot;}\">\n\t\t\t\t\t\t<div class=\"elementor-container elementor-column-gap-default\">\n\t\t\t\t\t<div class=\"elementor-column elementor-col-50 elementor-top-column elementor-element elementor-element-57af42c\" data-id=\"57af42c\" data-element_type=\"column\">\n\t\t\t<div class=\"elementor-widget-wrap elementor-element-populated\">\n\t\t\t\t\t\t<div class=\"elementor-element elementor-element-1661d9e elementor-widget elementor-widget-heading\" data-id=\"1661d9e\" data-element_type=\"widget\" data-widget_type=\"heading.default\">\n\t\t\t\t\t<h5 class=\"elementor-heading-title elementor-size-default\">\u0130htiya\u00e7 Analizi ve Kaynak Belirleme<\/h5>\t\t\t\t<\/div>\n\t\t\t\t<div class=\"elementor-element elementor-element-3e001bc elementor-widget elementor-widget-text-editor\" data-id=\"3e001bc\" data-element_type=\"widget\" data-widget_type=\"text-editor.default\">\n\t\t\t\t\t\t\t\t\t<p>Faaliyet g\u00f6sterece\u011fimiz yerlerdeki hedef kitlemizi belirleyerek, muhataplar\u0131m\u0131z\u0131n temel ihtiya\u00e7lar\u0131n\u0131 anlamak i\u00e7in bir ihtiya\u00e7 analizi yapar, yerel ve uluslararas\u0131 ba\u011f\u0131\u015f kaynaklar\u0131n\u0131 ara\u015ft\u0131rarak, projeleriniz i\u00e7in finansal kaynaklar\u0131 belirleriz<\/p>\t\t\t\t\t\t\t\t<\/div>\n\t\t\t\t\t<\/div>\n\t\t<\/div>\n\t\t\t\t<div class=\"elementor-column elementor-col-50 elementor-top-column elementor-element elementor-element-ac3f0f2\" data-id=\"ac3f0f2\" data-element_type=\"column\">\n\t\t\t<div class=\"elementor-widget-wrap elementor-element-populated\">\n\t\t\t\t\t\t<div class=\"elementor-element elementor-element-e5d6745 elementor-widget elementor-widget-heading\" data-id=\"e5d6745\" data-element_type=\"widget\" data-widget_type=\"heading.default\">\n\t\t\t\t\t<h5 class=\"elementor-heading-title elementor-size-default\">Yetenek Geli\u015ftirme ve Mesleki E\u011fitim<\/h5>\t\t\t\t<\/div>\n\t\t\t\t<div class=\"elementor-element elementor-element-8947b71 elementor-widget elementor-widget-text-editor\" data-id=\"8947b71\" data-element_type=\"widget\" data-widget_type=\"text-editor.default\">\n\t\t\t\t\t\t\t\t\t<p>Yetim \u00e7ocuklara ve han\u0131mlara y\u00f6nelik mesleki e\u011fitim programlar\u0131 olu\u015fturarak ilerleyen ya\u015flarda kendi ge\u00e7imlerini sa\u011flamalar\u0131na yard\u0131mc\u0131 olabilmek ad\u0131na el sanatlar\u0131, tar\u0131m, teknoloji gibi farkl\u0131 alanlarda yetenek geli\u015ftirme kurslar\u0131 d\u00fczenleriz.<\/p>\t\t\t\t\t\t\t\t<\/div>\n\t\t\t\t\t<\/div>\n\t\t<\/div>\n\t\t\t\t\t<\/div>\n\t\t<\/section>\n\t\t\t\t<section class=\"elementor-section elementor-top-section elementor-element elementor-element-eaf9831 elementor-section-stretched elementor-section-boxed elementor-section-height-default elementor-section-height-default\" data-id=\"eaf9831\" data-element_type=\"section\" data-settings=\"{&quot;stretch_section&quot;:&quot;section-stretched&quot;,&quot;background_background&quot;:&quot;classic&quot;}\">\n\t\t\t\t\t\t<div class=\"elementor-container elementor-column-gap-default\">\n\t\t\t\t\t<div class=\"elementor-column elementor-col-50 elementor-top-column elementor-element elementor-element-5af650f\" data-id=\"5af650f\" data-element_type=\"column\">\n\t\t\t<div class=\"elementor-widget-wrap elementor-element-populated\">\n\t\t\t\t\t\t<div class=\"elementor-element elementor-element-916e4b2 elementor-widget elementor-widget-heading\" data-id=\"916e4b2\" data-element_type=\"widget\" data-widget_type=\"heading.default\">\n\t\t\t\t\t<h5 class=\"elementor-heading-title elementor-size-default\">\u0130\u015f Birlikleri ve Ortakl\u0131klar<\/h5>\t\t\t\t<\/div>\n\t\t\t\t<div class=\"elementor-element elementor-element-000a515 elementor-widget elementor-widget-text-editor\" data-id=\"000a515\" data-element_type=\"widget\" data-widget_type=\"text-editor.default\">\n\t\t\t\t\t\t\t\t\t<p>Di\u011fer sivil toplum kurulu\u015flar\u0131, yerel y\u00f6netimler, uluslararas\u0131 kurulu\u015flar ve yerel kamu makamlar\u0131 ile i\u015f birlikleri kurarak g\u00fc\u00e7 birli\u011fi yapar, yerel toplum liderleri ve yetkililerle ileti\u015fim kurar, onlara da projelerimizde yer veririz.<\/p>\t\t\t\t\t\t\t\t<\/div>\n\t\t\t\t\t<\/div>\n\t\t<\/div>\n\t\t\t\t<div class=\"elementor-column elementor-col-50 elementor-top-column elementor-element elementor-element-da5702d\" data-id=\"da5702d\" data-element_type=\"column\">\n\t\t\t<div class=\"elementor-widget-wrap elementor-element-populated\">\n\t\t\t\t\t\t<div class=\"elementor-element elementor-element-d57e1bf elementor-widget elementor-widget-heading\" data-id=\"d57e1bf\" data-element_type=\"widget\" data-widget_type=\"heading.default\">\n\t\t\t\t\t<h5 class=\"elementor-heading-title elementor-size-default\">Topluluk Kat\u0131l\u0131m\u0131 ve Fark\u0131ndal\u0131k<\/h5>\t\t\t\t<\/div>\n\t\t\t\t<div class=\"elementor-element elementor-element-0f2dea2 elementor-widget elementor-widget-text-editor\" data-id=\"0f2dea2\" data-element_type=\"widget\" data-widget_type=\"text-editor.default\">\n\t\t\t\t\t\t\t\t\t<p>Yerel topluluklar\u0131n kat\u0131l\u0131m\u0131n\u0131 te\u015fvik eder, onlar\u0131n ihtiya\u00e7lar\u0131na odaklan\u0131r ve projelerimizi topluluk<\/p><p>\u00a0\u0130htiya\u00e7lar\u0131na uygun olarak \u015fekillendiririz. Sosyal medya, yerel medya ve etkinlikler arac\u0131l\u0131\u011f\u0131yla projelerinizi tan\u0131tarak, fark\u0131ndal\u0131k olu\u015fturmaya \u00e7al\u0131\u015f\u0131r\u0131z.<\/p>\t\t\t\t\t\t\t\t<\/div>\n\t\t\t\t\t<\/div>\n\t\t<\/div>\n\t\t\t\t\t<\/div>\n\t\t<\/section>\n\t\t\t\t<section class=\"elementor-section elementor-top-section elementor-element elementor-element-3d9cbe4 elementor-section-stretched elementor-section-boxed elementor-section-height-default elementor-section-height-default\" data-id=\"3d9cbe4\" data-element_type=\"section\" data-settings=\"{&quot;stretch_section&quot;:&quot;section-stretched&quot;,&quot;background_background&quot;:&quot;classic&quot;}\">\n\t\t\t\t\t\t<div class=\"elementor-container elementor-column-gap-default\">\n\t\t\t\t\t<div class=\"elementor-column elementor-col-50 elementor-top-column elementor-element elementor-element-188b5f4\" data-id=\"188b5f4\" data-element_type=\"column\">\n\t\t\t<div class=\"elementor-widget-wrap elementor-element-populated\">\n\t\t\t\t\t\t<div class=\"elementor-element elementor-element-a6d8a22 elementor-widget elementor-widget-heading\" data-id=\"a6d8a22\" data-element_type=\"widget\" data-widget_type=\"heading.default\">\n\t\t\t\t\t<h5 class=\"elementor-heading-title elementor-size-default\">E\u011fitim ve Psikososyal Hizmetler<\/h5>\t\t\t\t<\/div>\n\t\t\t\t<div class=\"elementor-element elementor-element-fa64c2a elementor-widget elementor-widget-text-editor\" data-id=\"fa64c2a\" data-element_type=\"widget\" data-widget_type=\"text-editor.default\">\n\t\t\t\t\t\t\t\t\t<p>Yetim \u00e7ocuklara y\u00f6nelik e\u011fitim ve sa\u011fl\u0131k hizmetleri sunmak amac\u0131yla yerel okullar ve sa\u011fl\u0131k kurumlar\u0131 ile i\u015f birli\u011fi yapar, yetimlere \u00f6zel e\u011fitim programlar\u0131 olu\u015ftur, psikososyal destek ve dan\u0131\u015fmanl\u0131k hizmetleri sunar\u0131z.<\/p>\t\t\t\t\t\t\t\t<\/div>\n\t\t\t\t\t<\/div>\n\t\t<\/div>\n\t\t\t\t<div class=\"elementor-column elementor-col-50 elementor-top-column elementor-element elementor-element-717b37b\" data-id=\"717b37b\" data-element_type=\"column\">\n\t\t\t<div class=\"elementor-widget-wrap elementor-element-populated\">\n\t\t\t\t\t\t<div class=\"elementor-element elementor-element-28a1eaa elementor-widget elementor-widget-heading\" data-id=\"28a1eaa\" data-element_type=\"widget\" data-widget_type=\"heading.default\">\n\t\t\t\t\t<h5 class=\"elementor-heading-title elementor-size-default\">\u0130zleme ve De\u011ferlendirme<\/h5>\t\t\t\t<\/div>\n\t\t\t\t<div class=\"elementor-element elementor-element-9a197b5 elementor-widget elementor-widget-text-editor\" data-id=\"9a197b5\" data-element_type=\"widget\" data-widget_type=\"text-editor.default\">\n\t\t\t\t\t\t\t\t\t<p>Projelerimizin etkisini izlemek i\u00e7in d\u00fczenli olarak de\u011ferlendirme s\u00fcre\u00e7leri olu\u015fturur, hedeflerimize ula\u015f\u0131p ula\u015fmad\u0131\u011f\u0131m\u0131z\u0131 de\u011ferlendirmek i\u00e7in yerel payda\u015flar ve ba\u011f\u0131\u015f\u00e7\u0131larla d\u00fczenli raporlar payla\u015f\u0131r\u0131z.<\/p>\t\t\t\t\t\t\t\t<\/div>\n\t\t\t\t\t<\/div>\n\t\t<\/div>\n\t\t\t\t\t<\/div>\n\t\t<\/section>\n\t\t\t\t<section class=\"elementor-section elementor-top-section elementor-element elementor-element-066cfcf elementor-section-stretched elementor-section-boxed elementor-section-height-default elementor-section-height-default\" data-id=\"066cfcf\" data-element_type=\"section\" data-settings=\"{&quot;stretch_section&quot;:&quot;section-stretched&quot;,&quot;background_background&quot;:&quot;classic&quot;}\">\n\t\t\t\t\t\t<div class=\"elementor-container elementor-column-gap-default\">\n\t\t\t\t\t<div class=\"elementor-column elementor-col-50 elementor-top-column elementor-element elementor-element-eb36580\" data-id=\"eb36580\" data-element_type=\"column\">\n\t\t\t<div class=\"elementor-widget-wrap elementor-element-populated\">\n\t\t\t\t\t\t<div class=\"elementor-element elementor-element-e1d3d5f elementor-widget elementor-widget-heading\" data-id=\"e1d3d5f\" data-element_type=\"widget\" data-widget_type=\"heading.default\">\n\t\t\t\t\t<h5 class=\"elementor-heading-title elementor-size-default\">Temel \u0130htiya\u00e7lar\u0131n Kar\u015f\u0131lanmas\u0131<\/h5>\t\t\t\t<\/div>\n\t\t\t\t<div class=\"elementor-element elementor-element-b7a0c28 elementor-widget elementor-widget-text-editor\" data-id=\"b7a0c28\" data-element_type=\"widget\" data-widget_type=\"text-editor.default\">\n\t\t\t\t\t\t\t\t\t<p>Giyim, g\u0131da, bar\u0131nma gibi temel ihtiya\u00e7lar\u0131 kar\u015f\u0131lamak \u00fczere projeler geli\u015ftir, uygular, yerel pazarlardan al\u0131\u015fveri\u015f yaparak, yerel ekonomiyi destekleriz.<\/p>\t\t\t\t\t\t\t\t<\/div>\n\t\t\t\t\t<\/div>\n\t\t<\/div>\n\t\t\t\t<div class=\"elementor-column elementor-col-50 elementor-top-column elementor-element elementor-element-55bb430\" data-id=\"55bb430\" data-element_type=\"column\">\n\t\t\t<div class=\"elementor-widget-wrap elementor-element-populated\">\n\t\t\t\t\t\t<div class=\"elementor-element elementor-element-4c59bf5 elementor-widget elementor-widget-heading\" data-id=\"4c59bf5\" data-element_type=\"widget\" data-widget_type=\"heading.default\">\n\t\t\t\t\t<h5 class=\"elementor-heading-title elementor-size-default\">S\u00fcrd\u00fcr\u00fclebilirlik ve Uzun Vadeli Planlama<\/h5>\t\t\t\t<\/div>\n\t\t\t\t<div class=\"elementor-element elementor-element-06d1902 elementor-widget elementor-widget-text-editor\" data-id=\"06d1902\" data-element_type=\"widget\" data-widget_type=\"text-editor.default\">\n\t\t\t\t\t\t\t\t\t<p>Projelerimizi s\u00fcrd\u00fcr\u00fclebilir hale getirmek i\u00e7in yerel kaynaklar\u0131 ve uzun vadeli finansman stratejilerini planlar, yerel kapasiteyi art\u0131rmak amac\u0131yla e\u011fitim ve y\u00f6netim becerileri geli\u015ftirmeye odaklan\u0131r\u0131z.<\/p>\t\t\t\t\t\t\t\t<\/div>\n\t\t\t\t\t<\/div>\n\t\t<\/div>\n\t\t\t\t\t<\/div>\n\t\t<\/section>\n\t\t\t\t<\/div>\n\t\t","protected":false},"excerpt":{"rendered":"<p>Biz Kimiz? Biz Kimiz? \u00c2l-i Ab\u00e2 Horasan Yolu E\u011fitim K\u00fclt\u00fcr Sosyal Yard\u0131mla\u015fma Derne\u011fi olarak, Horasan Yolu erk\u00e2n\u0131n\u0131n insanl\u0131k taraf\u0131ndan i\u00e7selle\u015ftirilmesi i\u00e7in \u00e7aba g\u00f6steren bir derne\u011fiz. Temel hedefimiz, Hz. Muhammed Mustafa [&hellip;]<\/p>\n","protected":false},"author":1,"featured_media":0,"parent":0,"menu_order":0,"comment_status":"closed","ping_status":"closed","template":"","meta":{"give_campaign_id":0,"footnotes":""},"class_list":["post-14390","page","type-page","status-publish","hentry"],"campaignId":"","_links":{"self":[{"href":"https:\/\/horasan.dijitalpiksel.com\/index.php?rest_route=\/wp\/v2\/pages\/14390","targetHints":{"allow":["GET"]}}],"collection":[{"href":"https:\/\/horasan.dijitalpiksel.com\/index.php?rest_route=\/wp\/v2\/pages"}],"about":[{"href":"https:\/\/horasan.dijitalpiksel.com\/index.php?rest_route=\/wp\/v2\/types\/page"}],"author":[{"embeddable":true,"href":"https:\/\/horasan.dijitalpiksel.com\/index.php?rest_route=\/wp\/v2\/users\/1"}],"replies":[{"embeddable":true,"href":"https:\/\/horasan.dijitalpiksel.com\/index.php?rest_route=%2Fwp%2Fv2%2Fcomments&post=14390"}],"version-history":[{"count":10,"href":"https:\/\/horasan.dijitalpiksel.com\/index.php?rest_route=\/wp\/v2\/pages\/14390\/revisions"}],"predecessor-version":[{"id":15028,"href":"https:\/\/horasan.dijitalpiksel.com\/index.php?rest_route=\/wp\/v2\/pages\/14390\/revisions\/15028"}],"wp:attachment":[{"href":"https:\/\/horasan.dijitalpiksel.com\/index.php?rest_route=%2Fwp%2Fv2%2Fmedia&parent=14390"}],"curies":[{"name":"wp","href":"https:\/\/api.w.org\/{rel}","templated":true}]}}