{"id":14384,"date":"2026-02-02T02:41:15","date_gmt":"2026-02-02T02:41:15","guid":{"rendered":"https:\/\/horasan.dijitalpiksel.com\/?page_id=14384"},"modified":"2026-02-10T22:57:36","modified_gmt":"2026-02-10T22:57:36","slug":"manifesto","status":"publish","type":"page","link":"https:\/\/horasan.dijitalpiksel.com\/?page_id=14384","title":{"rendered":"Manifesto"},"content":{"rendered":"\t\t<div data-elementor-type=\"wp-page\" data-elementor-id=\"14384\" class=\"elementor elementor-14384\">\n\t\t\t\t\t\t<section class=\"elementor-section elementor-top-section elementor-element elementor-element-df26b5c elementor-section-stretched elementor-section-content-middle elementor-section-boxed elementor-section-height-default elementor-section-height-default\" data-id=\"df26b5c\" data-element_type=\"section\" data-settings=\"{&quot;stretch_section&quot;:&quot;section-stretched&quot;,&quot;background_background&quot;:&quot;classic&quot;}\">\n\t\t\t\t\t\t\t<div class=\"elementor-background-overlay\"><\/div>\n\t\t\t\t\t\t\t<div class=\"elementor-container elementor-column-gap-default\">\n\t\t\t\t\t<div class=\"elementor-column elementor-col-100 elementor-top-column elementor-element elementor-element-20558a88\" data-id=\"20558a88\" data-element_type=\"column\">\n\t\t\t<div class=\"elementor-widget-wrap elementor-element-populated\">\n\t\t\t\t\t\t<div class=\"elementor-element elementor-element-45cdbdb8 elementor-widget elementor-widget-heading\" data-id=\"45cdbdb8\" data-element_type=\"widget\" data-widget_type=\"heading.default\">\n\t\t\t\t\t<h1 class=\"elementor-heading-title elementor-size-default\">Manifesto<\/h1>\t\t\t\t<\/div>\n\t\t\t\t\t<\/div>\n\t\t<\/div>\n\t\t\t\t\t<\/div>\n\t\t<\/section>\n\t\t\t\t<section class=\"elementor-section elementor-top-section elementor-element elementor-element-2bfe03a5 elementor-section-stretched elementor-section-boxed elementor-section-height-default elementor-section-height-default\" data-id=\"2bfe03a5\" data-element_type=\"section\" data-settings=\"{&quot;stretch_section&quot;:&quot;section-stretched&quot;,&quot;background_background&quot;:&quot;classic&quot;}\">\n\t\t\t\t\t\t<div class=\"elementor-container elementor-column-gap-default\">\n\t\t\t\t\t<div class=\"elementor-column elementor-col-100 elementor-top-column elementor-element elementor-element-623633c1\" data-id=\"623633c1\" data-element_type=\"column\">\n\t\t\t<div class=\"elementor-widget-wrap elementor-element-populated\">\n\t\t\t\t\t\t<div class=\"elementor-element elementor-element-07dac24 elementor-widget elementor-widget-text-editor\" data-id=\"07dac24\" data-element_type=\"widget\" data-widget_type=\"text-editor.default\">\n\t\t\t\t\t\t\t\t\t<p>Ruhsuz bir isyan inanc\u0131, y\u00fcrekleri ve \u015fehirleri zehirlemektedir. B\u00fcy\u00fck fethi yapan kuvvet, tanklar\u0131n ve helikopterlerin f\u0131rlatt\u0131\u011f\u0131 y\u0131k\u0131m mermileri de\u011fil, Horasan Yolu ahlak\u0131yla ahlaklanm\u0131\u015f ki\u015filerin ruhundaki irfan, hikmet, adalet ve merhamet ile yo\u011frulmu\u015f Muhammed\u2019i imand\u0131r.<\/p><p>\u00a0<\/p><p>Parmak ile say\u0131lamayan, k\u0131rmak ile t\u00fckenmeyen, g\u00f6n\u00fclleri imar eden m\u00fccadele gelene\u011fimizden ve ahlak\u0131m\u0131zdan uzak kald\u0131\u011f\u0131m\u0131za dair s\u00f6ylemler ger\u00e7ek d\u0131\u015f\u0131d\u0131r. Her g\u00fcn yeni bir Kerbela cenginin kuruldu\u011fu yery\u00fcz\u00fcnde saflar\u0131m\u0131z Ehl-i Beyt-i Mustafa\u2019n\u0131n (sav) yan\u0131nda, her zamankinden daha kavi bir \u015fekilde, zafere olan inanm\u0131\u015fl\u0131\u011f\u0131m\u0131zla aynen muhafaza edilmektedir. Bu kavlimizden asla vazge\u00e7medik, geri \u00e7ekilmedik, yorulmad\u0131k ve karars\u0131zl\u0131k g\u00f6stermedik.<\/p><p>\u00a0<\/p><p>M\u00fccadelemizi, Rahmetli Alev Alatl\u0131\u2019n\u0131n ifade etti\u011fi \u015fekilde, \u201cBirle\u015fmi\u015f Milletler, NATO, IMF gibi kurumlar\u0131n izin verdi\u011fi \u00f6l\u00e7\u00fclerde ya da oligarklar\u0131n nizam verdi\u011fi \u015fekilde de\u011fil; b\u00fct\u00fcn yerk\u00fcreyi vatan kabul eden, hakl\u0131 ve \u00f6zg\u00fcr olman\u0131n kadim de\u011ferlerimizle irtibatl\u0131 evrensel medeniyet paradigmas\u0131yla inand\u0131\u011f\u0131m\u0131z de\u011ferlerin gere\u011fince i\u00e7selle\u015ftirilen, kul hakk\u0131 g\u00f6zetilen, merhamet nazar\u0131 ile bakman\u0131n zaafl\u0131k olmad\u0131\u011f\u0131 evrensel huzur iklimini yery\u00fcz\u00fcne h\u00e2kim k\u0131lmak\u201d anlay\u0131\u015f\u0131 olarak tan\u0131ml\u0131yor ve yery\u00fcz\u00fcnde dini, dili, \u0131rk\u0131 ne olursa olsun, b\u00fct\u00fcn insanl\u0131\u011f\u0131 Muhammed\u00ee bir \u015fuur ve ahlak ile ihya etmek \u015feklinde s\u00fcrd\u00fcr\u00fcyoruz.<\/p><p>\u00a0<\/p><p>G\u00fcn\u00fcm\u00fczde insanlar ve toplumlar; inan\u00e7lar, lisanlar, s\u0131n\u0131rlar, semboller veya \u0131rklar bahane edilerek \u00e7at\u0131\u015ft\u0131r\u0131lmakta ve birbirlerine d\u00fc\u015fman edilmektedir. Bu \u00e7at\u0131\u015fmadan beslenenlerin h\u00fck\u00fcmran olma ihtiraslar\u0131 b\u00fct\u00fcn bu \u00e7at\u0131\u015fmalar\u0131, \u00e7at\u0131\u015ft\u0131rmalar\u0131, \u00f6l\u00fcmleri ve katliamlar\u0131 onlar\u0131n nezdinde me\u015fru k\u0131lmaktad\u0131r.<\/p><p>\u00a0<\/p><p>Muhammed\u00ee \u015fuur ve ahlaktan yeterince nasiplenemeyen insanl\u0131\u011f\u0131n bir b\u00f6l\u00fcm\u00fcyse medeniyetten ve meden\u00ee de\u011ferlerin bilincinden yoksun olman\u0131n sonucu olarak bu provokasyonlara \u00e7o\u011fu kez g\u00f6n\u00fcll\u00fcce te\u015fne oluyor. \u00c7\u00fcnk\u00fc \u00e7at\u0131\u015ft\u0131ranlar az\u0131nl\u0131k; fakat, \u00f6rg\u00fctl\u00fc kurnazlard\u0131r. \u0130nsanl\u0131k ise imamesi olmayan da\u011f\u0131lm\u0131\u015f bir tespih gibi t\u00fcm taneleriyle s\u00f6zde \u00e7o\u011funluk y\u0131\u011f\u0131n\u0131n\u0131 te\u015fkil ediyor.<\/p><p>\u00a0<\/p><p>T\u00fcrkiye\u2019mizin sadece M\u00fcsl\u00fcman halklar\u0131n de\u011fil, b\u00fct\u00fcn insanl\u0131\u011f\u0131n refah\u0131 ve huzuru i\u00e7in bu k\u00fcresel \u00e7eteyi kar\u015f\u0131s\u0131na alabilecek ve had bildirecek yeg\u00e2ne g\u00fc\u00e7 oldu\u011fu a\u015fik\u00e2rd\u0131r. Bu sebepledir ki, yery\u00fcz\u00fcndeki b\u00fct\u00fcn fikr\u00ee namusu olan entelekt\u00fceller, G\u00fcney Amerika\u2019dan Endonezya\u2019ya, \u00c7in\u2019den Avustralya\u2019ya kadar insan onurunu ve evrensel ahlak anlay\u0131\u015f\u0131n\u0131 savunan milyonlarca insan, T\u00fcrkiye\u2019mizi kar\u015f\u0131s\u0131na alan b\u00fct\u00fcn olu\u015fumlara ayk\u0131r\u0131 tarafta yer ald\u0131klar\u0131n\u0131 a\u00e7\u0131k\u00e7a ilan etmekten \u00e7ekinmemektelerdir.<\/p><p>\u00a0<\/p><p>K\u00e2inat\u0131n devas\u0131, ya\u015fad\u0131\u011f\u0131 \u00e7a\u011fa ve topluma s\u00f6yleyecek s\u00f6z\u00fc olan, daima daha g\u00fczeli ve daha do\u011fruyu arayan, sorundan \u015fik\u00e2yet eden de\u011fil; \u00e7\u00f6z\u00fcm arayan ve \u00fcreten mahviyetk\u00e2r vak\u0131f adamlar\u0131 yeti\u015ftirmektir. Toplumlar\u0131n zihin kodlar\u0131na sald\u0131ran, fikir d\u00fcnyalar\u0131n\u0131 t\u00f6rp\u00fcleyen ve sonunda bencil ve de toplumsal reflekslerden habersiz bireyler \u00fcretmeyi ama\u00e7layan 21. y\u00fczy\u0131l\u0131n egemenlerinin kar\u015f\u0131s\u0131nda b\u00fct\u00fcn insanl\u0131\u011f\u0131n \u00f6zlem duydu\u011fu, \u00e7a\u011f\u0131n problem ve alg\u0131 kirlili\u011fini hakl\u0131l\u0131k ve vakarla ku\u015fatan, kendi ba\u015f\u0131na etki alan\u0131 ve g\u00fc\u00e7l\u00fc faaliyet kapasitesi olan akil bir gen\u00e7lik hareketinin bir an evvel olu\u015fturulmas\u0131 gerekmektedir.\u00a0<\/p><p>\u00a0<\/p><p>Yesev\u00ee d\u00fcsturunun bir gere\u011fi ba\u011flam\u0131nda \u201cservet de\u011fil kanaat, y\u0131lg\u0131nl\u0131k de\u011fil azim, bilgi de\u011fil muhteviyat, bencillik de\u011fil payla\u015fmak, ayr\u0131\u015fmak de\u011fil bir olmak\u201d ilkeleri \u00fczerinden bu kurtar\u0131\u015f cihad\u0131n\u0131 yeniden ihya etmek sorumlulu\u011funa talibiz.<\/p><p>\u00a0<\/p><p>B\u00fcy\u00fck bir medeniyetin yeniden ihyas\u0131n\u0131n arefesinde oldu\u011fumuzu biliyor, alemi ku\u015fatan \u0131st\u0131rab\u0131n i\u00e7inde olgunla\u015fan kalplerin her d\u00f6nemde oldu\u011fu gibi bug\u00fcn de mevcut oldu\u011funu m\u00fc\u015fahede ediyoruz. Bu y\u00fcre\u011fe sahip herkes birer T\u00fcrk Devleti\u2019dir. Boynu Hakk\u2019a (cc) kar\u015f\u0131 b\u00fck\u00fck, zalime kar\u015f\u0131 H\u00fcseyn\u00ee bir k\u0131vam ile dimdik olan y\u00fcrek sahipleri, ay y\u0131ld\u0131z\u0131n g\u00f6lgesinde, yani d\u00fcnya \u00fczerindeki b\u00fct\u00fcn mazlum, masum ve hakl\u0131 insanlar\u0131n \u00f6z yurdu olan T\u00fcrkiye\u2019mizi merkeze alarak, Buhara-Semerkant-\u0130stanbul ekseninde \u201cK\u0131z\u0131lelma\u201d u\u011frunda yol almak m\u00fckellefiyetinin b\u00fct\u00fcn zamanlarda oldu\u011fu gibi bug\u00fcn de yar\u0131n da fark\u0131nda olmaya devam edeceklerdir.<\/p><p>\u00a0<\/p><p>B\u00fct\u00fcn insanl\u0131\u011f\u0131n g\u00f6n\u00fcllerini mamur edecek Hazreti Muhammed Mustafa (sav) merkezli bir medeniyet paradigmas\u0131n\u0131 yery\u00fcz\u00fcne h\u00e2kim k\u0131lmay\u0131, ortak ak\u0131l ve davran\u0131\u015flar\u0131m\u0131z i\u00e7in temel olacak bir birlikteli\u011fi ba\u015farmam\u0131z gerekiyor. Haddimizi elbette biliyoruz. Haddimizi \u00f6ncelikle kendimiz tayin etmeliyiz. Ba\u015fkalar\u0131n\u0131n bize had dayatmas\u0131n\u0131 asla kabul etmememiz gerekti\u011fine inan\u0131yoruz. Ger\u00e7ekte var olmayan\u0131n hayal edilemeyece\u011fini, hayal edilebilenin ger\u00e7ekte var oldu\u011funu biliyoruz.<\/p><p>\u00a0<\/p><p>Ali Aba Horasan Yolu E\u011fitim K\u00fclt\u00fcr Sosyal Yard\u0131mla\u015fma Derne\u011fi olarak, muhataplar\u0131m\u0131z\u0131 irfan\u0131 esas alan, kendi ba\u015f\u0131na etki alan\u0131 ve g\u00fc\u00e7l\u00fc faaliyet kapasitesi olan ve de sahada kar\u015f\u0131l\u0131\u011f\u0131 olan i\u015flere imza atan ki\u015filer olmas\u0131 niyetimizden yola \u00e7\u0131karak:<\/p><ul><li>Horasan yolu erk\u00e2n\u0131n\u0131n yol a\u00e7anlar\u0131ndan Yesev\u00ee Hazretleri\u2019nin metodunu merkeze alan,<\/li><li>Toplumsal olay ve s\u00fcre\u00e7leri do\u011fru \u00e7\u00f6z\u00fcmleyebilmenin yan\u0131nda ger\u00e7ek d\u0131\u015f\u0131 olay, olgu, s\u00f6ylem gibi metotlarla toplumda meydana getirilmeye \u00e7al\u0131\u015f\u0131lan olumsuz unsurlar\u0131 hakl\u0131l\u0131kla ku\u015fatmak suretiyle bertaraf edebilecek nitelikte k\u00fclt\u00fcr, ahlak, belagat ve liderlik \u00f6zelliklerine sahip,<\/li><li>Yery\u00fcz\u00fcn\u00fcn her noktas\u0131nda, \u00e7ald\u0131\u011f\u0131 her kap\u0131da sayg\u0131 ve h\u00fcrmetle kar\u015f\u0131lanabilen,<\/li><li>Vak\u0131f k\u00fclt\u00fcr\u00fcn\u00fc i\u00e7selle\u015ftirmi\u015f, ferden-ferda faaliyet g\u00f6steren<\/li><\/ul><p>Bir toplumu olu\u015fturmak gayretindeyiz.<\/p><p>\u00a0<\/p><p>Ey T\u00fcrk Evlad\u0131! Asla unutma ki Yaradan\u2019a giden yolda nefes alm\u0131yorsan, ya\u015fam\u0131yorsundur!<\/p>\t\t\t\t\t\t\t\t<\/div>\n\t\t\t\t\t<\/div>\n\t\t<\/div>\n\t\t\t\t\t<\/div>\n\t\t<\/section>\n\t\t\t\t<\/div>\n\t\t","protected":false},"excerpt":{"rendered":"<p>Manifesto Ruhsuz bir isyan inanc\u0131, y\u00fcrekleri ve \u015fehirleri zehirlemektedir. B\u00fcy\u00fck fethi yapan kuvvet, tanklar\u0131n ve helikopterlerin f\u0131rlatt\u0131\u011f\u0131 y\u0131k\u0131m mermileri de\u011fil, Horasan Yolu ahlak\u0131yla ahlaklanm\u0131\u015f ki\u015filerin ruhundaki irfan, hikmet, adalet ve [&hellip;]<\/p>\n","protected":false},"author":1,"featured_media":0,"parent":0,"menu_order":0,"comment_status":"closed","ping_status":"closed","template":"","meta":{"give_campaign_id":0,"footnotes":""},"class_list":["post-14384","page","type-page","status-publish","hentry"],"campaignId":"","_links":{"self":[{"href":"https:\/\/horasan.dijitalpiksel.com\/index.php?rest_route=\/wp\/v2\/pages\/14384","targetHints":{"allow":["GET"]}}],"collection":[{"href":"https:\/\/horasan.dijitalpiksel.com\/index.php?rest_route=\/wp\/v2\/pages"}],"about":[{"href":"https:\/\/horasan.dijitalpiksel.com\/index.php?rest_route=\/wp\/v2\/types\/page"}],"author":[{"embeddable":true,"href":"https:\/\/horasan.dijitalpiksel.com\/index.php?rest_route=\/wp\/v2\/users\/1"}],"replies":[{"embeddable":true,"href":"https:\/\/horasan.dijitalpiksel.com\/index.php?rest_route=%2Fwp%2Fv2%2Fcomments&post=14384"}],"version-history":[{"count":10,"href":"https:\/\/horasan.dijitalpiksel.com\/index.php?rest_route=\/wp\/v2\/pages\/14384\/revisions"}],"predecessor-version":[{"id":14991,"href":"https:\/\/horasan.dijitalpiksel.com\/index.php?rest_route=\/wp\/v2\/pages\/14384\/revisions\/14991"}],"wp:attachment":[{"href":"https:\/\/horasan.dijitalpiksel.com\/index.php?rest_route=%2Fwp%2Fv2%2Fmedia&parent=14384"}],"curies":[{"name":"wp","href":"https:\/\/api.w.org\/{rel}","templated":true}]}}