{"id":14378,"date":"2026-02-02T02:34:43","date_gmt":"2026-02-02T02:34:43","guid":{"rendered":"https:\/\/horasan.dijitalpiksel.com\/?page_id=14378"},"modified":"2026-02-11T14:31:42","modified_gmt":"2026-02-11T14:31:42","slug":"hakkimizda","status":"publish","type":"page","link":"https:\/\/horasan.dijitalpiksel.com\/?page_id=14378","title":{"rendered":"Hakk\u0131m\u0131zda"},"content":{"rendered":"\t\t<div data-elementor-type=\"wp-page\" data-elementor-id=\"14378\" class=\"elementor elementor-14378\">\n\t\t\t\t\t\t<section class=\"elementor-section elementor-top-section elementor-element elementor-element-df26b5c elementor-section-stretched elementor-section-content-middle elementor-section-boxed elementor-section-height-default elementor-section-height-default\" data-id=\"df26b5c\" data-element_type=\"section\" data-settings=\"{&quot;stretch_section&quot;:&quot;section-stretched&quot;,&quot;background_background&quot;:&quot;classic&quot;}\">\n\t\t\t\t\t\t\t<div class=\"elementor-background-overlay\"><\/div>\n\t\t\t\t\t\t\t<div class=\"elementor-container elementor-column-gap-default\">\n\t\t\t\t\t<div class=\"elementor-column elementor-col-100 elementor-top-column elementor-element elementor-element-20558a88\" data-id=\"20558a88\" data-element_type=\"column\">\n\t\t\t<div class=\"elementor-widget-wrap elementor-element-populated\">\n\t\t\t\t\t\t<div class=\"elementor-element elementor-element-45cdbdb8 elementor-widget elementor-widget-heading\" data-id=\"45cdbdb8\" data-element_type=\"widget\" data-widget_type=\"heading.default\">\n\t\t\t\t\t<h1 class=\"elementor-heading-title elementor-size-default\">Hakk\u0131m\u0131zda<\/h1>\t\t\t\t<\/div>\n\t\t\t\t\t<\/div>\n\t\t<\/div>\n\t\t\t\t\t<\/div>\n\t\t<\/section>\n\t\t\t\t<section class=\"elementor-section elementor-top-section elementor-element elementor-element-2bfe03a5 elementor-section-stretched elementor-section-boxed elementor-section-height-default elementor-section-height-default\" data-id=\"2bfe03a5\" data-element_type=\"section\" data-settings=\"{&quot;stretch_section&quot;:&quot;section-stretched&quot;,&quot;background_background&quot;:&quot;classic&quot;}\">\n\t\t\t\t\t\t<div class=\"elementor-container elementor-column-gap-default\">\n\t\t\t\t\t<div class=\"elementor-column elementor-col-100 elementor-top-column elementor-element elementor-element-623633c1\" data-id=\"623633c1\" data-element_type=\"column\">\n\t\t\t<div class=\"elementor-widget-wrap elementor-element-populated\">\n\t\t\t\t\t\t<div class=\"elementor-element elementor-element-07dac24 elementor-widget elementor-widget-text-editor\" data-id=\"07dac24\" data-element_type=\"widget\" data-widget_type=\"text-editor.default\">\n\t\t\t\t\t\t\t\t\t<p>Ali Aba Horasan Yolu E\u011fitim K\u00fclt\u00fcr Sosyal Yard\u0131mla\u015fma Derne\u011fi olarak, Horasan Yolu erk\u00e2n\u0131n\u0131n b\u00fct\u00fcn insanl\u0131k taraf\u0131ndan i\u00e7selle\u015ftirilmesi i\u00e7in \u00e7aba g\u00f6stermek ad\u0131na insanl\u0131\u011fa hizmet etmek amac\u0131yla kurulduk. T\u00fcm faaliyetlerimizin Allah r\u0131zas\u0131n\u0131 kazanmak i\u00e7in yarat\u0131lana hizmet etmek gayesiyle yap\u0131ld\u0131\u011f\u0131n\u0131 vurgulamak isteriz.<\/p><p>Temel hedefimiz, <strong>Hz. Muhammed Mustafa (sav)<\/strong> Efendimizin a\u015fk ile yo\u011furup Tevhid ile harmanlad\u0131\u011f\u0131 ve muhabbet ile sundu\u011fu medeniyeti b\u00fct\u00fcn yerk\u00fcrede yeniden uyand\u0131r\u0131p ihya etmektir. Bu u\u011furda insanl\u0131\u011f\u0131n yarar\u0131na olan her t\u00fcrl\u00fc faaliyeti destekleyerek yard\u0131mc\u0131 olmaktan memnuniyet ve gurur duyuyoruz.<\/p><p>Muhammed\u00ee olman\u0131n bir gere\u011fi olarak, yery\u00fcz\u00fcndeki insan haklar\u0131 ihlalleri, yoksulluk, \u0131rk, cinsiyet, inan\u00e7, mezhep, b\u00f6lge vb. ayr\u0131mc\u0131l\u0131k d\u00fc\u015f\u00fcncesine kar\u015f\u0131 m\u00fccadele ediyor ve sivil toplum kurulu\u015flar\u0131na destek veriyoruz. Ayr\u0131ca yard\u0131ma muhta\u00e7 \u00f6\u011frenci, \u015fehit ailesi, fakir, sakat, ya\u015fl\u0131, kimsesiz ve ma\u011fdur insanlara ayn\u00ee, nakd\u00ee, t\u0131bb\u00ee ve e\u011fitim sahas\u0131nda yard\u0131mda bulunarak s\u0131\u011f\u0131nak, bar\u0131nak ve ara\u00e7 temini ger\u00e7ekle\u015ftiriyoruz.<\/p><p>Alperenlik t\u00f6resinin kayna\u011f\u0131 Horasan erk\u00e2n\u0131n\u0131 rehber edinenler olarak <strong>Hazreti Muhammed Mustafa (sav)<\/strong> Efendimizin \u00c2l-i Ab\u00e2\u2019s\u0131n\u0131n izinden gitmeye gayret ediyor, \u201c\u0130nsan\u0131 ya\u015fat ki devlet ya\u015fas\u0131n\u201d diye buyuran irfan gelene\u011finin, \u201cHer kim bu kap\u0131ya gelirse ekme\u011fini veriniz ve inanc\u0131n\u0131 sormay\u0131n\u0131z. Zira Ulu Allah\u2019\u0131n kat\u0131nda ruh ta\u015f\u0131maya lay\u0131k olan herkes Ebu\u2019l-Hasan\u2019\u0131n sofras\u0131nda ekmek yeme\u011fe de lay\u0131kt\u0131r\u201d diyen Ebu\u2019l-Hasan Harakani (ks) ve daha nice Horasan Yolu b\u00fcy\u00fc\u011f\u00fcn\u00fcn usul ve erk\u00e2n\u0131n\u0131 d\u00fc\u015f\u00fcnce ve aksiyonlar\u0131m\u0131z\u0131n merkezine koyarak faaliyetlerimizi ve halkam\u0131z\u0131 her ge\u00e7en g\u00fcn geni\u015fletip geli\u015ftirmek i\u00e7in gayret etmekteyiz.<\/p><p>\u00a0<\/p><p><strong>Cenab-\u0131 Hakk\u2019tan zafer niyaz ederiz.\u00a0\u00a0<\/strong><\/p>\t\t\t\t\t\t\t\t<\/div>\n\t\t\t\t\t<\/div>\n\t\t<\/div>\n\t\t\t\t\t<\/div>\n\t\t<\/section>\n\t\t\t\t<\/div>\n\t\t","protected":false},"excerpt":{"rendered":"<p>Hakk\u0131m\u0131zda Ali Aba Horasan Yolu E\u011fitim K\u00fclt\u00fcr Sosyal Yard\u0131mla\u015fma Derne\u011fi olarak, Horasan Yolu erk\u00e2n\u0131n\u0131n b\u00fct\u00fcn insanl\u0131k taraf\u0131ndan i\u00e7selle\u015ftirilmesi i\u00e7in \u00e7aba g\u00f6stermek ad\u0131na insanl\u0131\u011fa hizmet etmek amac\u0131yla kurulduk. T\u00fcm faaliyetlerimizin Allah [&hellip;]<\/p>\n","protected":false},"author":1,"featured_media":0,"parent":0,"menu_order":0,"comment_status":"closed","ping_status":"closed","template":"","meta":{"give_campaign_id":0,"footnotes":""},"class_list":["post-14378","page","type-page","status-publish","hentry"],"campaignId":"","_links":{"self":[{"href":"https:\/\/horasan.dijitalpiksel.com\/index.php?rest_route=\/wp\/v2\/pages\/14378","targetHints":{"allow":["GET"]}}],"collection":[{"href":"https:\/\/horasan.dijitalpiksel.com\/index.php?rest_route=\/wp\/v2\/pages"}],"about":[{"href":"https:\/\/horasan.dijitalpiksel.com\/index.php?rest_route=\/wp\/v2\/types\/page"}],"author":[{"embeddable":true,"href":"https:\/\/horasan.dijitalpiksel.com\/index.php?rest_route=\/wp\/v2\/users\/1"}],"replies":[{"embeddable":true,"href":"https:\/\/horasan.dijitalpiksel.com\/index.php?rest_route=%2Fwp%2Fv2%2Fcomments&post=14378"}],"version-history":[{"count":7,"href":"https:\/\/horasan.dijitalpiksel.com\/index.php?rest_route=\/wp\/v2\/pages\/14378\/revisions"}],"predecessor-version":[{"id":15116,"href":"https:\/\/horasan.dijitalpiksel.com\/index.php?rest_route=\/wp\/v2\/pages\/14378\/revisions\/15116"}],"wp:attachment":[{"href":"https:\/\/horasan.dijitalpiksel.com\/index.php?rest_route=%2Fwp%2Fv2%2Fmedia&parent=14378"}],"curies":[{"name":"wp","href":"https:\/\/api.w.org\/{rel}","templated":true}]}}